{"id":3009,"date":"2022-08-28T11:08:19","date_gmt":"2022-08-28T11:08:19","guid":{"rendered":"https:\/\/menagers-holding.fr\/?post_type=product&#038;p=3009"},"modified":"2025-09-21T04:31:34","modified_gmt":"2025-09-21T04:31:34","slug":"minimotors-dualtron-mini-52v-13-ah-1000-w","status":"publish","type":"product","link":"https:\/\/menagers-holding.fr\/?product=minimotors-dualtron-mini-52v-13-ah-1000-w","title":{"rendered":"Minimotors Dualtron Mini 52V 13 AH &#8211; 1000 W"},"content":{"rendered":"<div id=\"product_description\" class=\"product_bloc_aside product_bloc_description\">\n<div class=\"product_bloc_content bloc ombre font-2\">\n<div class=\"columns\">\n<div><b>La trottinette \u00e9lectrique\u00a0<\/b>\u00a0<b>Minimotors\u00a0DUALTRON MINI 13A NOIRE<\/b>\u00a0se caract\u00e9rise par\u00a0<b>\u00a0son ergonomie, son \u00e9l\u00e9gance et son autonomie<\/b>\u00a0.<\/div>\n<div><\/div>\n<div><b>Sp\u00e9cialement adapt\u00e9e aux trajets prolong\u00e9s<\/b>, elle vous permet de\u00a0\u00a0<b>parcourir jusqu&rsquo;\u00e0 40 km<\/b>\u00a0\u00e0\u00a0\u00a0<b>une vitesse maximale sur voie priv\u00e9e de 45 km\/h<\/b>\u00a0(vitesse brid\u00e9e 25 km\/h). Ce mod\u00e8le est \u00e9quip\u00e9\u00a0\u00a0<b>d&rsquo;un moteur performant de 1000 W<\/b>, alli\u00e9 \u00e0\u00a0\u00a0<b>une batterie lithium-ion de 52 Volts, 13000 mAh, rechargeable en 8 heures<\/b>.<br \/>\nVous pouvez grimper rapidement des\u00a0<b>pentes de 20\u00b0 maximum<\/b>, sans aucun effort.<\/div>\n<div>\n<p>Enfin,\u00a0\u00a0<b>la Minimotors<\/b>\u00a0<b>\u00a0DUALTRON MINI 13A NOIRE\u00a0<\/b>vous garantit\u00a0<b>\u00a0une conduite ais\u00e9e\u00a0<\/b>avec\u00a0<b>\u00a0une acc\u00e9l\u00e9ration et un ralentissement progressifs.\u00a0<\/b>Vos d\u00e9placements quotidiens et urbains seront ainsi facilit\u00e9s.<\/p>\n<div>Gr\u00e2ce \u00e0 ses\u00a0<b>roues de 9&Prime;\u00a0<\/b>\u00e9quip\u00e9es de\u00a0<b>pneus gonflables<\/b>, les pav\u00e9s et imperfections de la route ne seront plus un probl\u00e8me.<\/div>\n<div>Ses\u00a0<b>suspensions avant\/arri\u00e8re<\/b>, son\u00a0<b>frein EABS<\/b>\u00a0et son\u00a0<b>frein \u00e0 tambour arri\u00e8re<\/b>\u00a0vous garantissent des d\u00e9placements ma\u00eetris\u00e9s et s\u00e9curis\u00e9s avec un arr\u00eat rapide sans perte d&rsquo;\u00e9quilibre. De plus, elle dispose d&rsquo;un\u00a0<b>\u00e9clairage arri\u00e8re \u00e0 2 phares LED<\/b>, ainsi qu&rsquo;un\u00a0<b>feu de freinage<\/b>, pour une utilisation dans des situations de faible luminosit\u00e9 ou de nuit.<\/div>\n<\/div>\n<div><\/div>\n<div>\n<div><u><b>Norme d&rsquo;\u00e9tanch\u00e9it\u00e9 IP54\u00a0\u00a0<\/b><\/u>:\u00a0<b>Protection contre les poussi\u00e8res et les projections d\u2019eau.\u00a0<\/b><\/div>\n<div><b>\u00a0<\/b><\/div>\n<div><b><i>Attention \u00e0 bien adapter votre usage au niveau d\u2019\u00e9tanch\u00e9it\u00e9 de votre trottinette<\/i>.<\/b><\/div>\n<\/div>\n<\/div>\n<\/div>\n<\/div>\n<div id=\"product_caracteristics\" class=\"product_bloc_aside product_bloc_caracteristics\">\n<div id=\"test\"><\/div>\n<div>\n<h2 class=\"product_bloc_aside_title font-2\">CARACT\u00c9RISTIQUES<\/h2>\n<\/div>\n<div class=\"product_bloc_content bloc ombre \">\n<table class=\"font-2\">\n<caption class=\"caption_hidden\">Caract\u00e9ristiques<\/caption>\n<tbody>\n<tr class=\"odd\">\n<th scope=\"row\">Puissance moteur nominale<\/th>\n<td class=\"font-2-b\">\n<ul class=\"characteristics\">\n<li class=\"\">1000 W<\/li>\n<\/ul>\n<\/td>\n<\/tr>\n<tr class=\"\">\n<th scope=\"row\">Vitesse maximale brid\u00e9e<\/th>\n<td class=\"font-2-b\">\n<ul class=\"characteristics\">\n<li class=\"\">25 Km\/h<\/li>\n<\/ul>\n<\/td>\n<\/tr>\n<tr class=\"odd\">\n<th scope=\"row\">Pente maximale<\/th>\n<td class=\"font-2-b\">\n<ul class=\"characteristics\">\n<li class=\"\">20 \u00b0<\/li>\n<\/ul>\n<\/td>\n<\/tr>\n<tr class=\"\">\n<th scope=\"row\">Autonomie maximale<\/th>\n<td class=\"font-2-b\">\n<ul class=\"characteristics\">\n<li class=\"\">40 km<\/li>\n<\/ul>\n<\/td>\n<\/tr>\n<tr class=\"odd\">\n<th scope=\"row\">Temps de charge de la batterie<\/th>\n<td class=\"font-2-b\">\n<ul class=\"characteristics\">\n<li class=\"\">7 H<\/li>\n<\/ul>\n<\/td>\n<\/tr>\n<tr class=\"\">\n<th scope=\"row\">Batterie<\/th>\n<td class=\"font-2-b\">\n<ul class=\"characteristics\">\n<li class=\"\">Capacit\u00e9 : 13000 mAh<\/li>\n<\/ul>\n<\/td>\n<\/tr>\n<tr class=\"odd\">\n<th scope=\"row\">Pliable<\/th>\n<td class=\"font-2-b\">\n<ul class=\"characteristics\">\n<li class=\"\">Oui<\/li>\n<\/ul>\n<\/td>\n<\/tr>\n<tr class=\"\">\n<th scope=\"row\">Diam\u00e8tre maximal de roue<\/th>\n<td class=\"font-2-b\">\n<ul class=\"characteristics\">\n<li class=\"\">9 \u00a0\u00bb<\/li>\n<\/ul>\n<\/td>\n<\/tr>\n<tr class=\"odd\">\n<th scope=\"row\">Poids<\/th>\n<td class=\"font-2-b\">\n<ul class=\"characteristics\">\n<li class=\"\">22 kg<\/li>\n<\/ul>\n<\/td>\n<\/tr>\n<tr class=\"\">\n<th scope=\"row\">Charge maximale support\u00e9e<\/th>\n<td class=\"font-2-b\">\n<ul class=\"characteristics\">\n<li class=\"\">100 kg<\/li>\n<\/ul>\n<\/td>\n<\/tr>\n<tr class=\"odd\">\n<th scope=\"row\">Disponibilit\u00e9 des pi\u00e8ces d\u00e9tach\u00e9es<\/th>\n<td class=\"font-2-b\">\n<ul class=\"characteristics\">\n<li class=\"\">3 ans<\/li>\n<\/ul>\n<\/td>\n<\/tr>\n<tr class=\"\">\n<th scope=\"row\">R\u00e9f<\/th>\n<td class=\"font-2-b\">\n<ul class=\"characteristics\">\n<li class=\"\">48EMP043MP25<\/li>\n<\/ul>\n<\/td>\n<\/tr>\n<\/tbody>\n<\/table>\n<\/div>\n<\/div>\n<p>**Points forts :** Fiabilit\u00e9, praticit\u00e9 et prix abordable.<br \/>\n**Pourquoi choisir ce produit ?** Convient \u00e0 divers besoins du quotidien.<\/p>\n","protected":false},"excerpt":{"rendered":"<ul class=\"product_details_items font-2-l\">\n<li>EAN: 3701122101145<\/li>\n<li class=\"product_details_item\">Vitesse maximale sur voie priv\u00e9e 45 km\/h<\/li>\n<li class=\"product_details_item\">Poids maximal support\u00e9 100 kg<\/li>\n<li class=\"product_details_item\">Batterie 52V &#8211; 13 Ah<\/li>\n<li class=\"product_details_item\">Autonomie de 40 km &#8211; Norme d&rsquo;\u00e9tanch\u00e9it\u00e9 IP54<\/li>\n<li>Disponible en stock<\/li>\n<li>D\u00e9lai de livraison 48 heures<\/li>\n<\/ul>\n<p> Fiable et adapt\u00e9 \u00e0 vos besoins quotidiens.<\/p>\n","protected":false},"featured_media":3010,"comment_status":"closed","ping_status":"closed","template":"","meta":[],"product_brand":[],"product_cat":[163],"product_tag":[],"class_list":{"0":"post-3009","1":"product","2":"type-product","3":"status-publish","6":"product_cat-trottinette-electrique","8":"first","9":"instock","10":"sale","11":"taxable","12":"shipping-taxable","13":"purchasable","14":"product-type-simple"},"_links":{"self":[{"href":"https:\/\/menagers-holding.fr\/index.php?rest_route=\/wp\/v2\/product\/3009","targetHints":{"allow":["GET"]}}],"collection":[{"href":"https:\/\/menagers-holding.fr\/index.php?rest_route=\/wp\/v2\/product"}],"about":[{"href":"https:\/\/menagers-holding.fr\/index.php?rest_route=\/wp\/v2\/types\/product"}],"replies":[{"embeddable":true,"href":"https:\/\/menagers-holding.fr\/index.php?rest_route=%2Fwp%2Fv2%2Fcomments&post=3009"}],"wp:featuredmedia":[{"embeddable":true,"href":"https:\/\/menagers-holding.fr\/index.php?rest_route=\/wp\/v2\/media\/3010"}],"wp:attachment":[{"href":"https:\/\/menagers-holding.fr\/index.php?rest_route=%2Fwp%2Fv2%2Fmedia&parent=3009"}],"wp:term":[{"taxonomy":"product_brand","embeddable":true,"href":"https:\/\/menagers-holding.fr\/index.php?rest_route=%2Fwp%2Fv2%2Fproduct_brand&post=3009"},{"taxonomy":"product_cat","embeddable":true,"href":"https:\/\/menagers-holding.fr\/index.php?rest_route=%2Fwp%2Fv2%2Fproduct_cat&post=3009"},{"taxonomy":"product_tag","embeddable":true,"href":"https:\/\/menagers-holding.fr\/index.php?rest_route=%2Fwp%2Fv2%2Fproduct_tag&post=3009"}],"curies":[{"name":"wp","href":"https:\/\/api.w.org\/{rel}","templated":true}]}}