{"id":3002,"date":"2022-08-28T10:58:31","date_gmt":"2022-08-28T10:58:31","guid":{"rendered":"https:\/\/menagers-holding.fr\/?post_type=product&#038;p=3002"},"modified":"2025-09-24T05:46:55","modified_gmt":"2025-09-24T05:46:55","slug":"trottinette-electrique-cross-1000w-viron-motors-noir","status":"publish","type":"product","link":"https:\/\/menagers-holding.fr\/?product=trottinette-electrique-cross-1000w-viron-motors-noir","title":{"rendered":"Trottinette Electrique CROSS 1000W &#8211; VIRON MOTORS NOIR"},"content":{"rendered":"<p><strong>Trottinette Electrique CROSS 1000W VIRON MOTORS<\/strong><\/p>\n<p><span class=\"hps\">La\u00a0<strong>trottinette\u00a0<\/strong><strong>\u00e9lectrique\u00a0adulte<\/strong>\u00a0<span class=\"hps atn\">\u00ab\u00a0<\/span>VIRON\u00a0\u00bb\u00a0est \u00e9quip\u00e9e d&rsquo;un\u00a0moteur \u00e9lectrique\u00a0de 1000 watts.\u00a0La batterie\u00a0de\u00a036\u00a0volts\u00a0est\u00a0compos\u00e9e de trois<\/span><\/p>\n<ul>\n<li><span id=\"result_box\" lang=\"fr\"><span class=\"hps\"><strong>Moteur<\/strong>\u00a0:<\/span>\u00a0<span class=\"hps\">puissance 1000<\/span>\u00a0<span class=\"hps\">W<\/span><\/span><\/li>\n<li><strong><span class=\"hps\">Batterie<\/span><\/strong>:\u00a0<span class=\"hps\">36V avec 3 batteries de 12<\/span>\u00a0<span class=\"hps\">\/<\/span>\u00a0<span class=\"hps\">12 Ah<\/span><\/li>\n<li><strong><span class=\"hps\">Vitesses<\/span><\/strong>: r\u00e9glable\u00a0<span class=\"hps\">par<\/span>\u00a0<span class=\"hps\">s\u00e9lecteur:\u00a0<\/span><span class=\"hps\">5 km\/h ou 32 km\/h maxi<\/span><\/li>\n<li><strong><span class=\"hps\">Autonomie\u00a0<\/span><\/strong>: environ 15\/20 km (selon poids du conducteur, rev\u00eatement et configuration avec vitesse moyenne de 15 km\/h en continu)<\/li>\n<li><strong><span class=\"hps\">Frein avant et arri\u00e8re:<\/span><\/strong><span class=\"hps\">\u00a0disques<\/span><\/li>\n<li><strong><span class=\"hps\">Amortisseur avant<\/span><\/strong>\u00a0:\u00a0<span class=\"hps\">fourche \u00e0 ressort<\/span><\/li>\n<li><strong><span class=\"hps\">Amortisseur arri\u00e8re\u00a0<\/span><\/strong>:\u00a0<span class=\"hps\">double ressort<\/span><\/li>\n<li><span class=\"hps\"><strong>Pneu avant tout terrain<\/strong>\u00a0:<\/span>\u00a0<span id=\"result_box\" lang=\"fr\"><span class=\"hps atn\">10\u00a0<\/span>pouce<\/span><\/li>\n<li><strong><span class=\"hps\">Pneu arri\u00e8re tout terrain<\/span><\/strong>\u00a0:\u00a0<span id=\"result_box\" lang=\"fr\"><span class=\"hps atn\">10\u00a0<\/span>pouces<\/span><\/li>\n<li><strong><span class=\"hps\">Dimensions\u00a0<\/span><\/strong>:\u00a0<span id=\"result_box\" lang=\"fr\"><span class=\"hps\">132<\/span>\u00a0<span class=\"hps\">x 25<\/span>\u00a0<span class=\"hps\">x<\/span>\u00a0<span class=\"hps\">114<\/span>\u00a0<span class=\"hps\">cm<\/span>\u00a0<span class=\"hps atn\">(<\/span>L x l x H)<\/span><\/li>\n<li><strong><span class=\"hps\">Largeur<\/span>\u00a0<span class=\"hps\">du guidon\u00a0<\/span><\/strong>:\u00a0<span class=\"hps\">63<\/span>\u00a0<span class=\"hps\">cm<\/span><\/li>\n<li><span class=\"hps\"><span id=\"result_box\" lang=\"fr\"><strong>Hauteur de selle\u00a0<\/strong>:\u00a0<span class=\"hps atn\">r\u00e9glable (<\/span>80-94\u00a0cm)<\/span><\/span><\/li>\n<li><span id=\"result_box\" lang=\"fr\"><strong><span class=\"hps\">Poids \u00e0 vide<\/span><\/strong>\u00a0:\u00a0<span class=\"hps\">38 kg<\/span><\/span><\/li>\n<\/ul>\n<p><span class=\"hps\">batteries de 12 volts\u00a012 Ah. Avec\u00a0une charge\u00a0de\u00a0batterie compl\u00e8te, et en fonction du terrain, la trottinette\u00a0dispose d&rsquo;une autonomie allant jusqu&rsquo;\u00e0\u00a030 kilom\u00e8tres<\/span><span class=\"hps\">\u00a0(bien \u00e9videmment il s&rsquo;agit d&rsquo;une autonomie maximum qui d\u00e9pend du poids du conducteur, du type de rev\u00eatement et de la configuration de la route et en respectant une vitesse moyenne \u00e9conomique de 15 km\/h).\u00a0Le temps de charge\u00a0de la batterie\u00a0est avec le chargeur fourni d&rsquo;environ\u00a06-7\u00a0heures.<\/span><\/p>\n<div id=\"idTab1\" class=\"rte ng-scope\" align=\"justify\">\n<ul>\n<li><span id=\"result_box\" lang=\"fr\"><span class=\"hps\"><strong>Moteur<\/strong>\u00a0:<\/span>\u00a0<span class=\"hps\">puissance 1000<\/span>\u00a0<span class=\"hps\">W<\/span><\/span><\/li>\n<li><strong><span class=\"hps\">Batterie<\/span><\/strong>:\u00a0<span class=\"hps\">36V avec 3 batteries de 12<\/span>\u00a0<span class=\"hps\">\/<\/span>\u00a0<span class=\"hps\">12 Ah<\/span><\/li>\n<li><strong><span class=\"hps\">Vitesses<\/span><\/strong>: r\u00e9glable\u00a0<span class=\"hps\">par<\/span>\u00a0<span class=\"hps\">s\u00e9lecteur:\u00a0<\/span><span class=\"hps\">5 km\/h ou 32 km\/h maxi<\/span><\/li>\n<li><strong><span class=\"hps\">Autonomie\u00a0<\/span><\/strong>: environ 15\/20 km (selon poids du conducteur, rev\u00eatement et configuration avec vitesse moyenne de 15 km\/h en continu)<\/li>\n<li><strong><span class=\"hps\">Frein avant et arri\u00e8re:<\/span><\/strong><span class=\"hps\">\u00a0disques<\/span><\/li>\n<li><strong><span class=\"hps\">Amortisseur avant<\/span><\/strong>\u00a0:\u00a0<span class=\"hps\">fourche \u00e0 ressort<\/span><\/li>\n<li><strong><span class=\"hps\">Amortisseur arri\u00e8re\u00a0<\/span><\/strong>:\u00a0<span class=\"hps\">double ressort<\/span><\/li>\n<li><span class=\"hps\"><strong>Pneu avant tout terrain<\/strong>\u00a0:<\/span>\u00a0<span id=\"result_box\" lang=\"fr\"><span class=\"hps atn\">10\u00a0<\/span>pouce<\/span><\/li>\n<li><strong><span class=\"hps\">Pneu arri\u00e8re tout terrain<\/span><\/strong>\u00a0:\u00a0<span id=\"result_box\" lang=\"fr\"><span class=\"hps atn\">10\u00a0<\/span>pouces<\/span><\/li>\n<li><strong><span class=\"hps\">Dimensions\u00a0<\/span><\/strong>:\u00a0<span id=\"result_box\" lang=\"fr\"><span class=\"hps\">132<\/span>\u00a0<span class=\"hps\">x 25<\/span>\u00a0<span class=\"hps\">x<\/span>\u00a0<span class=\"hps\">114<\/span>\u00a0<span class=\"hps\">cm<\/span>\u00a0<span class=\"hps atn\">(<\/span>L x l x H)<\/span><\/li>\n<li><strong><span class=\"hps\">Largeur<\/span>\u00a0<span class=\"hps\">du guidon\u00a0<\/span><\/strong>:\u00a0<span class=\"hps\">63<\/span>\u00a0<span class=\"hps\">cm<\/span><\/li>\n<li><span class=\"hps\"><span id=\"result_box\" lang=\"fr\"><strong>Hauteur de selle\u00a0<\/strong>:\u00a0<span class=\"hps atn\">r\u00e9glable (<\/span>80-94\u00a0cm)<\/span><\/span><\/li>\n<li><span id=\"result_box\" lang=\"fr\"><strong><span class=\"hps\">Poids \u00e0 vide<\/span><\/strong>\u00a0:\u00a0<span class=\"hps\">38 kg<\/span><\/span><\/li>\n<li>Attention: \u00e0 utiliser sous la surveillance d&rsquo;un adulte<\/li>\n<li>A utiliser avec \u00e9quipements de protection.<\/li>\n<li><strong><em>ATTENTION :<\/em><\/strong><strong>\u00a0<\/strong>V\u00e9hicule\u00a0non homologu\u00e9 sur la voie publique. Utilisation\u00a0uniquement en route priv\u00e9e\u00a0!. Age conseill\u00e9 \u00e0 partir de 14 ans.<\/li>\n<\/ul>\n<\/div>\n<p class=\"ng-scope\" align=\"justify\"><strong>Fourni avec ce mod\u00e8le :<\/strong><\/p>\n<div class=\"ng-scope\" align=\"justify\">\n<ul>\n<li>1 x batterie 36V<\/li>\n<li>1 x si\u00e8ge r\u00e9glable<\/li>\n<li>2 x cl\u00e9 de contact<\/li>\n<li>1 x chargeur<\/li>\n<li>1 x outil<\/li>\n<li>1 x manuel d&rsquo;utilisation<\/li>\n<\/ul>\n<\/div>\n<p class=\"ng-scope\" align=\"justify\">La batterie<\/p>\n<p class=\"ng-scope\" align=\"justify\">Cette trottinette Viron est \u00e9quip\u00e9e avec 3 batteries plomb de 12V 12 Ah. Certes un peu lourdes par rapport aux batteries de nouvelle g\u00e9n\u00e9ration (technologie Lithium notamment), elles sont fabriqu\u00e9es et utilis\u00e9es depuis de nombreuses ann\u00e9es, leur technologie est donc \u00e9prouv\u00e9e et elles restent des batteries fiables qui peuvent disposer d&rsquo;une dur\u00e9e de vie tout \u00e0 fait remarquable, sous peu qu&rsquo;on respecte certaines consignes:<\/p>\n<p class=\"ng-scope\" align=\"justify\">&#8211; Charger compl\u00e9tement les batteries lors des 3\/4 premiers cycles.<\/p>\n<p class=\"ng-scope\" align=\"justify\">&#8211; Charger de pr\u00e9f\u00e9rence les batteries d\u00e8s que l&rsquo;indicateur led au guidon passe en orange.<\/p>\n<p class=\"ng-scope\" align=\"justify\">&#8211; Charger les batteries tous les 15 jours quand elle n&rsquo;est pas utilis\u00e9e.<\/p>\n<p class=\"ng-scope\" align=\"justify\">&#8211; Ne pas utiliser la trottinette apr\u00e8s la charge de la batterie quand la batterie est chaude (la laisser refroidir).<\/p>\n<p class=\"ng-scope\" align=\"justify\">&#8211; En cas de non utilisation, les recharger tous les mois (elles peuvent se d\u00e9charger d&rsquo;environ 1% par jour, voir un peu plus en cas de temp\u00e9ratures fra\u00eeches).<\/p>\n<p class=\"ng-scope\" align=\"justify\">De plus, elles ont l&rsquo;avantage d&rsquo;\u00eatre sans effet m\u00e9moire: il n&rsquo;est pas n\u00e9cessaire de les d\u00e9charger totalement avant de les recharger. Recyclables \u00e0 90%, elles demeurent utilis\u00e9es dans de nombreux domaines.<\/p>\n<p class=\"ng-scope\" align=\"justify\">Attention, s&rsquo;agissant d&rsquo;une trottinette \u00e9lectrique, il est d\u00e9conseill\u00e9 de l&rsquo;utiliser par temps de pluie forte et bien \u00e9videmment de traverser les flaques d&rsquo;eau avec. Les batteries, bien que prot\u00e9g\u00e9es dans un sac en nylon cordura, restent sensibles \u00e0 l&rsquo;humidit\u00e9.<\/p>\n<p class=\"ng-scope\" align=\"justify\">Garantie<\/p>\n<p><span class=\"ng-scope\">La trottinette tout terrain est garantie 3 ans, hors pi\u00e8ces d&rsquo;usure (plaquettes de frein et pneus) et hors batteries (garantie 1 ans )<\/span><\/p>\n<p>**Points forts :** Fiabilit\u00e9, praticit\u00e9 et prix abordable.<br \/>\n**Pourquoi choisir ce produit ?** Convient \u00e0 divers besoins du quotidien.<\/p>\n","protected":false},"excerpt":{"rendered":"<ul>\n<li><span id=\"result_box\" lang=\"fr\"><span class=\"hps\"><strong>Moteur<\/strong>\u00a0:<\/span>\u00a0<span class=\"hps\">puissance 1000<\/span>\u00a0<span class=\"hps\">W<\/span><\/span><\/li>\n<li><strong><span class=\"hps\">Batterie<\/span><\/strong>:\u00a0<span class=\"hps\">36V avec 3 batteries de 12<\/span>\u00a0<span class=\"hps\">\/<\/span>\u00a0<span class=\"hps\">12 Ah<\/span><\/li>\n<li><strong><span class=\"hps\">Vitesses<\/span><\/strong>: r\u00e9glable\u00a0<span class=\"hps\">par<\/span>\u00a0<span class=\"hps\">s\u00e9lecteur:\u00a0<\/span><span class=\"hps\">5 km\/h ou 32 km\/h maxi<\/span><\/li>\n<li><strong><span class=\"hps\">Autonomie\u00a0<\/span><\/strong>: environ 15\/20 km (selon poids du conducteur, rev\u00eatement et configuration avec vitesse moyenne de 15 km\/h en continu)<\/li>\n<li><strong><span class=\"hps\">Frein avant et arri\u00e8re:<\/span><\/strong><span class=\"hps\">\u00a0disques<\/span><\/li>\n<li><strong><span class=\"hps\">Amortisseur avant<\/span><\/strong>\u00a0:\u00a0<span class=\"hps\">fourche \u00e0 ressort<\/span><\/li>\n<li><strong><span class=\"hps\">Amortisseur arri\u00e8re\u00a0<\/span><\/strong>:\u00a0<span class=\"hps\">double ressort<\/span><\/li>\n<li><span class=\"hps\"><strong>Pneu avant tout terrain<\/strong>\u00a0:<\/span>\u00a0<span id=\"result_box\" lang=\"fr\"><span class=\"hps atn\">10\u00a0<\/span>pouce<\/span><\/li>\n<li><strong><span class=\"hps\">Pneu arri\u00e8re tout terrain<\/span><\/strong>\u00a0:\u00a0<span id=\"result_box\" lang=\"fr\"><span class=\"hps atn\">10\u00a0<\/span>pouces<\/span><\/li>\n<li><strong><span class=\"hps\">Dimensions\u00a0<\/span><\/strong>:\u00a0<span id=\"result_box\" lang=\"fr\"><span class=\"hps\">132<\/span>\u00a0<span class=\"hps\">x 25<\/span>\u00a0<span class=\"hps\">x<\/span>\u00a0<span class=\"hps\">114<\/span>\u00a0<span class=\"hps\">cm<\/span>\u00a0<span class=\"hps atn\">(<\/span>L x l x H)<\/span><\/li>\n<li><strong><span class=\"hps\">Largeur<\/span>\u00a0<span class=\"hps\">du guidon\u00a0<\/span><\/strong>:\u00a0<span class=\"hps\">63<\/span>\u00a0<span class=\"hps\">cm<\/span><\/li>\n<li><span class=\"hps\"><span id=\"result_box\" lang=\"fr\"><strong>Hauteur de selle\u00a0<\/strong>:\u00a0<span class=\"hps atn\">r\u00e9glable (<\/span>80-94\u00a0cm)<\/span><\/span><\/li>\n<li><span id=\"result_box\" lang=\"fr\"><strong><span class=\"hps\">Poids \u00e0 vide<\/span><\/strong>\u00a0:\u00a0<span class=\"hps\">38 kg<\/span><\/span><\/li>\n<li>Disponible en stock<\/li>\n<li>D\u00e9lai de livraison gratuite en 48 heures<\/li>\n<li>R\u00e9f: 252EMP22854MP910<\/li>\n<\/ul>\n<p>Fiable et adapt\u00e9 \u00e0 vos besoins quotidiens.<\/p>\n","protected":false},"featured_media":5061,"comment_status":"closed","ping_status":"closed","template":"","meta":[],"product_brand":[],"product_cat":[163],"product_tag":[],"class_list":{"0":"post-3002","1":"product","2":"type-product","3":"status-publish","6":"product_cat-trottinette-electrique","8":"first","9":"instock","10":"sale","11":"taxable","12":"shipping-taxable","13":"purchasable","14":"product-type-simple"},"_links":{"self":[{"href":"https:\/\/menagers-holding.fr\/index.php?rest_route=\/wp\/v2\/product\/3002","targetHints":{"allow":["GET"]}}],"collection":[{"href":"https:\/\/menagers-holding.fr\/index.php?rest_route=\/wp\/v2\/product"}],"about":[{"href":"https:\/\/menagers-holding.fr\/index.php?rest_route=\/wp\/v2\/types\/product"}],"replies":[{"embeddable":true,"href":"https:\/\/menagers-holding.fr\/index.php?rest_route=%2Fwp%2Fv2%2Fcomments&post=3002"}],"wp:featuredmedia":[{"embeddable":true,"href":"https:\/\/menagers-holding.fr\/index.php?rest_route=\/wp\/v2\/media\/5061"}],"wp:attachment":[{"href":"https:\/\/menagers-holding.fr\/index.php?rest_route=%2Fwp%2Fv2%2Fmedia&parent=3002"}],"wp:term":[{"taxonomy":"product_brand","embeddable":true,"href":"https:\/\/menagers-holding.fr\/index.php?rest_route=%2Fwp%2Fv2%2Fproduct_brand&post=3002"},{"taxonomy":"product_cat","embeddable":true,"href":"https:\/\/menagers-holding.fr\/index.php?rest_route=%2Fwp%2Fv2%2Fproduct_cat&post=3002"},{"taxonomy":"product_tag","embeddable":true,"href":"https:\/\/menagers-holding.fr\/index.php?rest_route=%2Fwp%2Fv2%2Fproduct_tag&post=3002"}],"curies":[{"name":"wp","href":"https:\/\/api.w.org\/{rel}","templated":true}]}}