{"id":2997,"date":"2022-08-28T10:48:17","date_gmt":"2022-08-28T10:48:17","guid":{"rendered":"https:\/\/menagers-holding.fr\/?post_type=product&#038;p=2997"},"modified":"2025-09-21T04:31:34","modified_gmt":"2025-09-21T04:31:34","slug":"xiaomi-m365-mi-250w-noir","status":"publish","type":"product","link":"https:\/\/menagers-holding.fr\/?product=xiaomi-m365-mi-250w-noir","title":{"rendered":"Xiaomi M365 Mi 250W Noir"},"content":{"rendered":"<section id=\"Characteristics\" class=\"f-productLayerGrid__section js-productSection fa-strate-properties\" data-strate-type=\"Characteristics\" data-strate-async=\"false\" data-strate-url=\"\/Nav\/API\/Article\/GetStrate?prid=12546064&amp;catalogRef=1&amp;strateType=Characteristics\" data-automation-id=\"characteristics-layer-block\">\n<div class=\"f-productLayerGrid__col\">\n<div class=\"f-productLayer\">\n<div id=\"73e06488-e901-4400-b91f-7aa731856f3e\" class=\"f-productLayer__body f-productProperties\">\n<div class=\"f-productLayer__container f-productProperties__container\" data-automation-id=\"simple-characteristics-content-block\">\n<div class=\"js-Expander expander expander--hasIcon collapsed\" data-automation-button=\"expand-characteristics-content-button\" data-automation-content=\"expand-characteristics-content\">\n<div class=\"expander__content\" data-automation-id=\"expand-characteristics-content\" aria-expanded=\"true\">\n<div class=\"f-productProperties__columns\">\n<div class=\"f-productProperties__col\">\n<dl class=\"f-productProperties__item\">\n<dt class=\"f-productProperties__term\">Puissance moteur nominale<\/dt>\n<dd class=\"f-productProperties__definition\">250 Watts<\/dd>\n<\/dl>\n<dl class=\"f-productProperties__item\">\n<dt class=\"f-productProperties__term\">Vitesse maximale brid\u00e9e<\/dt>\n<dd class=\"f-productProperties__definition\">25 Km\/h<\/dd>\n<\/dl>\n<dl class=\"f-productProperties__item\">\n<dt class=\"f-productProperties__term\">Vitesse maximale sur voie priv\u00e9e<\/dt>\n<dd class=\"f-productProperties__definition\">25 Km\/h<\/dd>\n<\/dl>\n<dl class=\"f-productProperties__item\">\n<dt class=\"f-productProperties__term\">Autonomie maximale<\/dt>\n<dd class=\"f-productProperties__definition\">30 Km<\/dd>\n<\/dl>\n<dl class=\"f-productProperties__item\">\n<dt class=\"f-productProperties__term\">Pliable<\/dt>\n<dd class=\"f-productProperties__definition\">Oui<\/dd>\n<\/dl>\n<dl class=\"f-productProperties__item\">\n<dt class=\"f-productProperties__term\">Diam\u00e8tre maximal de roue<\/dt>\n<dd class=\"f-productProperties__definition\">8,5 \u00ab\u00a0<\/dd>\n<\/dl>\n<dl class=\"f-productProperties__item\">\n<dt class=\"f-productProperties__term\">Coloris<\/dt>\n<dd class=\"f-productProperties__definition\">Noir<\/dd>\n<\/dl>\n<dl class=\"f-productProperties__item\">\n<dt class=\"f-productProperties__term\">Couleur<\/dt>\n<dd class=\"f-productProperties__definition\">Noir<\/dd>\n<\/dl>\n<\/div>\n<div class=\"f-productProperties__col\">\n<dl class=\"f-productProperties__item\">\n<dt class=\"f-productProperties__term\">Dimensions<\/dt>\n<dd class=\"f-productProperties__definition\">108 x 43 x 114 cm<\/dd>\n<\/dl>\n<dl class=\"f-productProperties__item\">\n<dt class=\"f-productProperties__term\">Poids<\/dt>\n<dd class=\"f-productProperties__definition\">12,5 kg<\/dd>\n<\/dl>\n<dl class=\"f-productProperties__item\">\n<dt class=\"f-productProperties__term\">Charge maximale support\u00e9e<\/dt>\n<dd class=\"f-productProperties__definition\">120 Kg<\/dd>\n<\/dl>\n<dl class=\"f-productProperties__item\">\n<dt class=\"f-productProperties__term\">Disponibilit\u00e9 des pi\u00e8ces d\u00e9tach\u00e9es<\/dt>\n<dd class=\"f-productProperties__definition\">5 ANS<\/dd>\n<\/dl>\n<dl class=\"f-productProperties__item  f-productProperties__item--long \">\n<dt class=\"f-productProperties__term\">Caract\u00e9ristiques compl\u00e9mentaires<\/dt>\n<dd class=\"f-productProperties__definition\">Batterie Lithium-ion 7700 mAH ; Pente inclinaison maximale : 14\u00b0 ; 36 V ; Feux avant et feux arri\u00e8re de freinage ; Double syst\u00e8me de freinage ; Statistiques via l&rsquo;application ; Pliable en 3 secondes ; Temps de charge : 5 heures; Niveau de pratique: Tous niveaux; Mati\u00e8re: Alliage d&rsquo;aluminium<\/dd>\n<\/dl>\n<dl class=\"f-productProperties__item\">\n<dt class=\"f-productProperties__term\">Conseils d&rsquo;utilisation<\/dt>\n<dd class=\"f-productProperties__definition\">Il est n\u00e9cessaire de gonfler \u00e0 3.5 bar les pneus afin d&rsquo;\u00e9viter les risques de crevaisons.<\/dd>\n<\/dl>\n<dl class=\"f-productProperties__item\">\n<dt class=\"f-productProperties__term\">R\u00e9f: 900EMP065MP236<\/dt>\n<\/dl>\n<dl class=\"f-productProperties__item\">\n<dt class=\"f-productProperties__term\">EAN: 6970244526823<\/dt>\n<\/dl>\n<\/div>\n<\/div>\n<\/div>\n<div class=\"expander__mask\" data-automation-id=\"expand-characteristics-content-button\"><\/div>\n<\/div>\n<\/div>\n<\/div>\n<\/div>\n<\/div>\n<\/section>\n<section id=\"CustomersAlsoBought\" class=\"f-productLayerGrid__section js-productSection\" data-strate-type=\"CustomersAlsoBought\" data-component-id=\"Suggestion\" data-automation-id=\"customer-also-bought-layer-block\" data-loaded=\"false\">\n<div class=\"f-productLayer \" data-url=\"\/Nav\/API\/Article\/GetStrate?prid=12546064&amp;catalogRef=1&amp;strateType=CustomersAlsoBought\">\n<header class=\"f-productLayer__header\">\n<div class=\"f-productLayer__container\"><\/div>\n<\/header>\n<\/div>\n<\/section>\n<p>**Points forts :** Fiabilit\u00e9, praticit\u00e9 et prix abordable.<br \/>\n**Pourquoi choisir ce produit ?** Convient \u00e0 divers besoins du quotidien.<\/p>\n","protected":false},"excerpt":{"rendered":"<ul class=\"product_details_items font-2-l\">\n<li class=\"product_details_item\">Vitesse maximale de 25km\/h<\/li>\n<li class=\"product_details_item\">Poids maximum support\u00e9 100kg<\/li>\n<li class=\"product_details_item\">Batterie 7800 mAh<\/li>\n<li class=\"product_details_item\">Autonomie jusqu&rsquo;a 30 km<\/li>\n<li>Disponible en stock<\/li>\n<li>D\u00e9lai de livraison 2 \u00e0 3 ans<\/li>\n<li>Disponible en stock<\/li>\n<\/ul>\n<p> Fiable et adapt\u00e9 \u00e0 vos besoins quotidiens.<\/p>\n","protected":false},"featured_media":2998,"comment_status":"closed","ping_status":"closed","template":"","meta":[],"product_brand":[],"product_cat":[163],"product_tag":[],"class_list":{"0":"post-2997","1":"product","2":"type-product","3":"status-publish","6":"product_cat-trottinette-electrique","8":"first","9":"instock","10":"sale","11":"taxable","12":"shipping-taxable","13":"purchasable","14":"product-type-simple"},"_links":{"self":[{"href":"https:\/\/menagers-holding.fr\/index.php?rest_route=\/wp\/v2\/product\/2997","targetHints":{"allow":["GET"]}}],"collection":[{"href":"https:\/\/menagers-holding.fr\/index.php?rest_route=\/wp\/v2\/product"}],"about":[{"href":"https:\/\/menagers-holding.fr\/index.php?rest_route=\/wp\/v2\/types\/product"}],"replies":[{"embeddable":true,"href":"https:\/\/menagers-holding.fr\/index.php?rest_route=%2Fwp%2Fv2%2Fcomments&post=2997"}],"wp:featuredmedia":[{"embeddable":true,"href":"https:\/\/menagers-holding.fr\/index.php?rest_route=\/wp\/v2\/media\/2998"}],"wp:attachment":[{"href":"https:\/\/menagers-holding.fr\/index.php?rest_route=%2Fwp%2Fv2%2Fmedia&parent=2997"}],"wp:term":[{"taxonomy":"product_brand","embeddable":true,"href":"https:\/\/menagers-holding.fr\/index.php?rest_route=%2Fwp%2Fv2%2Fproduct_brand&post=2997"},{"taxonomy":"product_cat","embeddable":true,"href":"https:\/\/menagers-holding.fr\/index.php?rest_route=%2Fwp%2Fv2%2Fproduct_cat&post=2997"},{"taxonomy":"product_tag","embeddable":true,"href":"https:\/\/menagers-holding.fr\/index.php?rest_route=%2Fwp%2Fv2%2Fproduct_tag&post=2997"}],"curies":[{"name":"wp","href":"https:\/\/api.w.org\/{rel}","templated":true}]}}