{"id":2995,"date":"2022-08-28T10:41:34","date_gmt":"2022-08-28T10:41:34","guid":{"rendered":"https:\/\/menagers-holding.fr\/?post_type=product&#038;p=2995"},"modified":"2025-09-21T04:31:34","modified_gmt":"2025-09-21T04:31:34","slug":"xiaomi-essential-fr-mi-electric-scooter-cadenas-fourni","status":"publish","type":"product","link":"https:\/\/menagers-holding.fr\/?product=xiaomi-essential-fr-mi-electric-scooter-cadenas-fourni","title":{"rendered":"XIAOMI Essential FR Mi Electric Scooter Cadenas Fourni"},"content":{"rendered":"<div class=\"product-description-text\">\n<table>\n<tbody>\n<tr>\n<td>Les plus de ce modele<\/td>\n<td><\/td>\n<\/tr>\n<tr>\n<td><\/td>\n<td>Avantages<\/td>\n<td>Double syst\u00e8me de freinage, \u00e9quip\u00e9e d&rsquo;un syst\u00e8me de freinage r\u00e9g\u00e9n\u00e9ratif et \u00e0 disque \u00e0 la roue arri\u00e8re, d&rsquo;un syst\u00e8me E-ABS \u00e0 la roue avant<\/td>\n<\/tr>\n<tr>\n<td>Autonomie de la batterie<\/td>\n<td><\/td>\n<\/tr>\n<tr>\n<td><\/td>\n<td>Type de batterie<\/td>\n<td>Lithium Ion<\/td>\n<\/tr>\n<tr>\n<td><\/td>\n<td>Capacit\u00e9 de la batterie (en Wh)<\/td>\n<td>187<\/td>\n<\/tr>\n<tr>\n<td><\/td>\n<td>Le saviez vous ?<\/td>\n<td>Plus la puissance de la batterie est importante plus la trottinette aura de l&rsquo;autonomie<\/td>\n<\/tr>\n<tr>\n<td><\/td>\n<td>Autonomie<\/td>\n<td>Jusqu&rsquo;\u00e0 20 km<\/td>\n<\/tr>\n<tr>\n<td><\/td>\n<td>Temps de charge<\/td>\n<td>Charge standard (7h)<\/td>\n<\/tr>\n<tr>\n<td>Equipement<\/td>\n<td><\/td>\n<\/tr>\n<tr>\n<td><\/td>\n<td>Avertisseur sonore<\/td>\n<td>Sonnette<\/td>\n<\/tr>\n<tr>\n<td><\/td>\n<td>B\u00e9quille int\u00e9gr\u00e9e<\/td>\n<td>Oui, parfait pour le stationnement<\/td>\n<\/tr>\n<tr>\n<td><\/td>\n<td>Charge maximale support\u00e9e<\/td>\n<td>100 kg<\/td>\n<\/tr>\n<tr>\n<td><\/td>\n<td>Poign\u00e9es rabattables<\/td>\n<td>Non<\/td>\n<\/tr>\n<tr>\n<td><\/td>\n<td>Taille des roues<\/td>\n<td>8.5 pouces<\/td>\n<\/tr>\n<tr>\n<td><\/td>\n<td>Type de roue avant<\/td>\n<td>Gonflable<\/td>\n<\/tr>\n<tr>\n<td><\/td>\n<td>Type de roue arri\u00e8re<\/td>\n<td>Gonflable<\/td>\n<\/tr>\n<tr>\n<td><\/td>\n<td>Amortisseur<\/td>\n<td>Non communiqu\u00e9<\/td>\n<\/tr>\n<tr>\n<td><\/td>\n<td>Position des freins<\/td>\n<td>Sur la roue arri\u00e8re<\/td>\n<\/tr>\n<tr>\n<td><\/td>\n<td>Type de freins<\/td>\n<td>A disque<\/td>\n<\/tr>\n<tr>\n<td><\/td>\n<td>Clignotants<\/td>\n<td>Non<\/td>\n<\/tr>\n<tr>\n<td><\/td>\n<td>Feux stop<\/td>\n<td>Oui<\/td>\n<\/tr>\n<tr>\n<td>Motorisation<\/td>\n<td><\/td>\n<\/tr>\n<tr>\n<td><\/td>\n<td>Mont\u00e9e des pentes<\/td>\n<td>10 %<\/td>\n<\/tr>\n<tr>\n<td><\/td>\n<td>Emplacement moteur<\/td>\n<td>Non communiqu\u00e9<\/td>\n<\/tr>\n<tr>\n<td><\/td>\n<td>Type moteur<\/td>\n<td>Brushless, puissant et sans entretien<\/td>\n<\/tr>\n<tr>\n<td><\/td>\n<td>Vitesse maximale<\/td>\n<td>Vitesse standard (20 km\/h)<\/td>\n<\/tr>\n<tr>\n<td><\/td>\n<td>Puissance nominale du moteur<\/td>\n<td>250 W<\/td>\n<\/tr>\n<tr>\n<td>Confort d utilisation<\/td>\n<td><\/td>\n<\/tr>\n<tr>\n<td><\/td>\n<td>Poids de la trottinette<\/td>\n<td>12 kg<\/td>\n<\/tr>\n<tr>\n<td><\/td>\n<td>R\u00e9gulateur de vitesse<\/td>\n<td>Oui, id\u00e9al pour garder la m\u00eame vitesse pendant tout le trajet<\/td>\n<\/tr>\n<tr>\n<td><\/td>\n<td>Ecran d&rsquo;affichage<\/td>\n<td>Oui, permet de visionner des informations relatives \u00e0 la conduite (autonomie batterie, distance parcourue, mode de vitesse, etc.)<\/td>\n<\/tr>\n<tr>\n<td><\/td>\n<td>Largeur du plateau<\/td>\n<td>14.4<\/td>\n<\/tr>\n<tr>\n<td><\/td>\n<td>Pliable<\/td>\n<td>Oui<\/td>\n<\/tr>\n<tr>\n<td><\/td>\n<td>Garde boue<\/td>\n<td>Avant et arri\u00e8re<\/td>\n<\/tr>\n<tr>\n<td><\/td>\n<td>Ecran d&rsquo;affichage :<\/td>\n<td>Oui<\/td>\n<\/tr>\n<tr>\n<td>Securite<\/td>\n<td><\/td>\n<\/tr>\n<tr>\n<td><\/td>\n<td>Syst\u00e8me antivol<\/td>\n<td>Oui<\/td>\n<\/tr>\n<tr>\n<td><\/td>\n<td>D\u00e9marrage par cl\u00e9<\/td>\n<td>Non<\/td>\n<\/tr>\n<tr>\n<td>Connectivite<\/td>\n<td><\/td>\n<\/tr>\n<tr>\n<td><\/td>\n<td>Bluetooth<\/td>\n<td>Oui, le smartphone devient un vrai tableau de bord, affichage du kilom\u00e9trage, puissance restante, mises \u00e0 jour du logiciel<\/td>\n<\/tr>\n<tr>\n<td><\/td>\n<td>Sp\u00e9cificit\u00e9s<\/td>\n<td>Android 4.3 ou iOS 9.0 et plus<\/td>\n<\/tr>\n<tr>\n<td><\/td>\n<td>Compatible<\/td>\n<td>Android et IOS<\/td>\n<\/tr>\n<tr>\n<td>Conseils et securite<\/td>\n<td><\/td>\n<\/tr>\n<tr>\n<td><\/td>\n<td>Circuler en s\u00e9curit\u00e9<\/td>\n<td>Prot\u00e9gez-vous en portant casque, genouill\u00e8res, coudi\u00e8res. Rendez-vous visible en portant un gilet r\u00e9tror\u00e9fl\u00e9chissant et \u00e9quipez-vous d\u2019un \u00e9clairage la nuit. Soyez attentif aux pi\u00e9tons et adaptez votre vitesse aux conditions de circulation.<\/td>\n<\/tr>\n<tr>\n<td><\/td>\n<td>Conseils de s\u00e9curit\u00e9<\/td>\n<td>Adaptez votre vitesse et m\u00e9fiez-vous des rev\u00eatements (pav\u00e9s, gravillons, route humide&#8230;) qui peuvent facilement vous d\u00e9stabiliser. Respectez la r\u00e9glementation routi\u00e8re<\/td>\n<\/tr>\n<tr>\n<td>Contenu du carton<\/td>\n<td><\/td>\n<\/tr>\n<tr>\n<td><\/td>\n<td>Livr\u00e9 avec<\/td>\n<td>Guide de d\u00e9marrage rapide, Batterie, Chargeur, C\u00e2ble secteur, &#8211; Mi Electric Scooter Essential &#8211; Adaptateur d&rsquo;alimentation &#8211; Cl\u00e9 hexagonale &#8211; Adaptateur \u00e0 embout allong\u00e9 &#8211; Vis &#8211; Manuel d&rsquo;utilisateur &#8211; Cadenas \u00e0 code<\/td>\n<\/tr>\n<tr>\n<td>Dimensions<\/td>\n<td><\/td>\n<\/tr>\n<tr>\n<td><\/td>\n<td>Dimensions Charge maximale support\u00e9e<\/td>\n<td>100 kg<\/td>\n<\/tr>\n<tr>\n<td><\/td>\n<td>Dimensions l x h x p<\/td>\n<td>43 x 114 x 108 cm<\/td>\n<\/tr>\n<tr>\n<td><\/td>\n<td>Dimensions produit pli\u00e9 l x h x p<\/td>\n<td>43 x 49 x 108 cm<\/td>\n<\/tr>\n<tr>\n<td><\/td>\n<td>Poids<\/td>\n<td>Poids standard (12 kg)<\/td>\n<\/tr>\n<\/tbody>\n<\/table>\n<\/div>\n<ul class=\"product-description-features\">\n<li class=\"product-description-feature\">\n<div class=\"product-description-feature-cell product-description-feature-title\">MARQUE<\/div>\n<div class=\"product-description-feature-cell product-description-feature-value\">Xiaomi<\/div>\n<\/li>\n<li class=\"product-description-feature\">\n<div class=\"product-description-feature-cell product-description-feature-title\">COULEUR<\/div>\n<div class=\"product-description-feature-cell product-description-feature-value\">Coloris Unique<\/div>\n<\/li>\n<li class=\"product-description-feature\">\n<div class=\"product-description-feature-cell product-description-feature-title\">COULEUR<\/div>\n<div class=\"product-description-feature-cell product-description-feature-value\">Coloris Unique<\/div>\n<\/li>\n<li class=\"product-description-feature\">\n<div class=\"product-description-feature-cell product-description-feature-title\">ECO PARTICIPATION (EN \u20ac)<\/div>\n<div class=\"product-description-feature-cell product-description-feature-value\">2<\/div>\n<\/li>\n<li class=\"product-description-feature\">\n<div class=\"product-description-feature-cell product-description-feature-title\">R\u00c9F\u00c9RENCE 300EMP7800MP002<\/div>\n<\/li>\n<li class=\"product-description-feature\">\n<div class=\"product-description-feature-cell product-description-feature-title\">EAN<\/div>\n<div class=\"product-description-feature-cell product-description-feature-value\">6934177717697<\/div>\n<\/li>\n<\/ul>\n<p>**Points forts :** Fiabilit\u00e9, praticit\u00e9 et prix abordable.<br \/>\n**Pourquoi choisir ce produit ?** Convient \u00e0 divers besoins du quotidien.<\/p>\n","protected":false},"excerpt":{"rendered":"<ul class=\"product_details_items font-2-l\">\n<li class=\"product_details_item\">Vitesse maximale de 20 km\/h<\/li>\n<li class=\"product_details_item\">Poids maximal support\u00e9 100 kg<\/li>\n<li class=\"product_details_item\">Batterie 5100 mAh<\/li>\n<li class=\"product_details_item\">Autonomie jusqu&rsquo;\u00e0 20 km &#8211; Norme d&rsquo;\u00e9tanch\u00e9it\u00e9 IP54<\/li>\n<li>Disponible en stock<\/li>\n<li>D\u00e9lai de livraison 2 \u00e0 3 jours<\/li>\n<li>Disponible en stock<\/li>\n<\/ul>\n<p> Fiable et adapt\u00e9 \u00e0 vos besoins quotidiens.<\/p>\n","protected":false},"featured_media":2996,"comment_status":"closed","ping_status":"closed","template":"","meta":[],"product_brand":[],"product_cat":[163],"product_tag":[],"class_list":{"0":"post-2995","1":"product","2":"type-product","3":"status-publish","6":"product_cat-trottinette-electrique","8":"first","9":"instock","10":"sale","11":"taxable","12":"shipping-taxable","13":"purchasable","14":"product-type-simple"},"_links":{"self":[{"href":"https:\/\/menagers-holding.fr\/index.php?rest_route=\/wp\/v2\/product\/2995","targetHints":{"allow":["GET"]}}],"collection":[{"href":"https:\/\/menagers-holding.fr\/index.php?rest_route=\/wp\/v2\/product"}],"about":[{"href":"https:\/\/menagers-holding.fr\/index.php?rest_route=\/wp\/v2\/types\/product"}],"replies":[{"embeddable":true,"href":"https:\/\/menagers-holding.fr\/index.php?rest_route=%2Fwp%2Fv2%2Fcomments&post=2995"}],"wp:featuredmedia":[{"embeddable":true,"href":"https:\/\/menagers-holding.fr\/index.php?rest_route=\/wp\/v2\/media\/2996"}],"wp:attachment":[{"href":"https:\/\/menagers-holding.fr\/index.php?rest_route=%2Fwp%2Fv2%2Fmedia&parent=2995"}],"wp:term":[{"taxonomy":"product_brand","embeddable":true,"href":"https:\/\/menagers-holding.fr\/index.php?rest_route=%2Fwp%2Fv2%2Fproduct_brand&post=2995"},{"taxonomy":"product_cat","embeddable":true,"href":"https:\/\/menagers-holding.fr\/index.php?rest_route=%2Fwp%2Fv2%2Fproduct_cat&post=2995"},{"taxonomy":"product_tag","embeddable":true,"href":"https:\/\/menagers-holding.fr\/index.php?rest_route=%2Fwp%2Fv2%2Fproduct_tag&post=2995"}],"curies":[{"name":"wp","href":"https:\/\/api.w.org\/{rel}","templated":true}]}}