{"id":2989,"date":"2022-08-28T10:33:29","date_gmt":"2022-08-28T10:33:29","guid":{"rendered":"https:\/\/menagers-holding.fr\/?post_type=product&#038;p=2989"},"modified":"2025-09-21T04:31:34","modified_gmt":"2025-09-21T04:31:34","slug":"trottinette-electrique-urbanglide-ride-100xs-75ah","status":"publish","type":"product","link":"https:\/\/menagers-holding.fr\/?product=trottinette-electrique-urbanglide-ride-100xs-75ah","title":{"rendered":"Trottinette \u00e9lectrique URBANGLIDE Ride 100XS 7,5AH"},"content":{"rendered":"<div id=\"CatalogueFicheDetail\">\n<ul class=\"fa-liste-points-forts\">\n<li class=\"lpf-point-fort\">Ride 100 XS Pliable en Alu<\/li>\n<li class=\"lpf-point-fort\">Puissance 350 Watts<\/li>\n<li class=\"lpf-point-fort\">Jusqu&rsquo;\u00e0 30 kms<\/li>\n<li class=\"lpf-point-fort\">Vitesse Max 25Km\/h<\/li>\n<li class=\"lpf-point-fort\">Batterie de 7.5Ah<\/li>\n<li class=\"lpf-point-fort\">Roue en 10 pouces increvables<\/li>\n<li class=\"lpf-point-fort\">Suspensions &amp; Freins \u00e0 disque arri\u00e8res<\/li>\n<li class=\"lpf-point-fort\">Ecran LED &amp; Lumi\u00e8res avant<\/li>\n<li class=\"lpf-point-fort\">Pente Maximale 18\u00b0<\/li>\n<\/ul>\n<div class=\"fa-description\">\n<p><b>La trottinette Ride 100XS d&rsquo;Urban<\/b>\u00a0a une\u00a0<strong>autonomie de 30km<\/strong>, pour une\u00a0<strong>vitesse maximale de 25km\/h<\/strong>, ce qui en fait une alli\u00e9e au quotidien.<\/p>\n<p>Ses\u00a0<strong>roues increvables<\/strong>\u00a0et sa suspension vous permettent une meilleure adh\u00e9rence au sol. Sa signalisation avant et arri\u00e8re vous permet de rouler en toute s\u00e9curit\u00e9.<\/p>\n<p>Pour rouler en toute s\u00e9curit\u00e9, votre\u00a0<strong>trottinette Ride 100 XS<\/strong>\u00a0est dot\u00e9e d&rsquo;un frein \u00e0 disque arri\u00e8re permettant un freinage plus sur et efficace.<\/p>\n<p>Son\u00a0<strong>\u00e9cran LED<\/strong>\u00a0design vous permet d\u0092afficher le niveau de batterie, le niveau de vitesse et la vitesse en km\/h.<\/p>\n<p>\u00c9clairez votre chemin gr\u00e2ce \u00e0 la lumi\u00e8re avant de votre\u00a0<strong>Ride 100XS<\/strong>\u00a0! Vous pouvez l\u0092allumer gr\u00e2ce au bouton situ\u00e9 sur l\u0092\u00e9cran.<\/p>\n<p>Pliez votre trottinette Ride 100XS pour la\u00a0<strong>transporter facilement<\/strong>\u00a0! Appuyez sur le syst\u00e8me de pliage et ramenez le guidon vers le bas pour la plier. Cela vous permet de l\u0092emmener partout avec vous.<\/p>\n<\/div>\n<p><small>R\u00e9f\u00e9rence : URBAN-RIDE-100XS<\/small><\/p>\n<\/div>\n<div id=\"CatalogueFicheCaracteristique\">\n<h2>Caract\u00e9ristiques Principales<\/h2>\n<table>\n<tbody>\n<tr>\n<td class=\"Titre\">Type :<\/td>\n<td>citadine<\/td>\n<\/tr>\n<tr>\n<td class=\"Titre\">Vitesse max (km\/h) :<\/td>\n<td>25<\/td>\n<\/tr>\n<tr>\n<td class=\"Titre\">Autonomie max (km) :<\/td>\n<td>30<\/td>\n<\/tr>\n<tr>\n<td class=\"Titre\">Charge max (kg) :<\/td>\n<td>120<\/td>\n<\/tr>\n<tr>\n<td class=\"Titre\">Dimensions pneu (en mm) :<\/td>\n<td>25.4<\/td>\n<\/tr>\n<tr>\n<td class=\"Titre\">Alimentation :<\/td>\n<td>secteur<\/td>\n<\/tr>\n<tr>\n<td class=\"Titre\">Couleur :<\/td>\n<td>noire<\/td>\n<\/tr>\n<tr>\n<td class=\"Titre\">Garantie :<\/td>\n<td>3 ans<\/td>\n<\/tr>\n<tr>\n<td class=\"Titre\">Accessoires fournis :<\/td>\n<td>0<\/td>\n<\/tr>\n<tr>\n<td class=\"Titre\">Dimensions (H x L x l en mm) :<\/td>\n<td>114 x 54 x 51<\/td>\n<\/tr>\n<tr>\n<td class=\"Titre\">Poids (en kg) :<\/td>\n<td>15.5<\/td>\n<\/tr>\n<\/tbody>\n<\/table>\n<\/div>\n<p>**Points forts :** Fiabilit\u00e9, praticit\u00e9 et prix abordable.<br \/>\n**Pourquoi choisir ce produit ?** Convient \u00e0 divers besoins du quotidien.<\/p>\n","protected":false},"excerpt":{"rendered":"<ul>\n<li>EAN: 3700092617069<\/li>\n<li>Disponible en stock<\/li>\n<li>D\u00e9lai de livraison 48 heures<\/li>\n<li>R\u00e9f:284EMP4412MP098<\/li>\n<li>Conforme au Code de la route.<\/li>\n<li>L&rsquo;autonomie, la capacit\u00e9 en c\u00f4tes et la vitesse peuvent varier selon le poids utilisateur, l&rsquo;usage, la temp\u00e9rature et le d\u00e9nivel\u00e9 du parcours.<\/li>\n<li>Grip antid\u00e9rapant<\/li>\n<li>Autonomie jusqu&rsquo;\u00e0 20 km<\/li>\n<li>Ecran LCD avec vitesse, niveau de batterie etc<\/li>\n<li>Syst\u00e8me double frein, \u00e0 disque et m\u00e9canique arri\u00e8re<\/li>\n<\/ul>\n<p> Fiable et adapt\u00e9 \u00e0 vos besoins quotidiens.<\/p>\n","protected":false},"featured_media":2990,"comment_status":"closed","ping_status":"closed","template":"","meta":[],"product_brand":[],"product_cat":[163],"product_tag":[],"class_list":{"0":"post-2989","1":"product","2":"type-product","3":"status-publish","6":"product_cat-trottinette-electrique","8":"first","9":"instock","10":"taxable","11":"shipping-taxable","12":"purchasable","13":"product-type-simple"},"_links":{"self":[{"href":"https:\/\/menagers-holding.fr\/index.php?rest_route=\/wp\/v2\/product\/2989","targetHints":{"allow":["GET"]}}],"collection":[{"href":"https:\/\/menagers-holding.fr\/index.php?rest_route=\/wp\/v2\/product"}],"about":[{"href":"https:\/\/menagers-holding.fr\/index.php?rest_route=\/wp\/v2\/types\/product"}],"replies":[{"embeddable":true,"href":"https:\/\/menagers-holding.fr\/index.php?rest_route=%2Fwp%2Fv2%2Fcomments&post=2989"}],"wp:featuredmedia":[{"embeddable":true,"href":"https:\/\/menagers-holding.fr\/index.php?rest_route=\/wp\/v2\/media\/2990"}],"wp:attachment":[{"href":"https:\/\/menagers-holding.fr\/index.php?rest_route=%2Fwp%2Fv2%2Fmedia&parent=2989"}],"wp:term":[{"taxonomy":"product_brand","embeddable":true,"href":"https:\/\/menagers-holding.fr\/index.php?rest_route=%2Fwp%2Fv2%2Fproduct_brand&post=2989"},{"taxonomy":"product_cat","embeddable":true,"href":"https:\/\/menagers-holding.fr\/index.php?rest_route=%2Fwp%2Fv2%2Fproduct_cat&post=2989"},{"taxonomy":"product_tag","embeddable":true,"href":"https:\/\/menagers-holding.fr\/index.php?rest_route=%2Fwp%2Fv2%2Fproduct_tag&post=2989"}],"curies":[{"name":"wp","href":"https:\/\/api.w.org\/{rel}","templated":true}]}}