{"id":2983,"date":"2022-08-28T10:14:16","date_gmt":"2022-08-28T10:14:16","guid":{"rendered":"https:\/\/menagers-holding.fr\/?post_type=product&#038;p=2983"},"modified":"2025-09-21T04:31:33","modified_gmt":"2025-09-21T04:31:33","slug":"ninebot-kickscooter-max-g30-g30ii","status":"publish","type":"product","link":"https:\/\/menagers-holding.fr\/?product=ninebot-kickscooter-max-g30-g30ii","title":{"rendered":"NINEBOT KICKSCOOTER MAX G30 \/ G30II"},"content":{"rendered":"<div>\n<div>\n<div class=\"description__desc\">\n<table>\n<tbody>\n<tr>\n<td>Autonomie de la batterie<\/td>\n<td><\/td>\n<\/tr>\n<tr>\n<td><\/td>\n<td>Type de batterie<\/td>\n<td>Lithium Ion<\/td>\n<\/tr>\n<tr>\n<td><\/td>\n<td>Capacit\u00e9 de la batterie (en Wh)<\/td>\n<td>551<\/td>\n<\/tr>\n<tr>\n<td><\/td>\n<td>Le saviez vous ?<\/td>\n<td>Plus la puissance de la batterie est importante plus la trottinette aura de l&rsquo;autonomie<\/td>\n<\/tr>\n<tr>\n<td><\/td>\n<td>Autonomie<\/td>\n<td>Jusqu&rsquo;\u00e0 65 km<\/td>\n<\/tr>\n<tr>\n<td><\/td>\n<td>Temps de charge<\/td>\n<td>Charge standard (6h)<\/td>\n<\/tr>\n<tr>\n<td>Equipement<\/td>\n<td><\/td>\n<\/tr>\n<tr>\n<td><\/td>\n<td>Avertisseur sonore<\/td>\n<td>Sonnette<\/td>\n<\/tr>\n<tr>\n<td><\/td>\n<td>B\u00e9quille int\u00e9gr\u00e9e<\/td>\n<td>Oui, parfait pour le stationnement<\/td>\n<\/tr>\n<tr>\n<td><\/td>\n<td>Charge maximale support\u00e9e<\/td>\n<td>100 kg<\/td>\n<\/tr>\n<tr>\n<td><\/td>\n<td>Poign\u00e9es rabattables<\/td>\n<td>Non<\/td>\n<\/tr>\n<tr>\n<td><\/td>\n<td>Taille des roues<\/td>\n<td>10 pouces<\/td>\n<\/tr>\n<tr>\n<td><\/td>\n<td>Type de roue avant<\/td>\n<td>Gonflable<\/td>\n<\/tr>\n<tr>\n<td><\/td>\n<td>Type de roue arri\u00e8re<\/td>\n<td>Gonflable<\/td>\n<\/tr>\n<tr>\n<td><\/td>\n<td>Amortisseur<\/td>\n<td>Non communiqu\u00e9<\/td>\n<\/tr>\n<tr>\n<td><\/td>\n<td>Position des freins<\/td>\n<td>Aux poign\u00e9es<\/td>\n<\/tr>\n<tr>\n<td><\/td>\n<td>Type de freins<\/td>\n<td>Non communiqu\u00e9<\/td>\n<\/tr>\n<tr>\n<td><\/td>\n<td>Clignotants<\/td>\n<td>Non<\/td>\n<\/tr>\n<tr>\n<td><\/td>\n<td>Feux stop<\/td>\n<td>Oui<\/td>\n<\/tr>\n<tr>\n<td>Motorisation<\/td>\n<td><\/td>\n<\/tr>\n<tr>\n<td><\/td>\n<td>Emplacement moteur<\/td>\n<td>Roue arri\u00e8re<\/td>\n<\/tr>\n<tr>\n<td><\/td>\n<td>Type moteur<\/td>\n<td>Brushless, puissant et sans entretien<\/td>\n<\/tr>\n<tr>\n<td><\/td>\n<td>Vitesse maximale<\/td>\n<td>Rapide (25 km\/h)<\/td>\n<\/tr>\n<tr>\n<td><\/td>\n<td>Puissance nominale du moteur<\/td>\n<td>350 W<\/td>\n<\/tr>\n<tr>\n<td>Confort d utilisation<\/td>\n<td><\/td>\n<\/tr>\n<tr>\n<td><\/td>\n<td>Poids de la trottinette<\/td>\n<td>19.1 kg<\/td>\n<\/tr>\n<tr>\n<td><\/td>\n<td>R\u00e9gulateur de vitesse<\/td>\n<td>Oui, id\u00e9al pour garder la m\u00eame vitesse pendant tout le trajet<\/td>\n<\/tr>\n<tr>\n<td><\/td>\n<td>Ecran d&rsquo;affichage<\/td>\n<td>Oui, permet de visionner des informations relatives \u00e0 la conduite (autonomie batterie, distance parcourue, mode de vitesse, etc.)<\/td>\n<\/tr>\n<tr>\n<td><\/td>\n<td>Largeur du plateau<\/td>\n<td>30<\/td>\n<\/tr>\n<tr>\n<td><\/td>\n<td>Pliable<\/td>\n<td>Oui<\/td>\n<\/tr>\n<tr>\n<td><\/td>\n<td>Garde boue<\/td>\n<td>Avant et arri\u00e8re<\/td>\n<\/tr>\n<tr>\n<td><\/td>\n<td>Ecran d&rsquo;affichage :<\/td>\n<td>Oui<\/td>\n<\/tr>\n<tr>\n<td>Securite<\/td>\n<td><\/td>\n<\/tr>\n<tr>\n<td><\/td>\n<td>Syst\u00e8me antivol<\/td>\n<td>Non<\/td>\n<\/tr>\n<tr>\n<td><\/td>\n<td>D\u00e9marrage par cl\u00e9<\/td>\n<td>Non<\/td>\n<\/tr>\n<tr>\n<td>Connectivite<\/td>\n<td><\/td>\n<\/tr>\n<tr>\n<td><\/td>\n<td>Bluetooth<\/td>\n<td>Oui, le smartphone devient un vrai tableau de bord, affichage du kilom\u00e9trage, puissance restante, mises \u00e0 jour du logiciel<\/td>\n<\/tr>\n<tr>\n<td><\/td>\n<td>Sp\u00e9cificit\u00e9s<\/td>\n<td>Application officiel Ninebtot sur mobile, fonctionne en bluetooth pour une meilleur exp\u00e9rience.<\/td>\n<\/tr>\n<tr>\n<td><\/td>\n<td>Compatible<\/td>\n<td>Android et IOS<\/td>\n<\/tr>\n<tr>\n<td>Conseils et securite<\/td>\n<td><\/td>\n<\/tr>\n<tr>\n<td><\/td>\n<td>Circuler en s\u00e9curit\u00e9<\/td>\n<td>Prot\u00e9gez-vous en portant casque, genouill\u00e8res, coudi\u00e8res. Rendez-vous visible en portant un gilet r\u00e9tror\u00e9fl\u00e9chissant et \u00e9quipez-vous d\u2019un \u00e9clairage la nuit. Soyez attentif aux pi\u00e9tons et adaptez votre vitesse aux conditions de circulation.<\/td>\n<\/tr>\n<tr>\n<td><\/td>\n<td>Conseils de s\u00e9curit\u00e9<\/td>\n<td>Adaptez votre vitesse et m\u00e9fiez-vous des rev\u00eatements (pav\u00e9s, gravillons, route humide&#8230;) qui peuvent facilement vous d\u00e9stabiliser. Respectez la r\u00e9glementation routi\u00e8re<\/td>\n<\/tr>\n<tr>\n<td>Contenu du carton<\/td>\n<td><\/td>\n<\/tr>\n<tr>\n<td><\/td>\n<td>Livr\u00e9 avec<\/td>\n<td>Guide de d\u00e9marrage rapide, Batterie, cl\u00e9 de serrage, cordon d&rsquo;alimentation, Extension tige de soupape, vis x14<\/td>\n<\/tr>\n<tr>\n<td>Dimensions<\/td>\n<td><\/td>\n<\/tr>\n<tr>\n<td><\/td>\n<td>Dimensions Charge maximale support\u00e9e<\/td>\n<td>100 kg<\/td>\n<\/tr>\n<tr>\n<td><\/td>\n<td>Dimensions l x h x p<\/td>\n<td>47.2 x 120.3 x 116.7 cm<\/td>\n<\/tr>\n<tr>\n<td><\/td>\n<td>Dimensions produit pli\u00e9 l x h x p<\/td>\n<td>47.2 x 53.4 x 116.7 cm<\/td>\n<\/tr>\n<tr>\n<td><\/td>\n<td>Poids<\/td>\n<td>Poids standard (19,1 kg)<\/td>\n<\/tr>\n<\/tbody>\n<\/table>\n<\/div>\n<div class=\"description__cla\">\n<p>Taille : Taille Unique<\/p>\n<p>Couleur : Standard<\/p>\n<p>Eco participation (en \u20ac) : 2<\/p>\n<\/div>\n<\/div>\n<div>Profitez du confort et de la s\u00e9curit\u00e9 avec le\u00a0<b>Kickscooter MAX G30 de Ninebot<\/b>\u00a0lors de vos d\u00e9placements longue distance.<\/div>\n<div><\/div>\n<div>Le KickScooter MAX G30 est une trottinette \u00e9lectrique, disposant d&rsquo;une\u00a0<b>grande autonomie d&rsquo;environ 65 km<\/b>\u00a0pour une\u00a0<b>vitesse maximale de 25 km\/h<\/b>, il vous permettra de gagner un temps pr\u00e9cieux sur vos longs trajets. Donc plus de soucis de batterie, gr\u00e2ce au Pack Batterie Longue Distance, vous b\u00e9n\u00e9ficiez d&rsquo;une plus grande autonomie.<\/div>\n<div>Vous pourrez facilement surveiller le niveau de batterie gr\u00e2ce au tableau de bord, vous indiquant \u00e0 tout moment le niveau de batterie restant ainsi que votre vitesse.<\/div>\n<div><\/div>\n<div>Il est dot\u00e9 de\u00a0<b>pneus sans chambre \u00e0 air, avant et arri\u00e8re de 10 pouces<\/b>, ainsi qu&rsquo;une couche de gomme suppl\u00e9mentaire pour r\u00e9duire au maximum les risques de crevaison et vous garantir \u00e9galement\u00a0<b>moins d&rsquo;entretien<\/b>.<\/div>\n<div><\/div>\n<div>Vous pourrez profiter de\u00a0<b>3 modes d&rsquo;utilisation<\/b>, Eco, Sport et Conduite pour vous permettre de choisir de privil\u00e9gier la vitesse ou l&rsquo;autonomie,<\/div>\n<\/div>\n<div>Un\u00a0<b>moteur de 350W<\/b>\u00a0vous permettra d&rsquo;effectuer des d\u00e9marrages \u00e9nergiques et de gravir les c\u00f4tes avec plus de facilit\u00e9. Pour votre s\u00e9curit\u00e9, le Kickscooter MAX G30 dispose d&rsquo;un\u00a0<b>frein \u00e9lectronique et r\u00e9g\u00e9n\u00e9ratif \u00e0 l&rsquo;arri\u00e8re<\/b>\u00a0ainsi que d&rsquo; un frein avant \u00e0 tambour.<\/div>\n<div><\/div>\n<div>Gr\u00e2ce \u00e0 l&rsquo;\u00a0<b>application pour smartphone<\/b>\u00a0\u00a0<b>Segway-Ninebot<\/b>\u00a0(compatible iOs et Android), apprenez \u00e0 vous servir de votre trottinette en toute s\u00e9curit\u00e9 en g\u00e9rant facilement les param\u00e8tres de limite de vitesse ainsi que le r\u00e9gulateur, mais \u00e9galement verrouiller votre trottinette gr\u00e2ce \u00e0 la fonction anti-vol.<\/div>\n<p>**Points forts :** Fiabilit\u00e9, praticit\u00e9 et prix abordable.<br \/>\n**Pourquoi choisir ce produit ?** Convient \u00e0 divers besoins du quotidien.<\/p>\n","protected":false},"excerpt":{"rendered":"<ul class=\"product_details_items font-2-l\">\n<li>EAN: 8719325845549<\/li>\n<li>Disponible en stock<\/li>\n<li>D\u00e9lai de livraison 2 \u00e0 3 ans<\/li>\n<li class=\"product_details_item\">R\u00e9f: 115EMP3365MP253<\/li>\n<li class=\"product_details_item\">Vitesse maximale de 25km\/h<\/li>\n<li class=\"product_details_item\">Poids maximum support\u00e9 100 kg<\/li>\n<li class=\"product_details_item\">Batterie 15300 mAh<\/li>\n<li class=\"product_details_item\">Autonomie jusqu&rsquo;\u00e0 65 km &#8211; Norme d&rsquo;\u00e9tanch\u00e9it\u00e9 IPX5<\/li>\n<\/ul>\n<p> Fiable et adapt\u00e9 \u00e0 vos besoins quotidiens.<\/p>\n","protected":false},"featured_media":2984,"comment_status":"closed","ping_status":"closed","template":"","meta":[],"product_brand":[],"product_cat":[163],"product_tag":[],"class_list":{"0":"post-2983","1":"product","2":"type-product","3":"status-publish","6":"product_cat-trottinette-electrique","8":"first","9":"instock","10":"sale","11":"taxable","12":"shipping-taxable","13":"purchasable","14":"product-type-simple"},"_links":{"self":[{"href":"https:\/\/menagers-holding.fr\/index.php?rest_route=\/wp\/v2\/product\/2983","targetHints":{"allow":["GET"]}}],"collection":[{"href":"https:\/\/menagers-holding.fr\/index.php?rest_route=\/wp\/v2\/product"}],"about":[{"href":"https:\/\/menagers-holding.fr\/index.php?rest_route=\/wp\/v2\/types\/product"}],"replies":[{"embeddable":true,"href":"https:\/\/menagers-holding.fr\/index.php?rest_route=%2Fwp%2Fv2%2Fcomments&post=2983"}],"wp:featuredmedia":[{"embeddable":true,"href":"https:\/\/menagers-holding.fr\/index.php?rest_route=\/wp\/v2\/media\/2984"}],"wp:attachment":[{"href":"https:\/\/menagers-holding.fr\/index.php?rest_route=%2Fwp%2Fv2%2Fmedia&parent=2983"}],"wp:term":[{"taxonomy":"product_brand","embeddable":true,"href":"https:\/\/menagers-holding.fr\/index.php?rest_route=%2Fwp%2Fv2%2Fproduct_brand&post=2983"},{"taxonomy":"product_cat","embeddable":true,"href":"https:\/\/menagers-holding.fr\/index.php?rest_route=%2Fwp%2Fv2%2Fproduct_cat&post=2983"},{"taxonomy":"product_tag","embeddable":true,"href":"https:\/\/menagers-holding.fr\/index.php?rest_route=%2Fwp%2Fv2%2Fproduct_tag&post=2983"}],"curies":[{"name":"wp","href":"https:\/\/api.w.org\/{rel}","templated":true}]}}