{"id":2950,"date":"2022-08-26T10:16:55","date_gmt":"2022-08-26T10:16:55","guid":{"rendered":"https:\/\/menagers-holding.fr\/?post_type=product&#038;p=2950"},"modified":"2025-09-23T08:41:02","modified_gmt":"2025-09-23T08:41:02","slug":"aspirateur-balai-sans-fil-rowenta-air-force-flex-560-animal","status":"publish","type":"product","link":"https:\/\/menagers-holding.fr\/?product=aspirateur-balai-sans-fil-rowenta-air-force-flex-560-animal","title":{"rendered":"Aspirateur balai sans fil Rowenta Air Force Flex 560 Animal"},"content":{"rendered":"<div class=\"f-productProperties__col\">\n<dl class=\"f-productProperties__item\">\n<dt class=\"f-productProperties__term\">Niveau sonore<\/dt>\n<dd class=\"f-productProperties__definition\">81 dB<\/dd>\n<\/dl>\n<dl class=\"f-productProperties__item\">\n<dt class=\"f-productProperties__term\">Puissance<\/dt>\n<dd class=\"f-productProperties__definition\">100 Watts<\/dd>\n<\/dl>\n<dl class=\"f-productProperties__item\">\n<dt class=\"f-productProperties__term\">Temps de charge<\/dt>\n<dd class=\"f-productProperties__definition\">3 Heures<\/dd>\n<\/dl>\n<dl class=\"f-productProperties__item\">\n<dt class=\"f-productProperties__term\">Type de batterie<\/dt>\n<dd class=\"f-productProperties__definition\">Lithium-ion<\/dd>\n<\/dl>\n<dl class=\"f-productProperties__item  f-productProperties__item--long \">\n<dt class=\"f-productProperties__term\">Caract\u00e9ristiques compl\u00e9mentaires<\/dt>\n<dd class=\"f-productProperties__definition\">Capacit\u00e9 du bac \u00e0 poussi\u00e8re : 0.4 L ; Tube flexible FLEX, coude articul\u00e9, Type de produit: Aspirateur balai sans fil multifonction, t\u00e9moin de charge, Fonctions: Technologie cyclonique, Moteur num\u00e9rique, Syst\u00e8me de nettoyage de l&rsquo;\u00e9lectrobrosse, T\u00eate d&rsquo;aspiration Power Slim rectangulaire, Autonomie: 35 min<\/dd>\n<\/dl>\n<dl class=\"f-productProperties__item\">\n<dt class=\"f-productProperties__term\">Couleur<\/dt>\n<dd class=\"f-productProperties__definition\">Bleu et Blanc<\/dd>\n<\/dl>\n<dl class=\"f-productProperties__item\">\n<dt class=\"f-productProperties__term\">Longueur du produit<\/dt>\n<dd class=\"f-productProperties__definition\">13 cm<\/dd>\n<\/dl>\n<dl class=\"f-productProperties__item\">\n<dt class=\"f-productProperties__term\">Largeur du produit<\/dt>\n<dd class=\"f-productProperties__definition\">40,7 cm<\/dd>\n<\/dl>\n<\/div>\n<div class=\"f-productProperties__col\">\n<dl class=\"f-productProperties__item\">\n<dt class=\"f-productProperties__term\">Hauteur du produit<\/dt>\n<dd class=\"f-productProperties__definition\">24,4 cm<\/dd>\n<\/dl>\n<dl class=\"f-productProperties__item\">\n<dt class=\"f-productProperties__term\">Poids du produit<\/dt>\n<dd class=\"f-productProperties__definition\">4,5 Kg<\/dd>\n<\/dl>\n<dl class=\"f-productProperties__item\">\n<dt class=\"f-productProperties__term\">Disponibilit\u00e9 des pi\u00e8ces d\u00e9tach\u00e9es<\/dt>\n<dd class=\"f-productProperties__definition\">PCDET_10<\/dd>\n<\/dl>\n<dl class=\"f-productProperties__item\">\n<dt class=\"f-productProperties__term\">Poids<\/dt>\n<dd class=\"f-productProperties__definition\">4.50 Kg<\/dd>\n<\/dl>\n<dl class=\"f-productProperties__item\">\n<dt class=\"f-productProperties__term\">Produit hors norme<\/dt>\n<dd class=\"f-productProperties__definition\">Non<\/dd>\n<\/dl>\n<dl class=\"f-productProperties__item\">\n<dt class=\"f-productProperties__term\">EAN<\/dt>\n<dd class=\"f-productProperties__definition\">3221614005084<\/dd>\n<\/dl>\n<\/div>\n<p>**Points forts :** Technologie moderne, faible consommation, praticit\u00e9.<br \/>\n**Pourquoi choisir ce produit ?** Id\u00e9al pour un usage quotidien avec un excellent rapport qualit\u00e9-prix.<\/p>\n","protected":false},"excerpt":{"rendered":"<section id=\"Characteristics\" class=\"f-productLayerGrid__section js-productSection fa-strate-properties\" data-strate-type=\"Characteristics\" data-strate-async=\"false\" data-strate-url=\"\/Nav\/API\/Article\/GetStrate?prid=13299832&amp;catalogRef=1&amp;strateType=Characteristics\" data-automation-id=\"characteristics-layer-block\">\n<div class=\"f-productLayerGrid__col\">\n<div class=\"f-productLayer\">\n<div id=\"83286b88-2405-413f-9618-3a1de564b871\" class=\"f-productLayer__body f-productProperties\">\n<div class=\"f-productLayer__container f-productProperties__container\" data-automation-id=\"simple-characteristics-content-block\">\n<div class=\"js-Expander expander expander--hasIcon\" data-automation-button=\"expand-characteristics-content-button\" data-automation-content=\"expand-characteristics-content\">\n<div class=\"expander__content\" data-automation-id=\"expand-characteristics-content\">\n<div class=\"f-productProperties__columns\">\n<div class=\"f-productProperties__col\">\n<dl class=\"f-productProperties__item\">\n<dt class=\"f-productProperties__term\">EAN<\/dt>\n<dd class=\"f-productProperties__definition\">3221614005084<\/dd>\n<\/dl>\n<\/div>\n<\/div>\n<\/div>\n<div class=\"expander__mask\" data-automation-id=\"expand-characteristics-content-button\"><\/div>\n<\/div>\n<\/div>\n<\/div>\n<\/div>\n<\/div>\n<\/section>\n<section id=\"BrandWord\" class=\"f-productLayerGrid__section js-productSection js-strate-flixmedia\" data-strate-type=\"BrandWord\" data-strate-async=\"false\" data-strate-url=\"\/Nav\/API\/Article\/GetStrate?prid=13299832&amp;catalogRef=1&amp;strateType=BrandWord\" data-automation-id=\"brand-word-layer-block\">\n<div class=\"f-productLayer\">\n<header class=\"f-productLayer__header\">\n<div class=\"f-productLayer__container\">r\u00e9f: 445EMP684MP993<\/div>\n<div>D\u00e9lai de livraison 2 \u00e0 3 jours<\/div>\n<div>Disponible en stock<\/div>\n<div>\n<div class=\"spec_table\n\n                    \"><\/p>\n<table class=\"spec_table_ctn\">\n<tbody>\n<tr class=\"odd  first_child \">\n<th class=\"label first_child\">Pour aspirer<\/th>\n<td class=\"value last_child\">Sols, meubles &amp; hauteurs<\/td>\n<\/tr>\n<tr class=\"even  \">\n<th class=\"label first_child\">Type de sols<\/th>\n<td class=\"value last_child\">Carrelages, parquets, tapis, moquettes<\/td>\n<\/tr>\n<tr class=\"odd  \">\n<th class=\"label first_child\">Pour quelles surfaces ?<\/th>\n<td class=\"value last_child\">meubles, textiles, hauteurs, plafonds, voitures<\/td>\n<\/tr>\n<tr class=\"even last_child \">\n<th class=\"label first_child\">Brosses et Accesoires sp\u00e9ciaux<\/th>\n<td class=\"value last_child\">Tube flexible Flex<\/td>\n<\/tr>\n<\/tbody>\n<\/table>\n<\/div>\n<div class=\"spec_table\n\n                    \"><\/p>\n<p class=\"table_caption\">Performance<\/p>\n<table class=\"spec_table_ctn\">\n<tbody>\n<tr class=\"odd  first_child \">\n<th class=\"label first_child\">Puissance d&rsquo;aspiration (Airwatt)<\/th>\n<td class=\"value last_child\">100<\/td>\n<\/tr>\n<tr class=\"even  \">\n<th class=\"label first_child\">Puissance de la batterie<\/th>\n<td class=\"value last_child\">22 V<\/td>\n<\/tr>\n<tr class=\"odd  \">\n<th class=\"label first_child\">Brosse principale<\/th>\n<td class=\"value last_child\">Brosse motoris\u00e9e pour tous types de sols<\/td>\n<\/tr>\n<tr class=\"even last_child \">\n<th class=\"label first_child\">Brosse compl\u00e9mentaire<\/th>\n<td class=\"value last_child\">Brosse sofa<\/td>\n<\/tr>\n<\/tbody>\n<\/table>\n<\/div>\n<div class=\"spec_table\n\n                    \"><\/p>\n<p class=\"table_caption\">Autonomie<\/p>\n<table class=\"spec_table_ctn\">\n<tbody>\n<tr class=\"odd  first_child \">\n<th class=\"label first_child\">Autonomie jusqu&rsquo;\u00e0<\/th>\n<td class=\"value last_child\">35 mn<\/td>\n<\/tr>\n<tr class=\"even  \">\n<th class=\"label first_child\">Autonomie en puissance maximum jusqu&rsquo;\u00e0<\/th>\n<td class=\"value last_child\">6 mn<\/td>\n<\/tr>\n<tr class=\"odd last_child \">\n<th class=\"label first_child\">Temps de recharge<\/th>\n<td class=\"value last_child\">3,0 h<\/td>\n<\/tr>\n<\/tbody>\n<\/table>\n<\/div>\n<div class=\"spec_table\n\n                    \"><\/p>\n<p class=\"table_caption\">Confort d&rsquo;utilisation<\/p>\n<table class=\"spec_table_ctn\">\n<tbody>\n<tr class=\"odd  first_child \">\n<th class=\"label first_child\">Niveau sonore<\/th>\n<td class=\"value last_child\">81 dB<\/td>\n<\/tr>\n<tr class=\"even  \">\n<th class=\"label first_child\">Poids<\/th>\n<td class=\"value last_child\">4,5 kg<\/td>\n<\/tr>\n<tr class=\"odd  \">\n<th class=\"label first_child\">Nombre de vitesses<\/th>\n<td class=\"value last_child\">2<\/td>\n<\/tr>\n<\/tbody>\n<\/table>\n<\/div>\n<\/div>\n<\/header>\n<\/div>\n<\/section>\n<p> Compact, \u00e9co-\u00e9nerg\u00e9tique et facile \u00e0 utiliser.<\/p>\n","protected":false},"featured_media":2951,"comment_status":"closed","ping_status":"closed","template":"","meta":[],"product_brand":[],"product_cat":[162,180],"product_tag":[],"class_list":{"0":"post-2950","1":"product","2":"type-product","3":"status-publish","6":"product_cat-aspirateur","7":"product_cat-electromenagers","9":"first","10":"instock","11":"sale","12":"taxable","13":"shipping-taxable","14":"purchasable","15":"product-type-simple"},"_links":{"self":[{"href":"https:\/\/menagers-holding.fr\/index.php?rest_route=\/wp\/v2\/product\/2950","targetHints":{"allow":["GET"]}}],"collection":[{"href":"https:\/\/menagers-holding.fr\/index.php?rest_route=\/wp\/v2\/product"}],"about":[{"href":"https:\/\/menagers-holding.fr\/index.php?rest_route=\/wp\/v2\/types\/product"}],"replies":[{"embeddable":true,"href":"https:\/\/menagers-holding.fr\/index.php?rest_route=%2Fwp%2Fv2%2Fcomments&post=2950"}],"wp:featuredmedia":[{"embeddable":true,"href":"https:\/\/menagers-holding.fr\/index.php?rest_route=\/wp\/v2\/media\/2951"}],"wp:attachment":[{"href":"https:\/\/menagers-holding.fr\/index.php?rest_route=%2Fwp%2Fv2%2Fmedia&parent=2950"}],"wp:term":[{"taxonomy":"product_brand","embeddable":true,"href":"https:\/\/menagers-holding.fr\/index.php?rest_route=%2Fwp%2Fv2%2Fproduct_brand&post=2950"},{"taxonomy":"product_cat","embeddable":true,"href":"https:\/\/menagers-holding.fr\/index.php?rest_route=%2Fwp%2Fv2%2Fproduct_cat&post=2950"},{"taxonomy":"product_tag","embeddable":true,"href":"https:\/\/menagers-holding.fr\/index.php?rest_route=%2Fwp%2Fv2%2Fproduct_tag&post=2950"}],"curies":[{"name":"wp","href":"https:\/\/api.w.org\/{rel}","templated":true}]}}