{"id":2942,"date":"2022-08-26T09:55:55","date_gmt":"2022-08-26T09:55:55","guid":{"rendered":"https:\/\/menagers-holding.fr\/?post_type=product&#038;p=2942"},"modified":"2025-09-23T08:41:02","modified_gmt":"2025-09-23T08:41:02","slug":"dyson-aspirateur-balai-cyclone-v10-absolute","status":"publish","type":"product","link":"https:\/\/menagers-holding.fr\/?product=dyson-aspirateur-balai-cyclone-v10-absolute","title":{"rendered":"DYSON Aspirateur balai CYCLONE V10 ABSOLUTE"},"content":{"rendered":"<h3><strong>Nouveau moteur num\u00e9rique Dyson V10<\/strong><\/h3>\n<p>&nbsp;<\/p>\n<p>Plus petit et plus l\u00e9ger pour g\u00e9n\u00e9rer la puissance d&rsquo;aspiration d&rsquo;un aspirateur tra\u00eeneau. Le moteur num\u00e9rique Dyson V10 est compos\u00e9 d&rsquo;un axe en c\u00e9ramique, durci \u00e0 1 600 \u00b0C pour \u00eatre 1,5 fois plus rigide que l&rsquo;acier tout en pr\u00e9sentant une densit\u00e9 r\u00e9duite de moiti\u00e9. Il peut donc tourner jusqu&rsquo;\u00e0 125 000 fois\/minute.<\/p>\n<p>&nbsp;<\/p>\n<h3><strong>Ses fonctionnalit\u00e9s :<\/strong><\/h3>\n<p>&nbsp;<\/p>\n<p>&#8211; 7 cellules \u00e0 forte densit\u00e9 \u00e9nerg\u00e9tique.<\/p>\n<p>&#8211; Vidage hygi\u00e9nique du collecteur sans contact.<\/p>\n<p>&#8211; Collecteur 40% plus grand pour des nettoyages plus importants.<\/p>\n<p>&#8211; 3 modes de puissance pour tous les types de sols.<\/p>\n<p>&#8211; Ensemble de cyclones Radial Root\u2122<\/p>\n<p>&#8211; Syst\u00e8me de filtration complet de l&rsquo;appareil.<\/p>\n<p>&#8211; Batterie \u00e0 forte densit\u00e9 \u00e9nerg\u00e9tique compos\u00e9e de 7 cellules.<\/p>\n<p>&#8211; G\u00e9nie acoustique.<\/p>\n<p>&#8211; Brosse motoris\u00e9e \u00e0 entra\u00eenement direct<\/p>\n<p>&#8211; Brosse rouleau doux<\/p>\n<p>&#8211; Accessoire combin\u00e9 et long suceur<\/p>\n<p>&#8211; Station murale de chargement<\/p>\n<p>&#8211; Mini brosse motoris\u00e9e<\/p>\n<p>&#8211; Mini brosse douce<\/p>\n<div class=\"table-heading-product\">\n<ul class=\"details-heading-product\">\n<li class=\"titre\">G\u00c9N\u00c9RALES<\/li>\n<li>EAN <span class=\"strong\">5025155034095<\/span><\/li>\n<li>Marque <span class=\"strong\">DYSON<\/span><\/li>\n<li class=\"titre\">CARACT\u00c9RISTIQUES DU PRODUIT<\/li>\n<li>Type d&rsquo;aspirateur <span class=\"strong\">Balai<\/span><\/li>\n<li>Type de collecteur <span class=\"strong\">Sans Sac<\/span><\/li>\n<li>Alimentation <span class=\"strong\">Rechargeable<\/span><\/li>\n<li>Autonomie en mn<span class=\"strong\">60<\/span><\/li>\n<li>Volume maximum de poussi\u00e8re collect\u00e9 (en litres)<span class=\"strong\">0.76<\/span><\/li>\n<li>Variateur de puissance <span class=\"strong\">Oui<\/span><\/li>\n<li>Commande \u00e9lectronique \u00e0 la poign\u00e9e <span class=\"strong\">N\/A<\/span><\/li>\n<li>C\u00e2ble enrouleur <span class=\"strong\">N\/A<\/span><\/li>\n<li>Multifonction <span class=\"strong\">Non<\/span><\/li>\n<li>Tube <span class=\"strong\">N\/A<\/span><\/li>\n<li>Rechargeable <span class=\"strong\">Oui<\/span><\/li>\n<li>Temps de charge<span class=\"strong\">3h30<\/span><\/li>\n<\/ul>\n<ul class=\"details-heading-product\">\n<li>Capacite en litres<span class=\"strong\">0,76<\/span><\/li>\n<li class=\"titre\">FONCTIONNALIT\u00c9S<\/li>\n<li>Rayon d&rsquo;action en m<span class=\"strong\">n\/a<\/span><\/li>\n<li>Syst\u00e8me de filtrage (aspirateurs sans sac)<span class=\"strong\">Filtre Cyclone<\/span><\/li>\n<li class=\"titre\">ACCESSOIRES<\/li>\n<li>Accessoires <span class=\"strong\">Accessoire combin\u00e9 et long suceur<\/span><\/li>\n<li>Brosses sp\u00e9cifiques <span class=\"strong\">Brosse motoris\u00e9e, brosse rouleau doux, mini brosse motoris\u00e9e, mini brosse douce<\/span><\/li>\n<li>Brosse pour poils d&rsquo;animaux <span class=\"strong\">Non<\/span><\/li>\n<li>Electro brosse <span class=\"strong\">Oui<\/span><\/li>\n<li>Turbo brosse <span class=\"strong\">Non<\/span><\/li>\n<li class=\"titre\">SERVICES<\/li>\n<li>Garantie<span class=\"strong\">2 ans, pi\u00e8ces, main d&rsquo;oeuvre et transport<\/span><\/li>\n<li>Disponibilit\u00e9 des pi\u00e8ces d\u00e9tach\u00e9es (Donn\u00e9e fournisseur)<span class=\"strong\">3 ans<\/span><\/li>\n<li class=\"titre\">CARACT\u00c9RISTIQUES DU COLIS<\/li>\n<li>Dimensions colis 1<span class=\"strong\">L. 27 cm x l. 15 cm x H. 87 cm &#8211; Pds 6 kg<\/span><\/li>\n<li>Nombre de colis<span class=\"strong\">1<\/span><\/li>\n<\/ul>\n<\/div>\n<p>**Points forts :** Technologie moderne, faible consommation, praticit\u00e9.<br \/>\n**Pourquoi choisir ce produit ?** Id\u00e9al pour un usage quotidien avec un excellent rapport qualit\u00e9-prix.<\/p>\n","protected":false},"excerpt":{"rendered":"<ul class=\"details-heading-product\">\n<li>EAN <span class=\"strong\">5025155034095<\/span><\/li>\n<li>R\u00e9f : 320EMP543MP001<\/li>\n<li>Disponible en stock<\/li>\n<li>D\u00e9lai de livraison 2 \u00e0 3 jours<\/li>\n<li>Marque <span class=\"strong\">DYSON<\/span><\/li>\n<li class=\"titre\">CARACT\u00c9RISTIQUES DU PRODUIT<\/li>\n<li>Type d&rsquo;aspirateur <span class=\"strong\">Balai<\/span><\/li>\n<li>Type de collecteur <span class=\"strong\">Sans Sac<\/span><\/li>\n<li>Alimentation <span class=\"strong\">Rechargeable<\/span><\/li>\n<li>Autonomie en mn<span class=\"strong\">60<\/span><\/li>\n<li>Volume maximum de poussi\u00e8re collect\u00e9 (en litres)<span class=\"strong\">0.76<\/span><\/li>\n<li>Variateur de puissance <span class=\"strong\">Oui<\/span><\/li>\n<li>Commande \u00e9lectronique \u00e0 la poign\u00e9e <span class=\"strong\">N\/A<\/span><\/li>\n<\/ul>\n<p> Compact, \u00e9co-\u00e9nerg\u00e9tique et facile \u00e0 utiliser.<\/p>\n","protected":false},"featured_media":2943,"comment_status":"closed","ping_status":"closed","template":"","meta":[],"product_brand":[],"product_cat":[162,180],"product_tag":[],"class_list":{"0":"post-2942","1":"product","2":"type-product","3":"status-publish","6":"product_cat-aspirateur","7":"product_cat-electromenagers","9":"first","10":"instock","11":"sale","12":"taxable","13":"shipping-taxable","14":"purchasable","15":"product-type-simple"},"_links":{"self":[{"href":"https:\/\/menagers-holding.fr\/index.php?rest_route=\/wp\/v2\/product\/2942","targetHints":{"allow":["GET"]}}],"collection":[{"href":"https:\/\/menagers-holding.fr\/index.php?rest_route=\/wp\/v2\/product"}],"about":[{"href":"https:\/\/menagers-holding.fr\/index.php?rest_route=\/wp\/v2\/types\/product"}],"replies":[{"embeddable":true,"href":"https:\/\/menagers-holding.fr\/index.php?rest_route=%2Fwp%2Fv2%2Fcomments&post=2942"}],"wp:featuredmedia":[{"embeddable":true,"href":"https:\/\/menagers-holding.fr\/index.php?rest_route=\/wp\/v2\/media\/2943"}],"wp:attachment":[{"href":"https:\/\/menagers-holding.fr\/index.php?rest_route=%2Fwp%2Fv2%2Fmedia&parent=2942"}],"wp:term":[{"taxonomy":"product_brand","embeddable":true,"href":"https:\/\/menagers-holding.fr\/index.php?rest_route=%2Fwp%2Fv2%2Fproduct_brand&post=2942"},{"taxonomy":"product_cat","embeddable":true,"href":"https:\/\/menagers-holding.fr\/index.php?rest_route=%2Fwp%2Fv2%2Fproduct_cat&post=2942"},{"taxonomy":"product_tag","embeddable":true,"href":"https:\/\/menagers-holding.fr\/index.php?rest_route=%2Fwp%2Fv2%2Fproduct_tag&post=2942"}],"curies":[{"name":"wp","href":"https:\/\/api.w.org\/{rel}","templated":true}]}}