{"id":2937,"date":"2022-08-26T09:42:50","date_gmt":"2022-08-26T09:42:50","guid":{"rendered":"https:\/\/menagers-holding.fr\/?post_type=product&#038;p=2937"},"modified":"2025-09-23T08:41:02","modified_gmt":"2025-09-23T08:41:02","slug":"dyson-aspirateur-sans-fil-v15-detect-absolute","status":"publish","type":"product","link":"https:\/\/menagers-holding.fr\/?product=dyson-aspirateur-sans-fil-v15-detect-absolute","title":{"rendered":"DYSON Aspirateur sans fil V15 Detect\u2122 Absolute"},"content":{"rendered":"<h3>Une aspiration haut de gamme<\/h3>\n<p>&nbsp;<\/p>\n<p>D\u00e9couvrez une nouvelle mani\u00e8re d&rsquo;aspirer vos surfaces gr\u00e2ce \u00e0 l&rsquo;<strong>aspirateur DYSON<\/strong>V15 Detect Absolute. D&rsquo;une puissance de 29,4 volts, cet\u00a0<strong>aspirateur sans fil <\/strong>dispose d&rsquo;une brosse motoris\u00e9e High Torque auto-d\u00e9m\u00ealante qui d\u00e9tecte le type de sol, que ce soit du carrelage, du parquet ou de la moquette. La technologie Laser Slim Fluffy r\u00e9v\u00e8le quant \u00e0 elle les particules invisibles \u00e0 l&rsquo;\u0153il nu, pour obtenir un sol parfaitement propre. Pratique, cet appareil \u00e9value la quantit\u00e9 de poussi\u00e8re aspir\u00e9e afin d&rsquo;ajuster la puissance de nettoyage. D&rsquo;une autonomie de 60 minutes, cet\u00a0<strong>aspirateur sans fil et sans sac <\/strong>se recharge en 4h30. Le bac de 0,76 litre se vide tr\u00e8s facilement.<\/p>\n<p>&nbsp;<\/p>\n<h3><\/h3>\n<h3>Un design bien pens\u00e9<\/h3>\n<p>&nbsp;<\/p>\n<p>Avec ses lignes affin\u00e9es et son design moderne, cet\u00a0<strong>aspirateur sans fil multicolore<\/strong>a tout pour plaire. Sa station de recharge vous permettra de le ranger de fa\u00e7on organis\u00e9e. C\u00f4t\u00e9 accessoires, cet appareil est livr\u00e9 avec diff\u00e9rentes brosses et diff\u00e9rents ustensiles pour nettoyer les moindres recoins de la maison.<\/p>\n<p>&nbsp;<\/p>\n<div class=\"table-heading-product\">\n<ul class=\"details-heading-product\">\n<li class=\"titre\">G\u00c9N\u00c9RALES<\/li>\n<li>EAN <span class=\"strong\">5025155057421<\/span><\/li>\n<li>Marque <span class=\"strong\">DYSON<\/span><\/li>\n<li class=\"titre\">CARACT\u00c9RISTIQUES DU PRODUIT<\/li>\n<li>Type d&rsquo;aspirateur <span class=\"strong\">Balai<\/span><\/li>\n<li>Type de collecteur <span class=\"strong\">Sans Sac<\/span><\/li>\n<li>Alimentation <span class=\"strong\">Rechargeable<\/span><\/li>\n<li>Puissance en volts<span class=\"strong\">29,4<\/span><\/li>\n<li>Autonomie en mn<span class=\"strong\">60<\/span><\/li>\n<li>Volume maximum de poussi\u00e8re collect\u00e9 (en litres)<span class=\"strong\">0.76<\/span><\/li>\n<li>Variateur de puissance <span class=\"strong\">Oui<\/span><\/li>\n<li>Commande \u00e9lectronique \u00e0 la poign\u00e9e <span class=\"strong\">N\/A<\/span><\/li>\n<li>C\u00e2ble enrouleur <span class=\"strong\">N\/A<\/span><\/li>\n<li>Multifonction <span class=\"strong\">Non<\/span><\/li>\n<li>Tube<span class=\"strong\">N\/A<\/span><\/li>\n<li>Rechargeable <span class=\"strong\">Oui<\/span><\/li>\n<\/ul>\n<ul class=\"details-heading-product\">\n<li>Temps de charge<span class=\"strong\">4h30<\/span><\/li>\n<li>Capacite en litres<span class=\"strong\">0,76<\/span><\/li>\n<li class=\"titre\">FONCTIONNALIT\u00c9S<\/li>\n<li>Rayon d&rsquo;action en m<span class=\"strong\">n\/a<\/span><\/li>\n<li class=\"titre\">ACCESSOIRES<\/li>\n<li>Accessoires <span class=\"strong\">Accessoire combin\u00e9 et long suceur, station murale<\/span><\/li>\n<li>Brosses sp\u00e9cifiques <span class=\"strong\">motoris\u00e9e, laser, mini brosse motoris\u00e9e, brosse douce, rigide<\/span><\/li>\n<li>Brosse pour poils d&rsquo;animaux <span class=\"strong\">Non<\/span><\/li>\n<li>Electrobrosse <span class=\"strong\">Oui<\/span><\/li>\n<li>Turbo brosse <span class=\"strong\">Non<\/span><\/li>\n<li class=\"titre\">SERVICES<\/li>\n<li>Garantie 3<span class=\"strong\">\u00a0ans, pi\u00e8ces, main d&rsquo;oeuvre et transport<\/span><\/li>\n<li>Disponibilit\u00e9 des pi\u00e8ces d\u00e9tach\u00e9es (Donn\u00e9e fournisseur) <span class=\"strong\">3 ans<\/span><\/li>\n<li class=\"titre\">CARACT\u00c9RISTIQUES DU COLIS<\/li>\n<li>Dimensions colis 1<span class=\"strong\">L. 99 cm x l. 15 cm x H. 27 cm &#8211; Pds 6.8 kg<\/span><\/li>\n<li>Nombre de colis<span class=\"strong\">1<\/span><\/li>\n<\/ul>\n<\/div>\n<p>**Points forts :** Technologie moderne, faible consommation, praticit\u00e9.<br \/>\n**Pourquoi choisir ce produit ?** Id\u00e9al pour un usage quotidien avec un excellent rapport qualit\u00e9-prix.<\/p>\n","protected":false},"excerpt":{"rendered":"<ul>\n<li>EAN <span class=\"strong\">5025155057421<\/span><\/li>\n<li>R\u00e9f: 95EMP1176MP25<\/li>\n<li>Disponible en stock<\/li>\n<li>D\u00e9lai de livraison 2 \u00e0 3 jours<\/li>\n<li>Accessoires <span class=\"strong\">Accessoire combin\u00e9 et long suceur, station murale<\/span><\/li>\n<li>Brosses sp\u00e9cifiques <span class=\"strong\">motoris\u00e9e, laser, mini brosse motoris\u00e9e, brosse douce, rigide<\/span><\/li>\n<li>Brosse pour poils d&rsquo;animaux <span class=\"strong\">Non<\/span><\/li>\n<li>Electrobrosse <span class=\"strong\">Oui<\/span><\/li>\n<li>Turbo brosse <span class=\"strong\">Non<\/span><\/li>\n<li class=\"titre\">SERVICES<\/li>\n<li>Garantie 3<span class=\"strong\">\u00a0ans, pi\u00e8ces, main d&rsquo;oeuvre et transport<\/span><\/li>\n<li>Disponibilit\u00e9 des pi\u00e8ces d\u00e9tach\u00e9es (Donn\u00e9e fournisseur) <span class=\"strong\">3 ans<\/span><\/li>\n<li><\/li>\n<\/ul>\n<p> Compact, \u00e9co-\u00e9nerg\u00e9tique et facile \u00e0 utiliser.<\/p>\n","protected":false},"featured_media":2938,"comment_status":"closed","ping_status":"closed","template":"","meta":[],"product_brand":[],"product_cat":[162,180],"product_tag":[],"class_list":{"0":"post-2937","1":"product","2":"type-product","3":"status-publish","6":"product_cat-aspirateur","7":"product_cat-electromenagers","9":"first","10":"instock","11":"sale","12":"taxable","13":"shipping-taxable","14":"purchasable","15":"product-type-simple"},"_links":{"self":[{"href":"https:\/\/menagers-holding.fr\/index.php?rest_route=\/wp\/v2\/product\/2937","targetHints":{"allow":["GET"]}}],"collection":[{"href":"https:\/\/menagers-holding.fr\/index.php?rest_route=\/wp\/v2\/product"}],"about":[{"href":"https:\/\/menagers-holding.fr\/index.php?rest_route=\/wp\/v2\/types\/product"}],"replies":[{"embeddable":true,"href":"https:\/\/menagers-holding.fr\/index.php?rest_route=%2Fwp%2Fv2%2Fcomments&post=2937"}],"wp:featuredmedia":[{"embeddable":true,"href":"https:\/\/menagers-holding.fr\/index.php?rest_route=\/wp\/v2\/media\/2938"}],"wp:attachment":[{"href":"https:\/\/menagers-holding.fr\/index.php?rest_route=%2Fwp%2Fv2%2Fmedia&parent=2937"}],"wp:term":[{"taxonomy":"product_brand","embeddable":true,"href":"https:\/\/menagers-holding.fr\/index.php?rest_route=%2Fwp%2Fv2%2Fproduct_brand&post=2937"},{"taxonomy":"product_cat","embeddable":true,"href":"https:\/\/menagers-holding.fr\/index.php?rest_route=%2Fwp%2Fv2%2Fproduct_cat&post=2937"},{"taxonomy":"product_tag","embeddable":true,"href":"https:\/\/menagers-holding.fr\/index.php?rest_route=%2Fwp%2Fv2%2Fproduct_tag&post=2937"}],"curies":[{"name":"wp","href":"https:\/\/api.w.org\/{rel}","templated":true}]}}