{"id":2935,"date":"2022-08-26T09:30:56","date_gmt":"2022-08-26T09:30:56","guid":{"rendered":"https:\/\/menagers-holding.fr\/?post_type=product&#038;p=2935"},"modified":"2025-09-23T08:41:02","modified_gmt":"2025-09-23T08:41:02","slug":"nettoyeur-de-sol-tineco-s5-extreme","status":"publish","type":"product","link":"https:\/\/menagers-holding.fr\/?product=nettoyeur-de-sol-tineco-s5-extreme","title":{"rendered":"Nettoyeur de sol TINECO S5 Extreme"},"content":{"rendered":"<div class=\"description__desc\">\n<table>\n<tbody>\n<tr>\n<td><\/td>\n<\/tr>\n<tr>\n<td><\/td>\n<td>Type de produit<\/td>\n<td>Nettoyeur de sol<\/td>\n<\/tr>\n<tr>\n<td><\/td>\n<td>Fonctions<\/td>\n<td>3 en 1 : Aspire, lave &amp; s\u00e9che<\/td>\n<\/tr>\n<tr>\n<td><\/td>\n<td>Produit utilis\u00e9<\/td>\n<td>Eau et d\u00e9tergent nettoyeur de sols<\/td>\n<\/tr>\n<tr>\n<td><\/td>\n<td>Utilisation<\/td>\n<td>Sans fil<\/td>\n<\/tr>\n<tr>\n<td><\/td>\n<td>Puissance consomm\u00e9e<\/td>\n<td>220 W<\/td>\n<\/tr>\n<tr>\n<td><\/td>\n<td>Puissance (en V)<\/td>\n<td>Tr\u00e8s puissant (25,2V)<\/td>\n<\/tr>\n<tr>\n<td><\/td>\n<td>Niveau sonore<\/td>\n<td>78 dB<\/td>\n<\/tr>\n<tr>\n<td><\/td>\n<td>Coloris<\/td>\n<td>Bleu<\/td>\n<\/tr>\n<tr>\n<td><\/td>\n<td>Gamme<\/td>\n<td>Aqua clean<\/td>\n<\/tr>\n<tr>\n<td><\/td>\n<td>Type de sols<\/td>\n<td>Tous type de sols<\/td>\n<\/tr>\n<tr>\n<td>Batterie<\/td>\n<td><\/td>\n<\/tr>\n<tr>\n<td><\/td>\n<td>Type de batterie<\/td>\n<td>Batterie longue dur\u00e9e (Li-Ion)<\/td>\n<\/tr>\n<tr>\n<td><\/td>\n<td>Temps de charge<\/td>\n<td>4 heures<\/td>\n<\/tr>\n<tr>\n<td><\/td>\n<td>Autonomie<\/td>\n<td>Autonomie \u00e9lev\u00e9e (30 mn)<\/td>\n<\/tr>\n<tr>\n<td><\/td>\n<td>Support de charge<\/td>\n<td>Station d&rsquo;accueil et chargeur<\/td>\n<\/tr>\n<tr>\n<td><\/td>\n<td>Nettoyage<\/td>\n<td>Poussi\u00e8res et liquides<\/td>\n<\/tr>\n<tr>\n<td>Reservoir<\/td>\n<td><\/td>\n<\/tr>\n<tr>\n<td><\/td>\n<td>Capacit\u00e9 eau propre<\/td>\n<td>0.8 ml<\/td>\n<\/tr>\n<tr>\n<td><\/td>\n<td>Hygi\u00e9nique : double r\u00e9servoir<\/td>\n<td>Permet de s\u00e9parer votre eau propre de votre eau sale<\/td>\n<\/tr>\n<tr>\n<td><\/td>\n<td>Capacit\u00e9 eau sale<\/td>\n<td>0.7 ml<\/td>\n<\/tr>\n<tr>\n<td><\/td>\n<td>Bac \u00e0 poussi\u00e8re d\u00e9brits<\/td>\n<td>Oui<\/td>\n<\/tr>\n<tr>\n<td><\/td>\n<td>R\u00e9servoir amovible<\/td>\n<td>Oui<\/td>\n<\/tr>\n<tr>\n<td>Maniabilite<\/td>\n<td><\/td>\n<\/tr>\n<tr>\n<td><\/td>\n<td>Position parking<\/td>\n<td>Permet de tenir seul debout<\/td>\n<\/tr>\n<tr>\n<td><\/td>\n<td>Commande \u00e0 la poign\u00e9es<\/td>\n<td>Oui<\/td>\n<\/tr>\n<tr>\n<td><\/td>\n<td>Rayon d&rsquo;action (en m\u00e8tres)<\/td>\n<td>Sans fil, rayon d&rsquo;action illimit\u00e9<\/td>\n<\/tr>\n<tr>\n<td><\/td>\n<td>Programmes<\/td>\n<td>Oui<\/td>\n<\/tr>\n<tr>\n<td>Entretien<\/td>\n<td><\/td>\n<\/tr>\n<tr>\n<td><\/td>\n<td>Filtre permanents<\/td>\n<td>Non<\/td>\n<\/tr>\n<tr>\n<td><\/td>\n<td>Filtre lavable<\/td>\n<td>Oui<\/td>\n<\/tr>\n<tr>\n<td><\/td>\n<td>Auto-nettoyage<\/td>\n<td>Oui<\/td>\n<\/tr>\n<tr>\n<td>Dimensions<\/td>\n<td><\/td>\n<\/tr>\n<tr>\n<td><\/td>\n<td>Dimensions l x h x p<\/td>\n<td>27.3 x 110 x 26 cm<\/td>\n<\/tr>\n<tr>\n<td><\/td>\n<td>Poids Net<\/td>\n<td>4.5 Kg<\/td>\n<\/tr>\n<tr>\n<td><\/td>\n<td>Poids Brut<\/td>\n<td>8 Kg<\/td>\n<\/tr>\n<tr>\n<td>Informations et services<\/td>\n<td><\/td>\n<\/tr>\n<tr>\n<td><\/td>\n<td>Fabriqu\u00e9 en<\/td>\n<td>Chine<\/td>\n<\/tr>\n<tr>\n<td><\/td>\n<td>Disponibilit\u00e9 des pi\u00e8ces d\u00e9tach\u00e9es (donn\u00e9es fournisseur)<\/td>\n<td>Pendant 5 ans, \u00e0 compter de la date de fabrication<\/td>\n<\/tr>\n<tr>\n<td>Contenu du carton<\/td>\n<td><\/td>\n<\/tr>\n<tr>\n<td><\/td>\n<td>Notice<\/td>\n<td>Oui<\/td>\n<\/tr>\n<tr>\n<td><\/td>\n<td>Accessoires fournies<\/td>\n<td>1x station d&rsquo;accueil 1x accessoire de nettoyage multifonction 1x flacon de produit de nettoyage et d\u00e9sodorisant 1 x adaptateur secteur<\/td>\n<\/tr>\n<tr>\n<td><\/td>\n<td>Livr\u00e9 avec<\/td>\n<td>Notice, 1x station d&rsquo;accueil 1x accessoire de nettoyage multifonction 1x flacon de produit de nettoyage et d\u00e9sodorisant 1 x adaptateur secteur<\/td>\n<\/tr>\n<tr>\n<td>Balisage magasin nettoyeur de sol<\/td>\n<td><\/td>\n<\/tr>\n<tr>\n<td><\/td>\n<td>Autonomie<\/td>\n<td>jusqu&rsquo;\u00e0 30 min<\/td>\n<\/tr>\n<\/tbody>\n<\/table>\n<\/div>\n<div class=\"description__cla\">\n<p>Cuve\/r\u00e9servoir amovible : Oui<\/p>\n<p>Autonomie (en heures) : Autonomie \u00c3\u00a9lev\u00c3\u00a9e (30 mn)<\/p>\n<p>Temps de charge : 4 heures<\/p>\n<\/div>\n<p>**Points forts :** Technologie moderne, faible consommation, praticit\u00e9.<br \/>\n**Pourquoi choisir ce produit ?** Id\u00e9al pour un usage quotidien avec un excellent rapport qualit\u00e9-prix.<\/p>\n","protected":false},"excerpt":{"rendered":"<p>R\u00e9f: 224EMP9841MP365<\/p>\n<ul>\n<li>EAN: 6972200198495<\/li>\n<li class=\"keypoints__item\">3 en 1 : Aspire, lave &amp; s\u00e9che<\/li>\n<li class=\"keypoints__item\">Sans fil &#8211; Poids Net : 4.5<\/li>\n<li class=\"keypoints__item\">Autonomie \u00e9lev\u00e9e (30 mn)<\/li>\n<li class=\"keypoints__item\">Batterie longue dur\u00e9e (Li-Ion) &#8211; Hygi\u00e9nique : double r\u00e9servoir : Permet de s\u00e9parer votre eau propre de votre eau sale<\/li>\n<li class=\"keypoints__item keypoints__item--advantage\"><strong>Le + :<\/strong>\u00a0Syst\u00e8me de nettoyage exclusif le long des plinthes et mode aspiration classique sans eau<\/li>\n<li>Garantie 3 ans<\/li>\n<\/ul>\n<p>Disponible en stock<\/p>\n<p>D\u00e9lai de livraison 2 \u00e0 3 jours Compact, \u00e9co-\u00e9nerg\u00e9tique et facile \u00e0 utiliser.<\/p>\n","protected":false},"featured_media":2936,"comment_status":"closed","ping_status":"closed","template":"","meta":[],"product_brand":[],"product_cat":[162,180],"product_tag":[],"class_list":{"0":"post-2935","1":"product","2":"type-product","3":"status-publish","6":"product_cat-aspirateur","7":"product_cat-electromenagers","9":"first","10":"instock","11":"sale","12":"taxable","13":"shipping-taxable","14":"purchasable","15":"product-type-simple"},"_links":{"self":[{"href":"https:\/\/menagers-holding.fr\/index.php?rest_route=\/wp\/v2\/product\/2935","targetHints":{"allow":["GET"]}}],"collection":[{"href":"https:\/\/menagers-holding.fr\/index.php?rest_route=\/wp\/v2\/product"}],"about":[{"href":"https:\/\/menagers-holding.fr\/index.php?rest_route=\/wp\/v2\/types\/product"}],"replies":[{"embeddable":true,"href":"https:\/\/menagers-holding.fr\/index.php?rest_route=%2Fwp%2Fv2%2Fcomments&post=2935"}],"wp:featuredmedia":[{"embeddable":true,"href":"https:\/\/menagers-holding.fr\/index.php?rest_route=\/wp\/v2\/media\/2936"}],"wp:attachment":[{"href":"https:\/\/menagers-holding.fr\/index.php?rest_route=%2Fwp%2Fv2%2Fmedia&parent=2935"}],"wp:term":[{"taxonomy":"product_brand","embeddable":true,"href":"https:\/\/menagers-holding.fr\/index.php?rest_route=%2Fwp%2Fv2%2Fproduct_brand&post=2935"},{"taxonomy":"product_cat","embeddable":true,"href":"https:\/\/menagers-holding.fr\/index.php?rest_route=%2Fwp%2Fv2%2Fproduct_cat&post=2935"},{"taxonomy":"product_tag","embeddable":true,"href":"https:\/\/menagers-holding.fr\/index.php?rest_route=%2Fwp%2Fv2%2Fproduct_tag&post=2935"}],"curies":[{"name":"wp","href":"https:\/\/api.w.org\/{rel}","templated":true}]}}