{"id":2923,"date":"2022-08-26T08:49:13","date_gmt":"2022-08-26T08:49:13","guid":{"rendered":"https:\/\/menagers-holding.fr\/?post_type=product&#038;p=2923"},"modified":"2025-09-21T04:31:32","modified_gmt":"2025-09-21T04:31:32","slug":"poele-a-granules-tectro-82-kw","status":"publish","type":"product","link":"https:\/\/menagers-holding.fr\/?product=poele-a-granules-tectro-82-kw","title":{"rendered":"Po\u00eale \u00e0 granul\u00e9s \u00ab\u00a0Tectro\u00a0\u00bb 8,2 KW"},"content":{"rendered":"<div>\n<table class=\"f16ac490 eddf1b8e\">\n<tbody>\n<tr class=\"_16e35652\">\n<th class=\"_5de00b5d _58c871b0 b1bfb616 _23ee746f\">Type d&rsquo;article<\/th>\n<td class=\"d13cb219 _58c871b0 b1bfb616\" data-test-id=\"product-spec-value\">Po\u00eale \u00e0 granul\u00e9s<\/td>\n<\/tr>\n<tr class=\"_16e35652\">\n<th class=\"_5de00b5d _58c871b0 b1bfb616 _23ee746f\">Marque<\/th>\n<td class=\"d13cb219 _58c871b0 b1bfb616\" data-test-id=\"product-spec-value\">Qlima<\/td>\n<\/tr>\n<tr class=\"_16e35652\">\n<th class=\"_5de00b5d _58c871b0 b1bfb616 _23ee746f\"><\/th>\n<td class=\"d13cb219 _58c871b0 b1bfb616\" data-test-id=\"product-spec-value\"><\/td>\n<\/tr>\n<tr class=\"_16e35652\">\n<th class=\"_5de00b5d _58c871b0 b1bfb616 _23ee746f\">Surface de chauffe<\/th>\n<td class=\"d13cb219 _58c871b0 b1bfb616\" data-test-id=\"product-spec-value\">68m\u00b2<\/td>\n<\/tr>\n<tr class=\"_16e35652\">\n<th class=\"_5de00b5d _58c871b0 b1bfb616 _23ee746f\">Couleur<\/th>\n<td class=\"d13cb219 _58c871b0 b1bfb616\" data-test-id=\"product-spec-value\">Noir<\/td>\n<\/tr>\n<tr class=\"_16e35652\">\n<th class=\"_5de00b5d _58c871b0 b1bfb616 _23ee746f\">Puissance maximale<\/th>\n<td class=\"d13cb219 _58c871b0 b1bfb616\" data-test-id=\"product-spec-value\">7.8kW<\/td>\n<\/tr>\n<tr class=\"_16e35652\">\n<th class=\"_5de00b5d _58c871b0 b1bfb616 _23ee746f\">Largeur du produit<\/th>\n<td class=\"d13cb219 _58c871b0 b1bfb616\" data-test-id=\"product-spec-value\">530mm<\/td>\n<\/tr>\n<tr class=\"_16e35652\">\n<th class=\"_5de00b5d _58c871b0 b1bfb616 _23ee746f\">Hauteur du produit<\/th>\n<td class=\"d13cb219 _58c871b0 b1bfb616\" data-test-id=\"product-spec-value\">899mm<\/td>\n<\/tr>\n<tr class=\"_16e35652\">\n<th class=\"_5de00b5d _58c871b0 b1bfb616 _23ee746f\">Profondeur du produit<\/th>\n<td class=\"d13cb219 _58c871b0 b1bfb616\" data-test-id=\"product-spec-value\">480mm<\/td>\n<\/tr>\n<tr class=\"_16e35652\">\n<th class=\"_5de00b5d _58c871b0 b1bfb616 _23ee746f\">T\u00e9l\u00e9commande<\/th>\n<td class=\"d13cb219 _58c871b0 b1bfb616\" data-test-id=\"product-spec-value\">Non t\u00e9l\u00e9command\u00e9<\/td>\n<\/tr>\n<tr class=\"_16e35652\">\n<th class=\"_5de00b5d _58c871b0 b1bfb616 _23ee746f\">Garantie du fabricant<\/th>\n<td class=\"d13cb219 _58c871b0 b1bfb616\" data-test-id=\"product-spec-value\">3 ans<\/td>\n<\/tr>\n<tr class=\"_16e35652\">\n<th class=\"_5de00b5d _58c871b0 b1bfb616 _23ee746f\">R\u00e9f\u00e9rence produit<\/th>\n<td class=\"d13cb219 _58c871b0 b1bfb616\" data-test-id=\"product-ean-spec\">8EMP50876MP9141<\/td>\n<\/tr>\n<\/tbody>\n<\/table>\n<\/div>\n<div class=\"bd-ProductDetails-tableDesc\">\u00e9<\/div>\n<p>**Points forts :** Puissant, silencieux et \u00e9conomique.<br \/>\n**Pourquoi choisir ce produit ?** Pour un confort optimal toute l\u2019ann\u00e9e.<\/p>\n","protected":false},"excerpt":{"rendered":"<p>R\u00e9f: 8EMP50876MP9141<\/p>\n<p>Disponible en stock<\/p>\n<p>D\u00e9lai de livraison 2 \u00e0 3 jours<\/p>\n<p>Puissance nominale max : 8,24 kW. Rendement de 91 \u00e0 92,7 %. Affichage LED. R\u00e9gulation \u00e9lectronique de la temp\u00e9rature avec thermostat. S\u00e9curit\u00e9 anti-surchauffe et d\u00e9tecteur de chaleur pour mise en route. Structure en acier. Dim. : H. 89,9 x L. 47 x P. 47,6 cm. Poids 81 kg. Norme EN 14785. Con\u00e7u pour le confort, la puissance et la faible consommation.<\/p>\n","protected":false},"featured_media":2924,"comment_status":"closed","ping_status":"closed","template":"","meta":[],"product_brand":[],"product_cat":[156,168],"product_tag":[],"class_list":{"0":"post-2923","1":"product","2":"type-product","3":"status-publish","6":"product_cat-chauffage-et-plomberie","7":"product_cat-cheminee","9":"first","10":"instock","11":"sale","12":"taxable","13":"shipping-taxable","14":"purchasable","15":"product-type-simple"},"_links":{"self":[{"href":"https:\/\/menagers-holding.fr\/index.php?rest_route=\/wp\/v2\/product\/2923","targetHints":{"allow":["GET"]}}],"collection":[{"href":"https:\/\/menagers-holding.fr\/index.php?rest_route=\/wp\/v2\/product"}],"about":[{"href":"https:\/\/menagers-holding.fr\/index.php?rest_route=\/wp\/v2\/types\/product"}],"replies":[{"embeddable":true,"href":"https:\/\/menagers-holding.fr\/index.php?rest_route=%2Fwp%2Fv2%2Fcomments&post=2923"}],"wp:featuredmedia":[{"embeddable":true,"href":"https:\/\/menagers-holding.fr\/index.php?rest_route=\/wp\/v2\/media\/2924"}],"wp:attachment":[{"href":"https:\/\/menagers-holding.fr\/index.php?rest_route=%2Fwp%2Fv2%2Fmedia&parent=2923"}],"wp:term":[{"taxonomy":"product_brand","embeddable":true,"href":"https:\/\/menagers-holding.fr\/index.php?rest_route=%2Fwp%2Fv2%2Fproduct_brand&post=2923"},{"taxonomy":"product_cat","embeddable":true,"href":"https:\/\/menagers-holding.fr\/index.php?rest_route=%2Fwp%2Fv2%2Fproduct_cat&post=2923"},{"taxonomy":"product_tag","embeddable":true,"href":"https:\/\/menagers-holding.fr\/index.php?rest_route=%2Fwp%2Fv2%2Fproduct_tag&post=2923"}],"curies":[{"name":"wp","href":"https:\/\/api.w.org\/{rel}","templated":true}]}}