{"id":2921,"date":"2022-08-26T08:41:06","date_gmt":"2022-08-26T08:41:06","guid":{"rendered":"https:\/\/menagers-holding.fr\/?post_type=product&#038;p=2921"},"modified":"2025-09-21T04:31:32","modified_gmt":"2025-09-21T04:31:32","slug":"poele-a-granules-extraflame-giusy-evo-2-0-noir","status":"publish","type":"product","link":"https:\/\/menagers-holding.fr\/?product=poele-a-granules-extraflame-giusy-evo-2-0-noir","title":{"rendered":"Po\u00eale \u00e0 granul\u00e9s Extraflame Giusy Evo 2.0 noir"},"content":{"rendered":"<div class=\"s360-article-detail-panel-title h2\">Caract\u00e9ristiques<\/div>\n<div class=\"s360-article-detail-panel-content\">\n<div class=\"product-attributes\">\n<div class=\"row attr-contents\">\n<div class=\"col-xs-8 col-sm-7 col-md-7 attr-label word-break\">Contenu:<\/div>\n<div class=\"col-xs-4 col-sm-5 col-md-5 attr-value\">1,00 pi\u00e8ce<\/div>\n<\/div>\n<div class=\"row attr-custom\">\n<div class=\"col-xs-8 col-sm-7 col-md-7 attr-label word-break\">Puissance totale (kW):<\/div>\n<div class=\"col-xs-4 col-sm-5 col-md-5 attr-value\">3 &#8211; 7<\/div>\n<\/div>\n<div class=\"row attr-custom\">\n<div class=\"col-xs-8 col-sm-7 col-md-7 attr-label word-break\">Dimensions H x L x P (cm):<\/div>\n<div class=\"col-xs-4 col-sm-5 col-md-5 attr-value\">102 x 50 x 49<\/div>\n<\/div>\n<div class=\"row attr-custom\">\n<div class=\"col-xs-8 col-sm-7 col-md-7 attr-label word-break\">Volume de chauffe (m\u00b3):<\/div>\n<div class=\"col-xs-4 col-sm-5 col-md-5 attr-value\">201<\/div>\n<\/div>\n<div class=\"row attr-custom\">\n<div class=\"col-xs-8 col-sm-7 col-md-7 attr-label word-break\">Sortie de fum\u00e9e (mm):<\/div>\n<div class=\"col-xs-4 col-sm-5 col-md-5 attr-value\">80<\/div>\n<\/div>\n<div class=\"row attr-custom\">\n<div class=\"col-xs-8 col-sm-7 col-md-7 attr-label word-break\">Sortie de fum\u00e9e:<\/div>\n<div class=\"col-xs-4 col-sm-5 col-md-5 attr-value\">au-dessus \/ \u00e0 l&rsquo;arri\u00e8re<\/div>\n<\/div>\n<div class=\"row attr-custom\">\n<div class=\"col-xs-8 col-sm-7 col-md-7 attr-label word-break\">Rendement (%):<\/div>\n<div class=\"col-xs-4 col-sm-5 col-md-5 attr-value\">91<\/div>\n<\/div>\n<div class=\"row attr-custom\">\n<div class=\"col-xs-8 col-sm-7 col-md-7 attr-label word-break\">Volume r\u00e9servoir de granul\u00e9s (kg):<\/div>\n<div class=\"col-xs-4 col-sm-5 col-md-5 attr-value\">15<\/div>\n<\/div>\n<div class=\"row attr-custom\">\n<div class=\"col-xs-8 col-sm-7 col-md-7 attr-label word-break\">Poids (kg):<\/div>\n<div class=\"col-xs-4 col-sm-5 col-md-5 attr-value\">92<\/div>\n<\/div>\n<div class=\"row attr-custom\">\n<div class=\"col-xs-8 col-sm-7 col-md-7 attr-label word-break\">Temp\u00e9rature des fum\u00e9es (\u00b0C):<\/div>\n<div class=\"col-xs-4 col-sm-5 col-md-5 attr-value\">143<\/div>\n<\/div>\n<div class=\"row attr-custom\">\n<div class=\"col-xs-8 col-sm-7 col-md-7 attr-label word-break\">compatible de WiFi:<\/div>\n<div class=\"col-xs-4 col-sm-5 col-md-5 attr-value\">en option<\/div>\n<\/div>\n<div class=\"row attr-custom\">\n<div class=\"col-xs-8 col-sm-7 col-md-7 attr-label word-break\">Consommation de granul\u00e9s (kg\/h):<\/div>\n<div class=\"col-xs-4 col-sm-5 col-md-5 attr-value\">0,7 &#8211; 1,6<\/div>\n<\/div>\n<div class=\"row attr-custom\">\n<div class=\"col-xs-8 col-sm-7 col-md-7 attr-label word-break\">D\u00e9bit massique des fum\u00e9es (g\/s):<\/div>\n<div class=\"col-xs-4 col-sm-5 col-md-5 attr-value\">5,6<\/div>\n<\/div>\n<div class=\"row attr-custom\">\n<div class=\"col-xs-8 col-sm-7 col-md-7 attr-label word-break\">Tirage (Pa):<\/div>\n<div class=\"col-xs-4 col-sm-5 col-md-5 attr-value\">5<\/div>\n<\/div>\n<div class=\"row attr-custom\">\n<div class=\"col-xs-8 col-sm-7 col-md-7 attr-label word-break\">Chambre insert:<\/div>\n<div class=\"col-xs-4 col-sm-5 col-md-5 attr-value\">en fonte<\/div>\n<\/div>\n<div class=\"row attr-custom\">\n<div class=\"col-xs-8 col-sm-7 col-md-7 attr-label word-break\">BimSchV 2:<\/div>\n<div class=\"col-xs-4 col-sm-5 col-md-5 attr-value\">Oui<\/div>\n<\/div>\n<div class=\"row attr-custom\">\n<div class=\"col-xs-8 col-sm-7 col-md-7 attr-label word-break\">incl soufflerie d&rsquo;air chaud:<\/div>\n<div class=\"col-xs-4 col-sm-5 col-md-5 attr-value\">Oui<\/div>\n<\/div>\n<div class=\"row attr-custom\">\n<div class=\"col-xs-8 col-sm-7 col-md-7 attr-label word-break\">DIN EN Nombre:<\/div>\n<div class=\"col-xs-4 col-sm-5 col-md-5 attr-value\">14785<\/div>\n<\/div>\n<div class=\"row attr-custom\">\n<div class=\"col-xs-8 col-sm-7 col-md-7 attr-label word-break\">AT \u00a715a B-VG:<\/div>\n<div class=\"col-xs-4 col-sm-5 col-md-5 attr-value\">Oui<\/div>\n<\/div>\n<div class=\"row attr-custom\">\n<div class=\"col-xs-8 col-sm-7 col-md-7 attr-label word-break\">T\u00e9l\u00e9commande:<\/div>\n<div class=\"col-xs-4 col-sm-5 col-md-5 attr-value\">s\u00e9lectionnable<\/div>\n<\/div>\n<div class=\"row attr-custom\">\n<div class=\"col-xs-8 col-sm-7 col-md-7 attr-label word-break\">Raccord \u00e0 l\u00b4air ext\u00e9rieur (mm):<\/div>\n<div class=\"col-xs-4 col-sm-5 col-md-5 attr-value\">50<\/div>\n<\/div>\n<div class=\"row attr-custom\">\n<div class=\"col-xs-8 col-sm-7 col-md-7 attr-label word-break\">Air primaire, secondaire:<\/div>\n<div class=\"col-xs-4 col-sm-5 col-md-5 attr-value\">Oui<\/div>\n<\/div>\n<div class=\"row attr-custom\">\n<div class=\"col-xs-8 col-sm-7 col-md-7 attr-label word-break\">LRV Suiss:<\/div>\n<div class=\"col-xs-4 col-sm-5 col-md-5 attr-value\">Oui<\/div>\n<\/div>\n<\/div>\n<\/div>\n<p>**Points forts :** Puissant, silencieux et \u00e9conomique.<br \/>\n**Pourquoi choisir ce produit ?** Pour un confort optimal toute l\u2019ann\u00e9e.<\/p>\n","protected":false},"excerpt":{"rendered":"<ul>\n<li>R\u00e9f: 11 EMP784MP98<\/li>\n<li>D\u00e9lai de livraison 2 \u00e0 3 jours<\/li>\n<li>Disponible en stock<\/li>\n<li>Puissance totale : 7 kW<\/li>\n<li>volume \u00e0 chauffer : 201 m\u00b3<\/li>\n<li>couleur : noir<\/li>\n<li>rendement : 91 %<\/li>\n<li>en option : t\u00e9l\u00e9commande<\/li>\n<\/ul>\n<p> Con\u00e7u pour le confort, la puissance et la faible consommation.<\/p>\n","protected":false},"featured_media":2922,"comment_status":"closed","ping_status":"closed","template":"","meta":[],"product_brand":[],"product_cat":[156,168],"product_tag":[],"class_list":{"0":"post-2921","1":"product","2":"type-product","3":"status-publish","6":"product_cat-chauffage-et-plomberie","7":"product_cat-cheminee","9":"first","10":"instock","11":"sale","12":"taxable","13":"shipping-taxable","14":"purchasable","15":"product-type-simple"},"_links":{"self":[{"href":"https:\/\/menagers-holding.fr\/index.php?rest_route=\/wp\/v2\/product\/2921","targetHints":{"allow":["GET"]}}],"collection":[{"href":"https:\/\/menagers-holding.fr\/index.php?rest_route=\/wp\/v2\/product"}],"about":[{"href":"https:\/\/menagers-holding.fr\/index.php?rest_route=\/wp\/v2\/types\/product"}],"replies":[{"embeddable":true,"href":"https:\/\/menagers-holding.fr\/index.php?rest_route=%2Fwp%2Fv2%2Fcomments&post=2921"}],"wp:featuredmedia":[{"embeddable":true,"href":"https:\/\/menagers-holding.fr\/index.php?rest_route=\/wp\/v2\/media\/2922"}],"wp:attachment":[{"href":"https:\/\/menagers-holding.fr\/index.php?rest_route=%2Fwp%2Fv2%2Fmedia&parent=2921"}],"wp:term":[{"taxonomy":"product_brand","embeddable":true,"href":"https:\/\/menagers-holding.fr\/index.php?rest_route=%2Fwp%2Fv2%2Fproduct_brand&post=2921"},{"taxonomy":"product_cat","embeddable":true,"href":"https:\/\/menagers-holding.fr\/index.php?rest_route=%2Fwp%2Fv2%2Fproduct_cat&post=2921"},{"taxonomy":"product_tag","embeddable":true,"href":"https:\/\/menagers-holding.fr\/index.php?rest_route=%2Fwp%2Fv2%2Fproduct_tag&post=2921"}],"curies":[{"name":"wp","href":"https:\/\/api.w.org\/{rel}","templated":true}]}}