{"id":2910,"date":"2022-08-26T08:11:10","date_gmt":"2022-08-26T08:11:10","guid":{"rendered":"https:\/\/menagers-holding.fr\/?post_type=product&#038;p=2910"},"modified":"2025-09-21T04:31:32","modified_gmt":"2025-09-21T04:31:32","slug":"poele-a-granules-invicta-adrano-7-noir","status":"publish","type":"product","link":"https:\/\/menagers-holding.fr\/?product=poele-a-granules-invicta-adrano-7-noir","title":{"rendered":"PO\u00caLE \u00e0 Granul\u00e9s Invicta Adrano 7 Noir"},"content":{"rendered":"<p><strong>Kit Wifi en option<\/strong><br \/>\nPossibilit\u00e9 de raccorder un kit Wifi optionnel au po\u00eale \u00e0 granul\u00e9s pour le piloter \u00e0 distance, depuis un appareil mobile.<br \/>\n<strong>Possibilit\u00e9 de pilotage par thermostat externe (non fourni)<\/strong><br \/>\nUn thermostat d\u2019ambiance externe peut \u00eatre connect\u00e9 en utilisant un contact sec \u00e0 relier \u00e0 la carte \u00e9lectronique de l\u2019appareil.<br \/>\n<strong>Programmation horaire<\/strong><br \/>\n* JOUR : l\u2019appareil dispose de 2 programmes quotidiens qui permettent 2 allumages et 2 arr\u00eats par jour<br \/>\n* SEMAINE : l\u2019appareil dispose de 4 programmes hebdomadaires, ce qui permet de programmer 4 allumages et 4 arr\u00eats par jour sur toute la semaine.<br \/>\n* WEEK-END : l\u2019appareil dispose de 2 programmes pour la fin de semaine (samedi, dimanche) qui permettent 2 allumages et 2 arr\u00eats par jour.<br \/>\nR\u00e9gulation de l&rsquo;allure ou de la temp\u00e9rature ambiante<br \/>\n* R\u00e9glage de la puissance de fonctionnement : 5 puissances pr\u00e9-programm\u00e9es g\u00e9r\u00e9es de fa\u00e7on automatique.<br \/>\n* R\u00e9glage de la temp\u00e9rature de consigne : vous choisissez la temp\u00e9rature ambiante souhait\u00e9e dans la pi\u00e8ce. Elle est mesur\u00e9e par une sonde filaire. Le po\u00eale \u00e0 granul\u00e9s r\u00e9gule sa puissance pour atteindre et maintenir la valeur demand\u00e9e.<br \/>\n<strong>Sortie d&rsquo;air chaud par ventilateur<\/strong><br \/>\nLe ventilateur de distribution d\u2019air chaud frontal est de type tangentiel. Il diffuse l\u2019air chaud dans la pi\u00e8ce.<br \/>\n<strong>Stand-by &#8211; veille<\/strong><br \/>\nLe stand-by est la fonction veille de l\u2019appareil. L\u2019appareil s\u2019\u00e9teint si la temp\u00e9rature ambiante est sup\u00e9rieure de 3\u00b0C \u00e0 la temp\u00e9rature de consigne pendant plus de 60 secondes. L\u2019appareil se remet en route d\u00e8s que la temp\u00e9rature ambiante descend de 1\u00b0C en dessous de la temp\u00e9rature de consigne.<\/p>\n<p><strong>Caract\u00e9ristiques<br \/>\n<\/strong><\/p>\n<ul>\n<li>PUISSANCE OPTIMALE (KW) 7<\/li>\n<li>MODULATION PUISSANCE (KW) 3,1 &#8211; 7,3<\/li>\n<li>VOLUME DE CHAUFFE (M\u00b3) 65 &#8211; 210<\/li>\n<li>SURFACE DE CHAUFFE (M\u00b2) 25 &#8211; 85<\/li>\n<li>FLAMME VERTE 7 \u00e9toiles<\/li>\n<li>RENDEMENT UTILE (%) 88,7 &#8211; 92,3<\/li>\n<li>RENDEMENT SAISONNIER (%) 85<\/li>\n<li>CO (%) 0,0149 &#8211; 0,0236<\/li>\n<li>CO (MG\/NM\u00b3) 186 &#8211; 295<\/li>\n<li>POUSSI\u00c8RES (MG\/NM\u00b3) 15 &#8211; 19<\/li>\n<li>COG (MG\/NM\u00b3) 1 &#8211; 5<\/li>\n<li>NOX (MG\/NM\u00b3) 98 &#8211; 105<\/li>\n<li>INDICE D&rsquo;EFFICACIT\u00c9 \u00c9NERG\u00c9TIQUE (IEE) 124<\/li>\n<li>D\u00c9BIT MASSIQUE FUM\u00c9ES (G\/S) 3,1 &#8211; 5,1<\/li>\n<li>TEMP\u00c9RATURE DES FUM\u00c9ES (\u00b0C) 101 &#8211; 178<\/li>\n<li>GRANUL\u00c9S DE BOIS NATUREL L 30 mm &#8211; \u00f8 6 mm<\/li>\n<li>CAPACIT\u00c9 DE LA TR\u00c9MIE (KG) 15<\/li>\n<li>CONSOMMATION (KG\/H) 0,69 &#8211; 1,69<\/li>\n<li>AUTONOMIE MINIMUM (H) 8.5<\/li>\n<li>AUTONOMIE MAXIMUM (H) 21,5<\/li>\n<li>CHARGEMENT Dessus<\/li>\n<li>D\u00c9PART DES FUM\u00c9ES Arri\u00e8re<\/li>\n<li>DIAM\u00c8TRE DE BUSE (MM) 80<\/li>\n<li>HAUTEUR DE BUSE \/ SOL (MM) 140<\/li>\n<li>CORPS DE CHAUFFE Adrano<\/li>\n<li>TENSION (V) \/ FR\u00c9QUENCE ALIMENTATION (HERTZ) 230 \/ 50<\/li>\n<li>PUISSANCE \u00c9LECTRIQUE (W) 320<\/li>\n<li>DIMENSIONS (MM) H 950 x L 470 x P 560<\/li>\n<li>POIDS (KG) 72<\/li>\n<li>DESIGN Contemporain<\/li>\n<li>MATI\u00c8RE Acier<\/li>\n<li>FINITION Habillage acier peint<\/li>\n<li>COULEUR(S) Gris, Noir<\/li>\n<li>NORME EN 14785<\/li>\n<li>GARANTIE 3 ans<\/li>\n<\/ul>\n<p>**Points forts :** Puissant, silencieux et \u00e9conomique.<br \/>\n**Pourquoi choisir ce produit ?** Pour un confort optimal toute l\u2019ann\u00e9e.<\/p>\n","protected":false},"excerpt":{"rendered":"<p>Po\u00eale \u00e0 granul\u00e9s &#8211; Puissance 7 KW &#8211; Rendement 92.3 % &#8211; Ecolabel A + &#8211; Flamme verte &#8211; Capacit\u00e9 de la tr\u00e9mie 15 kgs &#8211; Diam\u00e8tre de buse 80 mm<\/p>\n<p>EAN: 3244339409944<\/p>\n<ul>\n<li>Dimensions (H x L x P) : 950 x 470 x 560mm<\/li>\n<li>Poids : 83kg<\/li>\n<li>Puissance : 7kW<\/li>\n<li>Rendement : 88.8 \u00e0 90.4%<\/li>\n<li>Taux de CO : 0.014 \u00e0 0.024%<\/li>\n<li>Indice de performance : 0.1<\/li>\n<li>Chargement par-dessus<\/li>\n<li>Concentration de poussi\u00e8res : 19mg\/Nm\u00b3<\/li>\n<li>Capacit\u00e9 de la tr\u00e9mie : 15kg<\/li>\n<li>Consommation : 0.72 \u00e0 1.73kg\/h<\/li>\n<p>Puissance \u00e9lectrique : 350W<\/p>\n<li>Garantie : 3 ans<\/li>\n<li>Coloris : noir<\/li>\n<\/ul>\n<p>Disponible en stock<\/p>\n<p>d\u00e9lai de livraison 2 \u00e0 3 jours<\/p>\n<p>r\u00e9f: 65EMP2578MP99 Con\u00e7u pour le confort, la puissance et la faible consommation.<\/p>\n","protected":false},"featured_media":2911,"comment_status":"closed","ping_status":"closed","template":"","meta":[],"product_brand":[],"product_cat":[156,168],"product_tag":[],"class_list":{"0":"post-2910","1":"product","2":"type-product","3":"status-publish","6":"product_cat-chauffage-et-plomberie","7":"product_cat-cheminee","9":"first","10":"instock","11":"sale","12":"taxable","13":"shipping-taxable","14":"purchasable","15":"product-type-simple"},"_links":{"self":[{"href":"https:\/\/menagers-holding.fr\/index.php?rest_route=\/wp\/v2\/product\/2910","targetHints":{"allow":["GET"]}}],"collection":[{"href":"https:\/\/menagers-holding.fr\/index.php?rest_route=\/wp\/v2\/product"}],"about":[{"href":"https:\/\/menagers-holding.fr\/index.php?rest_route=\/wp\/v2\/types\/product"}],"replies":[{"embeddable":true,"href":"https:\/\/menagers-holding.fr\/index.php?rest_route=%2Fwp%2Fv2%2Fcomments&post=2910"}],"wp:featuredmedia":[{"embeddable":true,"href":"https:\/\/menagers-holding.fr\/index.php?rest_route=\/wp\/v2\/media\/2911"}],"wp:attachment":[{"href":"https:\/\/menagers-holding.fr\/index.php?rest_route=%2Fwp%2Fv2%2Fmedia&parent=2910"}],"wp:term":[{"taxonomy":"product_brand","embeddable":true,"href":"https:\/\/menagers-holding.fr\/index.php?rest_route=%2Fwp%2Fv2%2Fproduct_brand&post=2910"},{"taxonomy":"product_cat","embeddable":true,"href":"https:\/\/menagers-holding.fr\/index.php?rest_route=%2Fwp%2Fv2%2Fproduct_cat&post=2910"},{"taxonomy":"product_tag","embeddable":true,"href":"https:\/\/menagers-holding.fr\/index.php?rest_route=%2Fwp%2Fv2%2Fproduct_tag&post=2910"}],"curies":[{"name":"wp","href":"https:\/\/api.w.org\/{rel}","templated":true}]}}