{"id":2902,"date":"2022-08-26T06:36:07","date_gmt":"2022-08-26T06:36:07","guid":{"rendered":"https:\/\/menagers-holding.fr\/?post_type=product&#038;p=2902"},"modified":"2025-09-24T06:03:38","modified_gmt":"2025-09-24T06:03:38","slug":"chauffe-eau-thermodynamique-sauter-pagosa-green-270-l","status":"publish","type":"product","link":"https:\/\/menagers-holding.fr\/?product=chauffe-eau-thermodynamique-sauter-pagosa-green-270-l","title":{"rendered":"Chauffe-eau thermodynamique SAUTER Pagosa green 270 l"},"content":{"rendered":"<div class=\"o-product-detail-description__description ml-flexy__col ml-flexy__col--full ml-flexy__col--5of6@from-m ml-flexy__col--push-1of12@from-m ml-flexy__col--2of3@from-l ml-flexy__col--push-1of6@from-l\">\n<p>Produit engag\u00e9 : Technologie thermodynamique: la production d&rsquo;eau chaude \u00e9lectrique la plus \u00e9conome en \u00e9nergie, Fabrication Europe (France). Chauffe-eau thermodynamique. Connect\u00e9. Ecologique et \u00e9conomique. Classe \u00e9nergique A+. S&rsquo;adapte \u00e0 vos besoins. Simple d&rsquo;installation et d&rsquo;utilisation. Modes auto, boost et absence. Anode ACI Hybride\u00ae. R\u00e9sistance st\u00e9atite.<\/p>\n<p>Le chauffe-eau thermodynamique Pagosa Green utilise les calories de l&rsquo;air afin de produire de l&rsquo;eau chaude. Intelligent, il apprend de vos habitudes de consommation afin de chauffer le volume d&rsquo;eau qui vous est n\u00e9cessaire, vous garantissant ainsi des \u00e9conomies d&rsquo;\u00e9nergies tout en conservant votre confort. Vous pouvez \u00e9galement visualiser votre consommation. Activez le mode absence lorsque vous vous absenter pour une mise en temp\u00e9rature hors gel et le mode boost afin de r\u00e9pondre \u00e0 un besoin ponctuel d&rsquo;eau chaude suppl\u00e9mentaire. Dot\u00e9 d&rsquo;une anode ACI Hybride\u00ae qui prot\u00e8ge la cuve contre la corrosion, mais \u00e9galement d&rsquo;une r\u00e9sistance st\u00e9atite prot\u00e9g\u00e9e d&rsquo;un fourreau, il est durable et facile d&rsquo;entretien. B\u00e9n\u00e9ficiez d&rsquo;un confort suppl\u00e9mentaire d&rsquo;utilisation en pilotant \u00e0 distance votre chauffe-eau via l&rsquo;application gratuite Cozytouch\u00ae et son bridge inclus.<\/p>\n<\/div>\n<div class=\"ml-flexy__col ml-flexy__col--full ml-flexy__col--5of6@from-m ml-flexy__col--push-1of12@from-m ml-flexy__col--2of3@from-l ml-flexy__col--push-1of6@from-l\">\n<table class=\"o-product-features\" role=\"presentation\" data-cerberus=\"TABLE_AttributesProduct\">\n<caption class=\"kl-hidden-accessibility\">\u00a0<\/caption>\n<tbody>\n<tr class=\"m-product-attr-row\">\n<th class=\"m-product-attr-row__name\" scope=\"row\">Nom du produit<\/th>\n<td class=\"m-product-attr-row__value\">Chauffe-eau<\/td>\n<\/tr>\n<tr class=\"m-product-attr-row\">\n<th class=\"m-product-attr-row__name\" scope=\"row\">R\u00e9f\u00e9rence commerciale<\/th>\n<td class=\"m-product-attr-row__value\">PAGOSA GREEN<\/td>\n<\/tr>\n<tr class=\"m-product-attr-row\">\n<th class=\"m-product-attr-row__name\" scope=\"row\">Marque du produit<\/th>\n<td class=\"m-product-attr-row__value\">SAUTER<\/td>\n<\/tr>\n<tr class=\"m-product-attr-row\">\n<th class=\"m-product-attr-row__name\" scope=\"row\">Capacit\u00e9 du ballon (en l)<\/th>\n<td class=\"m-product-attr-row__value\">270<\/td>\n<\/tr>\n<tr class=\"m-product-attr-row\">\n<th class=\"m-product-attr-row__name\" scope=\"row\">Eligible MaPrimeR\u00e9nov&rsquo;<\/th>\n<td class=\"m-product-attr-row__value\">Oui<\/td>\n<\/tr>\n<tr class=\"m-product-attr-row\">\n<th class=\"m-product-attr-row__name\" scope=\"row\">Type d&rsquo;anode<\/th>\n<td class=\"m-product-attr-row__value\">ACI hybride<\/td>\n<\/tr>\n<tr class=\"m-product-attr-row\">\n<th class=\"m-product-attr-row__name\" scope=\"row\">Nombre de personnes dans le foyer<\/th>\n<td class=\"m-product-attr-row__value\">de 3 \u00e0 7 personnes<\/td>\n<\/tr>\n<tr class=\"m-product-attr-row\">\n<th class=\"m-product-attr-row__name\" scope=\"row\">Mati\u00e8re principale<\/th>\n<td class=\"m-product-attr-row__value\">Acier \u00e9maill\u00e9<\/td>\n<\/tr>\n<tr class=\"m-product-attr-row\">\n<th class=\"m-product-attr-row__name\" scope=\"row\">Hauteur (en cm)<\/th>\n<td class=\"m-product-attr-row__value\">195.7<\/td>\n<\/tr>\n<tr class=\"m-product-attr-row\">\n<th class=\"m-product-attr-row__name\" scope=\"row\">Diam\u00e8tre du ballon (en cm)<\/th>\n<td class=\"m-product-attr-row__value\">620<\/td>\n<\/tr>\n<tr class=\"m-product-attr-row\">\n<th class=\"m-product-attr-row__name\" scope=\"row\">Poids du produit nu (en kg)<\/th>\n<td class=\"m-product-attr-row__value\">92<\/td>\n<\/tr>\n<tr class=\"m-product-attr-row\">\n<th class=\"m-product-attr-row__name\" scope=\"row\">Niveau sonore (en dB)<\/th>\n<td class=\"m-product-attr-row__value\">53<\/td>\n<\/tr>\n<tr class=\"m-product-attr-row\">\n<th class=\"m-product-attr-row__name\" scope=\"row\">Classe \u00e9nerg\u00e9tique (A+ \u00e0 F)<\/th>\n<td class=\"m-product-attr-row__value\">A+<\/td>\n<\/tr>\n<tr class=\"m-product-attr-row\">\n<th class=\"m-product-attr-row__name\" scope=\"row\">Accessoires fournis<\/th>\n<td class=\"m-product-attr-row__value\">Bridge Cozytouch, tube d&rsquo;\u00e9vacuation des condensats, pieds r\u00e9glables, raccord di\u00e9lectrique, patte d&rsquo;accroche au sol<\/td>\n<\/tr>\n<tr class=\"m-product-attr-row\">\n<th class=\"m-product-attr-row__name\" scope=\"row\">Pays de fabrication<\/th>\n<td class=\"m-product-attr-row__value\">France<\/td>\n<\/tr>\n<tr class=\"m-product-attr-row\">\n<th class=\"m-product-attr-row__name\" scope=\"row\">Fabrication fran\u00e7aise<\/th>\n<td class=\"m-product-attr-row__value\">Oui<\/td>\n<\/tr>\n<tr class=\"m-product-attr-row\">\n<th class=\"m-product-attr-row__name\" scope=\"row\">Compatible avec l&rsquo;application Enki<\/th>\n<td class=\"m-product-attr-row__value\">Non<\/td>\n<\/tr>\n<tr class=\"m-product-attr-row\">\n<th class=\"m-product-attr-row__name\" scope=\"row\">Objet connect\u00e9<\/th>\n<td class=\"m-product-attr-row__value\">Oui<\/td>\n<\/tr>\n<tr class=\"m-product-attr-row\">\n<th class=\"m-product-attr-row__name\" scope=\"row\">Garantie (inclut la garantie l\u00e9gale de conformit\u00e9) (en ann\u00e9es)<\/th>\n<td class=\"m-product-attr-row__value\">5<\/td>\n<\/tr>\n<tr class=\"m-product-attr-row\">\n<th class=\"m-product-attr-row__name\" scope=\"row\">Produit emball\u00e9 : hauteur (en cm)<\/th>\n<td class=\"m-product-attr-row__value\">201<\/td>\n<\/tr>\n<tr class=\"m-product-attr-row\">\n<th class=\"m-product-attr-row__name\" scope=\"row\">Produit emball\u00e9 : largeur (en cm)<\/th>\n<td class=\"m-product-attr-row__value\">75<\/td>\n<\/tr>\n<tr class=\"m-product-attr-row\">\n<th class=\"m-product-attr-row__name\" scope=\"row\">Produit emball\u00e9 : profondeur (en cm)<\/th>\n<td class=\"m-product-attr-row__value\">75<\/td>\n<\/tr>\n<tr class=\"m-product-attr-row\">\n<th class=\"m-product-attr-row__name\" scope=\"row\">Produit emball\u00e9 : poids (en kg)<\/th>\n<td class=\"m-product-attr-row__value\">98<\/td>\n<\/tr>\n<\/tbody>\n<\/table>\n<\/div>\n<p>**Points forts :** Puissant, silencieux et \u00e9conomique.<br \/>\n**Pourquoi choisir ce produit ?** Pour un confort optimal toute l\u2019ann\u00e9e.<\/p>\n","protected":false},"excerpt":{"rendered":"<p>Nom du produit Chauffe-eau<\/p>\n<p>Disponible en stock<\/p>\n<p>D\u00e9lai de livraison 48 heures<\/p>\n<p>R\u00e9f\u00e9rence 45EMP8544MP10<\/p>\n<p>Marque du produit SAUTER<\/p>\n<p>Capacit\u00e9 du ballon (en l) 270 Eligible<\/p>\n<p>MaPrimeR\u00e9nov&rsquo; Oui Con\u00e7u pour le confort, la puissance et la faible consommation.<\/p>\n","protected":false},"featured_media":5063,"comment_status":"closed","ping_status":"closed","template":"","meta":[],"product_brand":[],"product_cat":[156],"product_tag":[],"class_list":{"0":"post-2902","1":"product","2":"type-product","3":"status-publish","6":"product_cat-chauffage-et-plomberie","8":"first","9":"instock","10":"sale","11":"taxable","12":"shipping-taxable","13":"purchasable","14":"product-type-simple"},"_links":{"self":[{"href":"https:\/\/menagers-holding.fr\/index.php?rest_route=\/wp\/v2\/product\/2902","targetHints":{"allow":["GET"]}}],"collection":[{"href":"https:\/\/menagers-holding.fr\/index.php?rest_route=\/wp\/v2\/product"}],"about":[{"href":"https:\/\/menagers-holding.fr\/index.php?rest_route=\/wp\/v2\/types\/product"}],"replies":[{"embeddable":true,"href":"https:\/\/menagers-holding.fr\/index.php?rest_route=%2Fwp%2Fv2%2Fcomments&post=2902"}],"wp:featuredmedia":[{"embeddable":true,"href":"https:\/\/menagers-holding.fr\/index.php?rest_route=\/wp\/v2\/media\/5063"}],"wp:attachment":[{"href":"https:\/\/menagers-holding.fr\/index.php?rest_route=%2Fwp%2Fv2%2Fmedia&parent=2902"}],"wp:term":[{"taxonomy":"product_brand","embeddable":true,"href":"https:\/\/menagers-holding.fr\/index.php?rest_route=%2Fwp%2Fv2%2Fproduct_brand&post=2902"},{"taxonomy":"product_cat","embeddable":true,"href":"https:\/\/menagers-holding.fr\/index.php?rest_route=%2Fwp%2Fv2%2Fproduct_cat&post=2902"},{"taxonomy":"product_tag","embeddable":true,"href":"https:\/\/menagers-holding.fr\/index.php?rest_route=%2Fwp%2Fv2%2Fproduct_tag&post=2902"}],"curies":[{"name":"wp","href":"https:\/\/api.w.org\/{rel}","templated":true}]}}