{"id":2896,"date":"2022-08-26T06:11:22","date_gmt":"2022-08-26T06:11:22","guid":{"rendered":"https:\/\/menagers-holding.fr\/?post_type=product&#038;p=2896"},"modified":"2025-09-21T04:31:32","modified_gmt":"2025-09-21T04:31:32","slug":"chauffe-eau-thermodynamique-lydos-hybrid-100-litres","status":"publish","type":"product","link":"https:\/\/menagers-holding.fr\/?product=chauffe-eau-thermodynamique-lydos-hybrid-100-litres","title":{"rendered":"Chauffe-eau thermodynamique Lydos Hybrid &#8211; 100 litres"},"content":{"rendered":"<p>Combinant une double technologie qui allie la r\u00e9sistance \u00e9lectrique d\u2019un chauffe-eau \u00e0 une pompe \u00e0 chaleur, ce premier chauffe-eau hybride apporte toujours plus de confort dans le quotidien des consommateurs.<\/p>\n<p>Gage de performance \u00e9nerg\u00e9tique, le LYDOS HYBRID permet d\u2019atteindre la classe A, tout en garantissant une installation simplifi\u00e9e. Lydos Hybrid permet de r\u00e9aliser jusqu&rsquo;\u00e0 50% d&rsquo;\u00e9conomies d&rsquo;\u00e9nergie par rapport \u00e0 un chauffe-eau \u00e9lectrique de classe B.<\/p>\n<h2>Innovation avec le chauffe-eau thermodynamique 100L mural LYDOS HYBRID<\/h2>\n<ul>\n<li>Technologie innovante qui allie la r\u00e9sistance \u00e9lectrique d\u2019un chauffe-eau \u00e0 une pompe \u00e0 chaleur<\/li>\n<\/ul>\n<h2>\u00c9conomies et Intelligence Hybride<\/h2>\n<ul>\n<li>Jusqu&rsquo;\u00e0 50% d&rsquo;\u00e9conomies d&rsquo;\u00e9nergie sur votre facture d&rsquo;eau chaude par rapport \u00e0 un chauffe-eau \u00e9lectrique de classe B<\/li>\n<li>La fonction I-Memory analyse les habitudes de consommation d&rsquo;eau chaude sur 4 semaines pour ne fournir que la quantit\u00e9 d&rsquo;eau chaude dont vous avez besoin<\/li>\n<li>Diff\u00e9rents modes de fonctionnement: Program, Green &amp; Boost<\/li>\n<\/ul>\n<h2>Durabilit\u00e9 du chauffe-eau thermodynamique 100L mural LYDOS HYBRID<\/h2>\n<ul>\n<li>Double protection contre la corrosion par anode ProTech \u00e0 courant impos\u00e9 anti-d\u00e9gradable et anode magnesium<\/li>\n<li>Cuve en acier \u00e9maill\u00e9 pour une dur\u00e9e de vie accrue<\/li>\n<\/ul>\n<h2>Facilit\u00e9 d&rsquo;installation<\/h2>\n<ul>\n<li>Installation facile en remplacement d&rsquo;un chauffe-eau \u00e9lectrique<\/li>\n<li>Connexions hydrauliques invisibles<\/li>\n<li>Pattes de fixation incluses<\/li>\n<\/ul>\n<p>**Points forts :** Puissant, silencieux et \u00e9conomique.<br \/>\n**Pourquoi choisir ce produit ?** Pour un confort optimal toute l\u2019ann\u00e9e.<\/p>\n","protected":false},"excerpt":{"rendered":"<p>EAN 5414849701144<\/p>\n<p>Disponible en stock<\/p>\n<p>D\u00e9lai de livraison 48 heures<\/p>\n<p>Puissance Max. 1420<\/p>\n<ul>\n<li>Capacit\u00e9 de 100 L<\/li>\n<li>Tension d&rsquo;alimentation 220 V<\/li>\n<li>Protection anticorrosion avec son anode titane et son anode magn\u00e9sium<\/li>\n<li>Temps de chauffe 735 min<\/li>\n<li>R\u00e9sistante \u00e9maill\u00e9 active<\/li>\n<li>Puissance maximale 1420 W<\/li>\n<li>Pompe \u00e0 chaleur 190 W<\/li>\n<li>Niveau sonore 190 W<\/li>\n<li>Fonctionnement de + 12\u00b0 C \u00e0 +40\u00b0 C<\/li>\n<li>Volume minimum de la pi\u00e8ce 13 m\u00b2<\/li>\n<li>Entr\u00e9e et sorite d&rsquo;eau 15\/21 (1\/2&Prime;)<\/li>\n<\/ul>\n<p>Diam\u00e8tre 560mm<\/p>\n<p>Puissance sonore 49 dB(A)<\/p>\n<p>Mode d&rsquo;installation Mural<\/p>\n<p>Capacit\u00e9 en Litre 100 L Con\u00e7u pour le confort, la puissance et la faible consommation.<\/p>\n","protected":false},"featured_media":2897,"comment_status":"closed","ping_status":"closed","template":"","meta":[],"product_brand":[],"product_cat":[156],"product_tag":[],"class_list":{"0":"post-2896","1":"product","2":"type-product","3":"status-publish","6":"product_cat-chauffage-et-plomberie","8":"first","9":"instock","10":"sale","11":"taxable","12":"shipping-taxable","13":"purchasable","14":"product-type-simple"},"_links":{"self":[{"href":"https:\/\/menagers-holding.fr\/index.php?rest_route=\/wp\/v2\/product\/2896","targetHints":{"allow":["GET"]}}],"collection":[{"href":"https:\/\/menagers-holding.fr\/index.php?rest_route=\/wp\/v2\/product"}],"about":[{"href":"https:\/\/menagers-holding.fr\/index.php?rest_route=\/wp\/v2\/types\/product"}],"replies":[{"embeddable":true,"href":"https:\/\/menagers-holding.fr\/index.php?rest_route=%2Fwp%2Fv2%2Fcomments&post=2896"}],"wp:featuredmedia":[{"embeddable":true,"href":"https:\/\/menagers-holding.fr\/index.php?rest_route=\/wp\/v2\/media\/2897"}],"wp:attachment":[{"href":"https:\/\/menagers-holding.fr\/index.php?rest_route=%2Fwp%2Fv2%2Fmedia&parent=2896"}],"wp:term":[{"taxonomy":"product_brand","embeddable":true,"href":"https:\/\/menagers-holding.fr\/index.php?rest_route=%2Fwp%2Fv2%2Fproduct_brand&post=2896"},{"taxonomy":"product_cat","embeddable":true,"href":"https:\/\/menagers-holding.fr\/index.php?rest_route=%2Fwp%2Fv2%2Fproduct_cat&post=2896"},{"taxonomy":"product_tag","embeddable":true,"href":"https:\/\/menagers-holding.fr\/index.php?rest_route=%2Fwp%2Fv2%2Fproduct_tag&post=2896"}],"curies":[{"name":"wp","href":"https:\/\/api.w.org\/{rel}","templated":true}]}}