{"id":2699,"date":"2022-07-20T20:45:42","date_gmt":"2022-07-20T20:45:42","guid":{"rendered":"https:\/\/menagers-holding.fr\/?post_type=product&#038;p=2699"},"modified":"2025-09-21T04:31:32","modified_gmt":"2025-09-21T04:31:32","slug":"intex-piscine-ultra-rectangulaire-975-x-488-x-132-cm-multicolore","status":"publish","type":"product","link":"https:\/\/menagers-holding.fr\/?product=intex-piscine-ultra-rectangulaire-975-x-488-x-132-cm-multicolore","title":{"rendered":"Intex Piscine Ultra Rectangulaire 975 x 488 x 132 cm multicolore"},"content":{"rendered":"<p><strong>D\u00e9tails du produit<\/strong><br \/>\nMarque Intex<br \/>\nCouleur Multicolore<br \/>\nPoids de l&rsquo;article 251.6 Kilogrammes<br \/>\nDimensions de l&rsquo;article L x l x H 4.88 x 9.75 x 1.32 m\u00e8tres<br \/>\nForme Rectangulaire<br \/>\nCapacit\u00e9 54368 Litres<br \/>\nPiscine d\u00e9montable rectangulaire Intex gamme Ultra XTR Frame, les dimensions de la piscine sont 975 x 488 x 132 cm et sa capacit\u00e9 est de 54 368 litres.<br \/>\nAvec purificateur de sable avec capacit\u00e9 de filtration de 10 500 l\/h et connexion de 38 mm (sable non inclus), \u00e9chelle de s\u00e9curit\u00e9, tapisserie et couverture.<br \/>\nStructure tubulaire : pi\u00e8ces en acier robuste rev\u00eatu \u00e0 l&rsquo;int\u00e9rieur et \u00e0 l&rsquo;ext\u00e9rieur avec finition \u00e9poxy et bouchon de vidange avec connexion au tuyau d&rsquo;arrosage.<br \/>\nB\u00e2che r\u00e9sistante triple \u00e9paisseur (\u00e9paisseur de 0,67 mm), paroi int\u00e9rieure de couleur bleue et simule la gr\u00eate, l&rsquo;ext\u00e9rieur est gris fonc\u00e9.<\/p>\n<p>**Points forts :** R\u00e9sistant aux conditions ext\u00e9rieures, facile d\u2019entretien.<br \/>\n**Pourquoi choisir ce produit ?** Parfait pour profiter de votre ext\u00e9rieur en toute s\u00e9r\u00e9nit\u00e9.<\/p>\n","protected":false},"excerpt":{"rendered":"<p>Marque Intex<br \/>\nCouleur Multicolore<br \/>\nPoids de l&rsquo;article 251.6 Kilogrammes<br \/>\nDimensions de l&rsquo;article L x l x H 4.88 x 9.75 x 1.32 m\u00e8tres<br \/>\nForme Rectangulaire<br \/>\nCapacit\u00e9 54368 Litres<br \/>\nPiscine d\u00e9montable rectangulaire Intex gamme Ultra XTR Frame, les dimensions de la piscine sont 975 x 488 x 132 cm et sa capacit\u00e9 est de 54 368 litres.<br \/>\nAvec purificateur de sable avec capacit\u00e9 de filtration de 10 500 l\/h et connexion de 38 mm (sable non inclus), \u00e9chelle de s\u00e9curit\u00e9, tapisserie et couverture.<br \/>\nStructure tubulaire : pi\u00e8ces en acier robuste rev\u00eatu \u00e0 l&rsquo;int\u00e9rieur et \u00e0 l&rsquo;ext\u00e9rieur avec finition \u00e9poxy et bouchon de vidange avec connexion au tuyau d&rsquo;arrosage.<br \/>\nB\u00e2che r\u00e9sistante triple \u00e9paisseur (\u00e9paisseur de 0,67 mm), paroi int\u00e9rieure de couleur bleue et simule la gr\u00eate, l&rsquo;ext\u00e9rieur est gris fonc\u00e9. Robuste, pratique et adapt\u00e9 \u00e0 l\u2019ext\u00e9rieur.<\/p>\n","protected":false},"featured_media":2700,"comment_status":"closed","ping_status":"closed","template":"","meta":[],"product_brand":[],"product_cat":[158],"product_tag":[],"class_list":{"0":"post-2699","1":"product","2":"type-product","3":"status-publish","6":"product_cat-piscine","8":"first","9":"instock","10":"sale","11":"taxable","12":"shipping-taxable","13":"purchasable","14":"product-type-simple"},"_links":{"self":[{"href":"https:\/\/menagers-holding.fr\/index.php?rest_route=\/wp\/v2\/product\/2699","targetHints":{"allow":["GET"]}}],"collection":[{"href":"https:\/\/menagers-holding.fr\/index.php?rest_route=\/wp\/v2\/product"}],"about":[{"href":"https:\/\/menagers-holding.fr\/index.php?rest_route=\/wp\/v2\/types\/product"}],"replies":[{"embeddable":true,"href":"https:\/\/menagers-holding.fr\/index.php?rest_route=%2Fwp%2Fv2%2Fcomments&post=2699"}],"wp:featuredmedia":[{"embeddable":true,"href":"https:\/\/menagers-holding.fr\/index.php?rest_route=\/wp\/v2\/media\/2700"}],"wp:attachment":[{"href":"https:\/\/menagers-holding.fr\/index.php?rest_route=%2Fwp%2Fv2%2Fmedia&parent=2699"}],"wp:term":[{"taxonomy":"product_brand","embeddable":true,"href":"https:\/\/menagers-holding.fr\/index.php?rest_route=%2Fwp%2Fv2%2Fproduct_brand&post=2699"},{"taxonomy":"product_cat","embeddable":true,"href":"https:\/\/menagers-holding.fr\/index.php?rest_route=%2Fwp%2Fv2%2Fproduct_cat&post=2699"},{"taxonomy":"product_tag","embeddable":true,"href":"https:\/\/menagers-holding.fr\/index.php?rest_route=%2Fwp%2Fv2%2Fproduct_tag&post=2699"}],"curies":[{"name":"wp","href":"https:\/\/api.w.org\/{rel}","templated":true}]}}