{"id":2686,"date":"2022-07-20T18:40:37","date_gmt":"2022-07-20T18:40:37","guid":{"rendered":"https:\/\/menagers-holding.fr\/?post_type=product&#038;p=2686"},"modified":"2025-09-21T04:31:32","modified_gmt":"2025-09-21T04:31:32","slug":"fauteuil-suspendu-oeuf-de-jardin-brun-royan-jardideco-2","status":"publish","type":"product","link":"https:\/\/menagers-holding.fr\/?product=fauteuil-suspendu-oeuf-de-jardin-brun-royan-jardideco-2","title":{"rendered":"Fauteuil suspendu \u0153uf de jardin brun Royan &#8211; Jardideco Design Moderne"},"content":{"rendered":"<p>Fauteuil suspendu sur pied de jardin RoyanBercez-vous et laissez-vous aller \u00e0 une petite sieste dans le jardin avec ce fauteuil de d\u00e9tente Royan. Une structure stable et un panier en forme d&rsquo;\u0153uf pour des instants de bien-\u00eatre personnel en ext\u00e9rieur.Facile \u00e0 entretenir et \u00e0 nettoyer avec ses coussins d\u00e9houssables et d\u00e9perlants, il conjugue \u00e0 merveille la relaxation sans effort.Dimensions (L x l x H) : 95 x 95 x 195 cmHauteur de si\u00e8ge ajustable : 37 min \/ 50 maxMat\u00e9riau : acier \/ poly\u00e9thyl\u00e8neDimensions coussins assise : 125 x 95 x 15 cmDimensions coussins : 50 x 20 x 15 cmPoids max : 120 kgHauteur si\u00e8ge : 122 cmProfondeur si\u00e8ge : 63 cmLargeur si\u00e8ge : 93 cmTraitement UV : 400Coussins d\u00e9perlants et d\u00e9houssablesGrammage coussin : 220 g\/m&rsquo; en polyester \/ Collection:Royan \/ Couleur:Brun \/ Dimensions (L x l x H):95 x 95 x 195 cm \/ Marque:JARDIDECO \/ Mati\u00e8re(s):Poly\u00e9thyl\u00e8ne \/ Nombre de places:1 \/ Poids:27,90 kg<\/p>\n<p><strong>Caract\u00e9ristiques<\/strong><\/p>\n<p>Couleur<br \/>\nBrun<br \/>\nEAN<br \/>\n8720194532805<br \/>\nMati\u00e8re principale<br \/>\nAutre<br \/>\nPliable<br \/>\nNon<br \/>\nMarque<br \/>\nSans<br \/>\nType de produit<br \/>\nChaise \/ loveuse suspendue \/ balancoire d&rsquo;ext\u00e9rieur<br \/>\nOrigine de fabrication<br \/>\nAutre<br \/>\nGarantie l\u00e9gale de conformit\u00e9<br \/>\n24 mois pour les produits neufs, 12 mois pour les produits d&rsquo;occasion<br \/>\nPoids<br \/>\n30<br \/>\nDisponibilit\u00e9 des pi\u00e8ces d\u00e9tach\u00e9es<br \/>\nNon Communiqu\u00e9e<br \/>\nHauteur du produit<br \/>\n195 cm<br \/>\nLargeur produit<br \/>\n95 cm<br \/>\nLongueur du produit<br \/>\n95 cm<\/p>\n<p>**Points forts :** Confort, design \u00e9l\u00e9gant et robustesse.<br \/>\n**Pourquoi choisir ce produit ?** Il apporte style et praticit\u00e9 \u00e0 votre int\u00e9rieur.<\/p>\n","protected":false},"excerpt":{"rendered":"<p>Fauteuil suspendu sur pied de jardin RoyanBercez-vous et laissez-vous aller \u00e0 une petite sieste dans le jardin avec ce fauteuil de d\u00e9tente Royan. Une structure stable et un panier en forme d&rsquo;\u0153uf pour des instants de bien-\u00eatre personnel en ext\u00e9rieur.Facile \u00e0 entretenir et \u00e0 nettoyer avec ses coussins d\u00e9houssables et d\u00e9perlants, il conjugue \u00e0 merveille la relaxation sans effort.Dimensions (L x l x H) : 95 x 95 x 195 cmHauteur de si\u00e8ge ajustable : 37 min \/ 50 maxMat\u00e9riau : acier \/ poly\u00e9thyl\u00e8neDimensions coussins assise : 125 x 95 x 15 cmDimensions coussins : 50 x 20 x 15 cmPoids max : 120 kgHauteur si\u00e8ge : 122 cmProfondeur si\u00e8ge : 63 cmLargeur si\u00e8ge : 93 cmTraitement UV : 400Coussins d\u00e9perlants et d\u00e9houssablesGrammage coussin : 220 g\/m&rsquo; en polyester \/ Collection:Royan \/ Couleur:Brun \/ Dimensions (L x l x H):95 x 95 x 195 cm \/ Marque:JARDIDECO \/ Mati\u00e8re(s):Poly\u00e9thyl\u00e8ne \/ Nombre de places:1 \/ Poids:27,90 kg Design moderne, confortable et durable.<\/p>\n","protected":false},"featured_media":2687,"comment_status":"closed","ping_status":"closed","template":"","meta":[],"product_brand":[],"product_cat":[155,157],"product_tag":[],"class_list":{"0":"post-2686","1":"product","2":"type-product","3":"status-publish","6":"product_cat-meuble","7":"product_cat-terrasse-et-jardin","9":"first","10":"instock","11":"sale","12":"taxable","13":"shipping-taxable","14":"purchasable","15":"product-type-simple"},"_links":{"self":[{"href":"https:\/\/menagers-holding.fr\/index.php?rest_route=\/wp\/v2\/product\/2686","targetHints":{"allow":["GET"]}}],"collection":[{"href":"https:\/\/menagers-holding.fr\/index.php?rest_route=\/wp\/v2\/product"}],"about":[{"href":"https:\/\/menagers-holding.fr\/index.php?rest_route=\/wp\/v2\/types\/product"}],"replies":[{"embeddable":true,"href":"https:\/\/menagers-holding.fr\/index.php?rest_route=%2Fwp%2Fv2%2Fcomments&post=2686"}],"wp:featuredmedia":[{"embeddable":true,"href":"https:\/\/menagers-holding.fr\/index.php?rest_route=\/wp\/v2\/media\/2687"}],"wp:attachment":[{"href":"https:\/\/menagers-holding.fr\/index.php?rest_route=%2Fwp%2Fv2%2Fmedia&parent=2686"}],"wp:term":[{"taxonomy":"product_brand","embeddable":true,"href":"https:\/\/menagers-holding.fr\/index.php?rest_route=%2Fwp%2Fv2%2Fproduct_brand&post=2686"},{"taxonomy":"product_cat","embeddable":true,"href":"https:\/\/menagers-holding.fr\/index.php?rest_route=%2Fwp%2Fv2%2Fproduct_cat&post=2686"},{"taxonomy":"product_tag","embeddable":true,"href":"https:\/\/menagers-holding.fr\/index.php?rest_route=%2Fwp%2Fv2%2Fproduct_tag&post=2686"}],"curies":[{"name":"wp","href":"https:\/\/api.w.org\/{rel}","templated":true}]}}