{"id":2669,"date":"2021-12-09T12:40:30","date_gmt":"2021-12-09T12:40:30","guid":{"rendered":"https:\/\/menagers-holding.fr\/?post_type=product&#038;p=2669"},"modified":"2025-09-23T08:46:20","modified_gmt":"2025-09-23T08:46:20","slug":"aier-hce203raae-congelateur-coffre-2","status":"publish","type":"product","link":"https:\/\/menagers-holding.fr\/?product=aier-hce203raae-congelateur-coffre-2","title":{"rendered":"AIER HCE203RAAE &#8211; Cong\u00e9lateur coffre \u00c9co-\u00e9nerg\u00e9tique"},"content":{"rendered":"<h1 class=\"\">AIER HCE203RAAE &#8211; Cong\u00e9lateur coffre &#8211; 203L &#8211; Froid statique &#8211; A  &#8211; L94 x H84,5 cm &#8211; Blanc.<\/h1>\n<p>**Points forts :** Technologie moderne, faible consommation, praticit\u00e9.<br \/>\n**Pourquoi choisir ce produit ?** Id\u00e9al pour un usage quotidien avec un excellent rapport qualit\u00e9-prix.<\/p>\n","protected":false},"excerpt":{"rendered":"<ul>\n<li>Garantie (\u00b2) : 2 ans<\/li>\n<li>Type(s) de froid : Froid statique<\/li>\n<li>Volume utile total : 198 litres<\/li>\n<li>Nombre d&rsquo;\u00e9toiles du compartiment cong\u00e9lation : ****<\/li>\n<li>Niveau sonore maximal : 40 dB<\/li>\n<\/ul>\n<div class=\"jsFpBulletPointMore\">\n<ul>\n<li>Couleur : Blanc<\/li>\n<\/ul>\n<\/div>\n<p> Compact, \u00e9co-\u00e9nerg\u00e9tique et facile \u00e0 utiliser.<\/p>\n","protected":false},"featured_media":2670,"comment_status":"closed","ping_status":"closed","template":"","meta":[],"product_brand":[],"product_cat":[153,180,164],"product_tag":[],"class_list":{"0":"post-2669","1":"product","2":"type-product","3":"status-publish","6":"product_cat-electricite-et-domotique","7":"product_cat-electromenagers","8":"product_cat-refrigerateur","10":"first","11":"instock","12":"sale","13":"taxable","14":"shipping-taxable","15":"purchasable","16":"product-type-simple"},"_links":{"self":[{"href":"https:\/\/menagers-holding.fr\/index.php?rest_route=\/wp\/v2\/product\/2669","targetHints":{"allow":["GET"]}}],"collection":[{"href":"https:\/\/menagers-holding.fr\/index.php?rest_route=\/wp\/v2\/product"}],"about":[{"href":"https:\/\/menagers-holding.fr\/index.php?rest_route=\/wp\/v2\/types\/product"}],"replies":[{"embeddable":true,"href":"https:\/\/menagers-holding.fr\/index.php?rest_route=%2Fwp%2Fv2%2Fcomments&post=2669"}],"wp:featuredmedia":[{"embeddable":true,"href":"https:\/\/menagers-holding.fr\/index.php?rest_route=\/wp\/v2\/media\/2670"}],"wp:attachment":[{"href":"https:\/\/menagers-holding.fr\/index.php?rest_route=%2Fwp%2Fv2%2Fmedia&parent=2669"}],"wp:term":[{"taxonomy":"product_brand","embeddable":true,"href":"https:\/\/menagers-holding.fr\/index.php?rest_route=%2Fwp%2Fv2%2Fproduct_brand&post=2669"},{"taxonomy":"product_cat","embeddable":true,"href":"https:\/\/menagers-holding.fr\/index.php?rest_route=%2Fwp%2Fv2%2Fproduct_cat&post=2669"},{"taxonomy":"product_tag","embeddable":true,"href":"https:\/\/menagers-holding.fr\/index.php?rest_route=%2Fwp%2Fv2%2Fproduct_tag&post=2669"}],"curies":[{"name":"wp","href":"https:\/\/api.w.org\/{rel}","templated":true}]}}