{"id":2661,"date":"2021-12-09T12:06:33","date_gmt":"2021-12-09T12:06:33","guid":{"rendered":"https:\/\/menagers-holding.fr\/?post_type=product&#038;p=2661"},"modified":"2025-09-23T08:41:03","modified_gmt":"2025-09-23T08:41:03","slug":"bissell-nettoyeur-spotclean-pro-650-w-1558n-2","status":"publish","type":"product","link":"https:\/\/menagers-holding.fr\/?product=bissell-nettoyeur-spotclean-pro-650-w-1558n-2","title":{"rendered":"Bissell Nettoyeur SpotClean Pro 650 W 1558N"},"content":{"rendered":"<h1 class=\"\">Bissell Nettoyeur SpotClean Pro 650 W 1558N<\/h1>\n<p>**Points forts :** Technologie moderne, faible consommation, praticit\u00e9.<br \/>\n**Pourquoi choisir ce produit ?** Id\u00e9al pour un usage quotidien avec un excellent rapport qualit\u00e9-prix.<\/p>\n","protected":false},"excerpt":{"rendered":"<ul>\n<li>Mode de nettoyage : Humide<\/li>\n<li>Niveau sonore maximal : 84 dB<\/li>\n<li>Puissance \u00e9lectrique : 750 Watt<\/li>\n<li>Longueur du cordon : 6.5 m<\/li>\n<li>Outils inclus : Accessoire pour marches d&rsquo;escalier, brosse pour taches r\u00e9sistantes<\/li>\n<\/ul>\n<p> Compact, \u00e9co-\u00e9nerg\u00e9tique et facile \u00e0 utiliser.<\/p>\n","protected":false},"featured_media":2662,"comment_status":"closed","ping_status":"closed","template":"","meta":[],"product_brand":[],"product_cat":[162,180],"product_tag":[],"class_list":{"0":"post-2661","1":"product","2":"type-product","3":"status-publish","6":"product_cat-aspirateur","7":"product_cat-electromenagers","9":"first","10":"instock","11":"taxable","12":"shipping-taxable","13":"purchasable","14":"product-type-simple"},"_links":{"self":[{"href":"https:\/\/menagers-holding.fr\/index.php?rest_route=\/wp\/v2\/product\/2661","targetHints":{"allow":["GET"]}}],"collection":[{"href":"https:\/\/menagers-holding.fr\/index.php?rest_route=\/wp\/v2\/product"}],"about":[{"href":"https:\/\/menagers-holding.fr\/index.php?rest_route=\/wp\/v2\/types\/product"}],"replies":[{"embeddable":true,"href":"https:\/\/menagers-holding.fr\/index.php?rest_route=%2Fwp%2Fv2%2Fcomments&post=2661"}],"wp:featuredmedia":[{"embeddable":true,"href":"https:\/\/menagers-holding.fr\/index.php?rest_route=\/wp\/v2\/media\/2662"}],"wp:attachment":[{"href":"https:\/\/menagers-holding.fr\/index.php?rest_route=%2Fwp%2Fv2%2Fmedia&parent=2661"}],"wp:term":[{"taxonomy":"product_brand","embeddable":true,"href":"https:\/\/menagers-holding.fr\/index.php?rest_route=%2Fwp%2Fv2%2Fproduct_brand&post=2661"},{"taxonomy":"product_cat","embeddable":true,"href":"https:\/\/menagers-holding.fr\/index.php?rest_route=%2Fwp%2Fv2%2Fproduct_cat&post=2661"},{"taxonomy":"product_tag","embeddable":true,"href":"https:\/\/menagers-holding.fr\/index.php?rest_route=%2Fwp%2Fv2%2Fproduct_tag&post=2661"}],"curies":[{"name":"wp","href":"https:\/\/api.w.org\/{rel}","templated":true}]}}