{"id":2659,"date":"2021-12-09T12:00:00","date_gmt":"2021-12-09T12:00:00","guid":{"rendered":"https:\/\/menagers-holding.fr\/?post_type=product&#038;p=2659"},"modified":"2025-09-23T08:44:38","modified_gmt":"2025-09-23T08:44:38","slug":"seche-linge-condensation-csoec10dg-s-2","status":"publish","type":"product","link":"https:\/\/menagers-holding.fr\/?product=seche-linge-condensation-csoec10dg-s-2","title":{"rendered":"S\u00e8che linge Condensation CSOEC10DG-S"},"content":{"rendered":"<h2>Grande capacit\u00e9 de 10 kg ,Programmes courts , D\u00e9part diff\u00e9r\u00e9 : 1-24h , Esth\u00e9tique : SMART PRO , Approuv\u00e9 Woolmark<\/h2>\n<p>**Points forts :** Puissant, silencieux et \u00e9conomique.<br \/>\n**Pourquoi choisir ce produit ?** Pour un confort optimal toute l\u2019ann\u00e9e.<\/p>\n","protected":false},"excerpt":{"rendered":"<p>Grande capacit\u00e9 de 10 kg ,Programmes courts , D\u00e9part diff\u00e9r\u00e9 : 1-24h , Esth\u00e9tique : SMART PRO , Approuv\u00e9 Woolmark Con\u00e7u pour le confort, la puissance et la faible consommation.<\/p>\n","protected":false},"featured_media":2660,"comment_status":"closed","ping_status":"closed","template":"","meta":[],"product_brand":[],"product_cat":[156,153,180],"product_tag":[],"class_list":{"0":"post-2659","1":"product","2":"type-product","3":"status-publish","6":"product_cat-chauffage-et-plomberie","7":"product_cat-electricite-et-domotique","8":"product_cat-electromenagers","10":"first","11":"instock","12":"sale","13":"taxable","14":"shipping-taxable","15":"purchasable","16":"product-type-simple"},"_links":{"self":[{"href":"https:\/\/menagers-holding.fr\/index.php?rest_route=\/wp\/v2\/product\/2659","targetHints":{"allow":["GET"]}}],"collection":[{"href":"https:\/\/menagers-holding.fr\/index.php?rest_route=\/wp\/v2\/product"}],"about":[{"href":"https:\/\/menagers-holding.fr\/index.php?rest_route=\/wp\/v2\/types\/product"}],"replies":[{"embeddable":true,"href":"https:\/\/menagers-holding.fr\/index.php?rest_route=%2Fwp%2Fv2%2Fcomments&post=2659"}],"wp:featuredmedia":[{"embeddable":true,"href":"https:\/\/menagers-holding.fr\/index.php?rest_route=\/wp\/v2\/media\/2660"}],"wp:attachment":[{"href":"https:\/\/menagers-holding.fr\/index.php?rest_route=%2Fwp%2Fv2%2Fmedia&parent=2659"}],"wp:term":[{"taxonomy":"product_brand","embeddable":true,"href":"https:\/\/menagers-holding.fr\/index.php?rest_route=%2Fwp%2Fv2%2Fproduct_brand&post=2659"},{"taxonomy":"product_cat","embeddable":true,"href":"https:\/\/menagers-holding.fr\/index.php?rest_route=%2Fwp%2Fv2%2Fproduct_cat&post=2659"},{"taxonomy":"product_tag","embeddable":true,"href":"https:\/\/menagers-holding.fr\/index.php?rest_route=%2Fwp%2Fv2%2Fproduct_tag&post=2659"}],"curies":[{"name":"wp","href":"https:\/\/api.w.org\/{rel}","templated":true}]}}