{"id":2642,"date":"2021-11-01T15:02:25","date_gmt":"2021-11-01T15:02:25","guid":{"rendered":"https:\/\/menagers-holding.fr\/?post_type=product&#038;p=2642"},"modified":"2025-09-21T04:31:30","modified_gmt":"2025-09-21T04:31:30","slug":"ensemble-de-piscine-prism-frame-610-x-132-cm-26756gn-intex-3","status":"publish","type":"product","link":"https:\/\/menagers-holding.fr\/?product=ensemble-de-piscine-prism-frame-610-x-132-cm-26756gn-intex-3","title":{"rendered":"Ensemble De Piscine Prism Frame 610 X 132 Cm 26756gn INTEX"},"content":{"rendered":"<p>PISCINE en cadre acier durable avec des mat\u00e9riaux \u00e0 3 couches r\u00e9sistantes \u00e0 la perforation .<\/p>\n<p>**Points forts :** R\u00e9sistant aux conditions ext\u00e9rieures, facile d\u2019entretien.<br \/>\n**Pourquoi choisir ce produit ?** Parfait pour profiter de votre ext\u00e9rieur en toute s\u00e9r\u00e9nit\u00e9.<\/p>\n","protected":false},"excerpt":{"rendered":"<p>PISCINE en cadre acier durable avec des mat\u00e9riaux \u00e0 3 couches r\u00e9sistantes \u00e0 la perforation . Robuste, pratique et adapt\u00e9 \u00e0 l\u2019ext\u00e9rieur.<\/p>\n","protected":false},"featured_media":2643,"comment_status":"closed","ping_status":"closed","template":"","meta":[],"product_brand":[],"product_cat":[158,157],"product_tag":[],"class_list":{"0":"post-2642","1":"product","2":"type-product","3":"status-publish","6":"product_cat-piscine","7":"product_cat-terrasse-et-jardin","9":"first","10":"instock","11":"sale","12":"taxable","13":"shipping-taxable","14":"purchasable","15":"product-type-simple"},"_links":{"self":[{"href":"https:\/\/menagers-holding.fr\/index.php?rest_route=\/wp\/v2\/product\/2642","targetHints":{"allow":["GET"]}}],"collection":[{"href":"https:\/\/menagers-holding.fr\/index.php?rest_route=\/wp\/v2\/product"}],"about":[{"href":"https:\/\/menagers-holding.fr\/index.php?rest_route=\/wp\/v2\/types\/product"}],"replies":[{"embeddable":true,"href":"https:\/\/menagers-holding.fr\/index.php?rest_route=%2Fwp%2Fv2%2Fcomments&post=2642"}],"wp:featuredmedia":[{"embeddable":true,"href":"https:\/\/menagers-holding.fr\/index.php?rest_route=\/wp\/v2\/media\/2643"}],"wp:attachment":[{"href":"https:\/\/menagers-holding.fr\/index.php?rest_route=%2Fwp%2Fv2%2Fmedia&parent=2642"}],"wp:term":[{"taxonomy":"product_brand","embeddable":true,"href":"https:\/\/menagers-holding.fr\/index.php?rest_route=%2Fwp%2Fv2%2Fproduct_brand&post=2642"},{"taxonomy":"product_cat","embeddable":true,"href":"https:\/\/menagers-holding.fr\/index.php?rest_route=%2Fwp%2Fv2%2Fproduct_cat&post=2642"},{"taxonomy":"product_tag","embeddable":true,"href":"https:\/\/menagers-holding.fr\/index.php?rest_route=%2Fwp%2Fv2%2Fproduct_tag&post=2642"}],"curies":[{"name":"wp","href":"https:\/\/api.w.org\/{rel}","templated":true}]}}