{"id":2546,"date":"2022-06-14T08:27:40","date_gmt":"2022-06-14T08:27:40","guid":{"rendered":"https:\/\/menagers-holding.fr\/?post_type=product&#038;p=2546"},"modified":"2025-09-23T08:34:17","modified_gmt":"2025-09-23T08:34:17","slug":"rameur-serie-original-chene-moniteur-s4-waterrower","status":"publish","type":"product","link":"https:\/\/menagers-holding.fr\/?product=rameur-serie-original-chene-moniteur-s4-waterrower","title":{"rendered":"Rameur S\u00e9rie Original Ch\u00eane \u2013 Moniteur S4 WaterRower"},"content":{"rendered":"<p>Dimensions (L x l x H) : 210 x 56 x 53 cm &#8211; Poids \u00e0 vide : 35 kg<br \/>\nPoids max utilisateur : 150 kg &#8211; Taille max utilisateur : 2 m\u00e8tres<\/p>\n<p>Livr\u00e9 pr\u00e9mont\u00e9 en 2 cartons :<br \/>\nDimensions Carton 1 : 71 x 61 x 61 cm &#8211; Poids 25 kg<br \/>\nDimensions Carton 2 : 216 x 17 x 9 cm &#8211; Poids 11 kg<\/p>\n<p>Avantages<br \/>\nLES AVANTAGES D&rsquo;UN ENTRA\u00ceNEMENT AVEC WATERROWER :<\/p>\n<p>Exercice autonome \u00e0 100 %<br \/>\nPas de r\u00e9glage de r\u00e9sistance, la r\u00e9sistance est autor\u00e9gulatrice.<br \/>\nMobilise 84 % des muscles du corps<br \/>\nProt\u00e8ge les articulations<br \/>\nEfficace en un minimum de temps<\/p>\n<p>**Points forts :** Fiabilit\u00e9, praticit\u00e9 et prix abordable.<br \/>\n**Pourquoi choisir ce produit ?** Convient \u00e0 divers besoins du quotidien.<\/p>\n","protected":false},"excerpt":{"rendered":"<p>Disponible en stock<\/p>\n<p>D\u00e9lai pour la livraison 2 \u00e0 3 jours<\/p>\n<p>R\u00e9f:\u00a0 25SMP02974MP01<br \/>\nR\u00e9sistance :<br \/>\nLa construction unique du volant d&rsquo;inertie associ\u00e9e \u00e0 la r\u00e9sistance \u00e0 eau garantissent un mouvement fluide et fid\u00e8le \u00e0 la r\u00e9alit\u00e9 (augmentation de la r\u00e9sistance en fonction du volume d&rsquo;eau ins\u00e9r\u00e9).<\/p>\n<p>Ch\u00e2ssis :<br \/>\n&#8211;\u00a0Structure en Ch\u00eane, du plus bel effet.<br \/>\n&#8211; Conception \u00e0\u00a0double rail :\u00a0Solidit\u00e9 et \u00e9l\u00e9gance.<\/p>\n<p>Cuve :<br \/>\nLa contenance max de la cuve est de 19 Litres mais le r\u00e9servoir peut contenir entre 13 \u00e0 19 Litres.<\/p>\n<p>Silence :<br \/>\nLa r\u00e9sistance \u00e0 eau offre un silence de fonctionnement hors du commun, seul le clapotis de l&rsquo;eau vient rythmer vos entra\u00eenements.<\/p>\n<p>Confort :<br \/>\nUn entra\u00eenement efficace et agr\u00e9able est garanti gr\u00e2ce \u00e0 une bonne position ergonomique pour ramer, un mouvement fluide et un appui solide pour les pieds.<\/p>\n<p>Moniteur S4 :<br \/>\nConvivial et simple d&rsquo;utilisation.<br \/>\nIl affiche la vitesse, la dur\u00e9e, les watts, la consommation de calories et aussi le nombre de coups de rame, la distance ainsi que la dur\u00e9e cumul\u00e9e.<\/p>\n<p>Rangement :<br \/>\nLe\u00a0WaterRower\u00a0se range facilement \u00e0 la verticale lorsqu\u2019il n\u2019est pas utilis\u00e9.<br \/>\n&#8211; Apr\u00e8s votre entra\u00eenement, soulevez simplement le WaterRower pour le disposer de fa\u00e7on pratique contre un mur.<br \/>\n&#8211; La position basse de la roue d\u2019inertie\u00a0WaterFlywheel brevet\u00e9e\u00a0rend la machine tr\u00e8s stable lorsqu\u2019elle est rang\u00e9e.<br \/>\n&#8211; Les roulettes int\u00e9gr\u00e9es permettent de le manipuler avec aisance. Fiable et adapt\u00e9 \u00e0 vos besoins quotidiens.<\/p>\n","protected":false},"featured_media":2547,"comment_status":"closed","ping_status":"closed","template":"","meta":[],"product_brand":[],"product_cat":[181],"product_tag":[],"class_list":{"0":"post-2546","1":"product","2":"type-product","3":"status-publish","6":"product_cat-sport","8":"first","9":"instock","10":"sale","11":"taxable","12":"shipping-taxable","13":"purchasable","14":"product-type-simple"},"_links":{"self":[{"href":"https:\/\/menagers-holding.fr\/index.php?rest_route=\/wp\/v2\/product\/2546","targetHints":{"allow":["GET"]}}],"collection":[{"href":"https:\/\/menagers-holding.fr\/index.php?rest_route=\/wp\/v2\/product"}],"about":[{"href":"https:\/\/menagers-holding.fr\/index.php?rest_route=\/wp\/v2\/types\/product"}],"replies":[{"embeddable":true,"href":"https:\/\/menagers-holding.fr\/index.php?rest_route=%2Fwp%2Fv2%2Fcomments&post=2546"}],"wp:featuredmedia":[{"embeddable":true,"href":"https:\/\/menagers-holding.fr\/index.php?rest_route=\/wp\/v2\/media\/2547"}],"wp:attachment":[{"href":"https:\/\/menagers-holding.fr\/index.php?rest_route=%2Fwp%2Fv2%2Fmedia&parent=2546"}],"wp:term":[{"taxonomy":"product_brand","embeddable":true,"href":"https:\/\/menagers-holding.fr\/index.php?rest_route=%2Fwp%2Fv2%2Fproduct_brand&post=2546"},{"taxonomy":"product_cat","embeddable":true,"href":"https:\/\/menagers-holding.fr\/index.php?rest_route=%2Fwp%2Fv2%2Fproduct_cat&post=2546"},{"taxonomy":"product_tag","embeddable":true,"href":"https:\/\/menagers-holding.fr\/index.php?rest_route=%2Fwp%2Fv2%2Fproduct_tag&post=2546"}],"curies":[{"name":"wp","href":"https:\/\/api.w.org\/{rel}","templated":true}]}}