{"id":2538,"date":"2021-12-09T14:31:29","date_gmt":"2021-12-09T14:31:29","guid":{"rendered":"https:\/\/menagers-holding.fr\/?post_type=product&#038;p=2538"},"modified":"2025-09-24T06:19:01","modified_gmt":"2025-09-24T06:19:01","slug":"coiffeuse-maquillage-avec-3-panneaux-miroirs","status":"publish","type":"product","link":"https:\/\/menagers-holding.fr\/?product=coiffeuse-maquillage-avec-3-panneaux-miroirs","title":{"rendered":"Coiffeuse Maquillage avec 3 Panneaux Miroirs Design Moderne"},"content":{"rendered":"<h1 class=\"\">Coiffeuse Maquillage avec 3 Panneaux Miroirs Beaut\u00e9,Coiffeuse d&rsquo;angle avec un taburet,5 tiroirs,Blanc<\/h1>\n<p>**Points forts :** Confort, design \u00e9l\u00e9gant et robustesse.<br \/>\n**Pourquoi choisir ce produit ?** Il apporte style et praticit\u00e9 \u00e0 votre int\u00e9rieur.<\/p>\n","protected":false},"excerpt":{"rendered":"<p>&lsquo;-Dimensions hors tout : 114(L) x 57(P) x 140(H) cm &#8211;2 petits miroirs\u00a0: 30\u00a0cm (L) x 62,9 (H)\u00a0cm &#8211;1 grand miroir : 40 (L) x 62,9 (H) cm &#8211;Tiroir\u00a0:\u00a030 (L) x 30 (P) x 15 (H) cm Design moderne, confortable et durable.<\/p>\n","protected":false},"featured_media":5067,"comment_status":"closed","ping_status":"closed","template":"","meta":[],"product_brand":[],"product_cat":[155],"product_tag":[],"class_list":{"0":"post-2538","1":"product","2":"type-product","3":"status-publish","6":"product_cat-meuble","8":"first","9":"instock","10":"sale","11":"taxable","12":"shipping-taxable","13":"purchasable","14":"product-type-simple"},"_links":{"self":[{"href":"https:\/\/menagers-holding.fr\/index.php?rest_route=\/wp\/v2\/product\/2538","targetHints":{"allow":["GET"]}}],"collection":[{"href":"https:\/\/menagers-holding.fr\/index.php?rest_route=\/wp\/v2\/product"}],"about":[{"href":"https:\/\/menagers-holding.fr\/index.php?rest_route=\/wp\/v2\/types\/product"}],"replies":[{"embeddable":true,"href":"https:\/\/menagers-holding.fr\/index.php?rest_route=%2Fwp%2Fv2%2Fcomments&post=2538"}],"wp:featuredmedia":[{"embeddable":true,"href":"https:\/\/menagers-holding.fr\/index.php?rest_route=\/wp\/v2\/media\/5067"}],"wp:attachment":[{"href":"https:\/\/menagers-holding.fr\/index.php?rest_route=%2Fwp%2Fv2%2Fmedia&parent=2538"}],"wp:term":[{"taxonomy":"product_brand","embeddable":true,"href":"https:\/\/menagers-holding.fr\/index.php?rest_route=%2Fwp%2Fv2%2Fproduct_brand&post=2538"},{"taxonomy":"product_cat","embeddable":true,"href":"https:\/\/menagers-holding.fr\/index.php?rest_route=%2Fwp%2Fv2%2Fproduct_cat&post=2538"},{"taxonomy":"product_tag","embeddable":true,"href":"https:\/\/menagers-holding.fr\/index.php?rest_route=%2Fwp%2Fv2%2Fproduct_tag&post=2538"}],"curies":[{"name":"wp","href":"https:\/\/api.w.org\/{rel}","templated":true}]}}