{"id":2524,"date":"2021-12-09T12:38:14","date_gmt":"2021-12-09T12:38:14","guid":{"rendered":"https:\/\/menagers-holding.fr\/?post_type=product&#038;p=2524"},"modified":"2025-09-21T04:31:29","modified_gmt":"2025-09-21T04:31:29","slug":"canape-dangle-convertible-reversible-5-places-tissu-gris-fonce-contemporain","status":"publish","type":"product","link":"https:\/\/menagers-holding.fr\/?product=canape-dangle-convertible-reversible-5-places-tissu-gris-fonce-contemporain","title":{"rendered":"Canap\u00e9 d&rsquo;angle convertible r\u00e9versible 5 places &#8211; Tissu gris fonc\u00e9 &#8211; Contemporain Design Moderne"},"content":{"rendered":"<p>Canap\u00e9 d&rsquo;angle convertible r\u00e9versible 5 places &#8211; Tissu gris fonc\u00e9 &#8211; Contemporain &#8211; L 289 x P 94 \/ 188 x H 88 cm &#8211; INDIAN<\/p>\n<p>**Points forts :** Confort, design \u00e9l\u00e9gant et robustesse.<br \/>\n**Pourquoi choisir ce produit ?** Il apporte style et praticit\u00e9 \u00e0 votre int\u00e9rieur.<\/p>\n","protected":false},"excerpt":{"rendered":"<ul>\n<li>Plus produit : Grand couchage d&rsquo;appoint, coffre de rangement, angle r\u00e9versible gauche &#8211; droite, vendu avec deux pet, its coussins de d\u00e9coration, pieds chrome.<\/li>\n<li>Type d&rsquo;angle : R\u00e9versible<\/li>\n<li>Dimensions du couchage : 140 x 220 cm<\/li>\n<li>Type de couchage : Occasionnel<\/li>\n<li>Densit\u00e9 de l&rsquo;assise : 30 kg\/m3<\/li>\n<\/ul>\n<div class=\"jsFpBulletPointMore\">\n<ul>\n<li>Mati\u00e8re du rev\u00eatement : Simili, Tissu<\/li>\n<li>Couleur(s) : Gris fonc\u00e9<\/li>\n<li>Made in Europe : Oui<\/li>\n<\/ul>\n<\/div>\n<p> Design moderne, confortable et durable.<\/p>\n","protected":false},"featured_media":2525,"comment_status":"closed","ping_status":"closed","template":"","meta":[],"product_brand":[],"product_cat":[155],"product_tag":[],"class_list":{"0":"post-2524","1":"product","2":"type-product","3":"status-publish","6":"product_cat-meuble","8":"first","9":"instock","10":"sale","11":"taxable","12":"shipping-taxable","13":"purchasable","14":"product-type-simple"},"_links":{"self":[{"href":"https:\/\/menagers-holding.fr\/index.php?rest_route=\/wp\/v2\/product\/2524","targetHints":{"allow":["GET"]}}],"collection":[{"href":"https:\/\/menagers-holding.fr\/index.php?rest_route=\/wp\/v2\/product"}],"about":[{"href":"https:\/\/menagers-holding.fr\/index.php?rest_route=\/wp\/v2\/types\/product"}],"replies":[{"embeddable":true,"href":"https:\/\/menagers-holding.fr\/index.php?rest_route=%2Fwp%2Fv2%2Fcomments&post=2524"}],"wp:featuredmedia":[{"embeddable":true,"href":"https:\/\/menagers-holding.fr\/index.php?rest_route=\/wp\/v2\/media\/2525"}],"wp:attachment":[{"href":"https:\/\/menagers-holding.fr\/index.php?rest_route=%2Fwp%2Fv2%2Fmedia&parent=2524"}],"wp:term":[{"taxonomy":"product_brand","embeddable":true,"href":"https:\/\/menagers-holding.fr\/index.php?rest_route=%2Fwp%2Fv2%2Fproduct_brand&post=2524"},{"taxonomy":"product_cat","embeddable":true,"href":"https:\/\/menagers-holding.fr\/index.php?rest_route=%2Fwp%2Fv2%2Fproduct_cat&post=2524"},{"taxonomy":"product_tag","embeddable":true,"href":"https:\/\/menagers-holding.fr\/index.php?rest_route=%2Fwp%2Fv2%2Fproduct_tag&post=2524"}],"curies":[{"name":"wp","href":"https:\/\/api.w.org\/{rel}","templated":true}]}}