{"id":2437,"date":"2021-11-01T16:36:56","date_gmt":"2021-11-01T16:36:56","guid":{"rendered":"https:\/\/menagers-holding.fr\/?post_type=product&#038;p=2437"},"modified":"2025-09-21T04:31:27","modified_gmt":"2025-09-21T04:31:27","slug":"intex-ensemble-de-piscine-frame-premium-427-x-107-cm","status":"publish","type":"product","link":"https:\/\/menagers-holding.fr\/?product=intex-ensemble-de-piscine-frame-premium-427-x-107-cm","title":{"rendered":"INTEX Ensemble De Piscine Frame Premium 427 x 107 Cm"},"content":{"rendered":"<p>INTEX Piscine Frame est compos\u00e9 de 3 couches : une couche int\u00e9rieure en polyester quadrill\u00e9 avec une ext\u00e9rieure en PVC \u00e9paisse et durable des deux c\u00f4t\u00e9s . Avec ses dimensions g\u00e9n\u00e9reuses cette piscine permet de nager avec toute la famille en m\u00eame temps.<\/p>\n<p>**Points forts :** R\u00e9sistant aux conditions ext\u00e9rieures, facile d\u2019entretien.<br \/>\n**Pourquoi choisir ce produit ?** Parfait pour profiter de votre ext\u00e9rieur en toute s\u00e9r\u00e9nit\u00e9.<\/p>\n","protected":false},"excerpt":{"rendered":"<p>INTEX Piscine Frame est compos\u00e9 de 3 couches : une couche int\u00e9rieure en polyester quadrill\u00e9 avec une ext\u00e9rieure en PVC \u00e9paisse et durable des deux c\u00f4t\u00e9s . Avec ses dimensions g\u00e9n\u00e9reuses cette piscine permet de nager avec toute la famille en m\u00eame temps. Robuste, pratique et adapt\u00e9 \u00e0 l\u2019ext\u00e9rieur.<\/p>\n","protected":false},"featured_media":2438,"comment_status":"closed","ping_status":"closed","template":"","meta":[],"product_brand":[],"product_cat":[158,157],"product_tag":[],"class_list":{"0":"post-2437","1":"product","2":"type-product","3":"status-publish","6":"product_cat-piscine","7":"product_cat-terrasse-et-jardin","9":"first","10":"instock","11":"sale","12":"taxable","13":"shipping-taxable","14":"purchasable","15":"product-type-simple"},"_links":{"self":[{"href":"https:\/\/menagers-holding.fr\/index.php?rest_route=\/wp\/v2\/product\/2437","targetHints":{"allow":["GET"]}}],"collection":[{"href":"https:\/\/menagers-holding.fr\/index.php?rest_route=\/wp\/v2\/product"}],"about":[{"href":"https:\/\/menagers-holding.fr\/index.php?rest_route=\/wp\/v2\/types\/product"}],"replies":[{"embeddable":true,"href":"https:\/\/menagers-holding.fr\/index.php?rest_route=%2Fwp%2Fv2%2Fcomments&post=2437"}],"wp:featuredmedia":[{"embeddable":true,"href":"https:\/\/menagers-holding.fr\/index.php?rest_route=\/wp\/v2\/media\/2438"}],"wp:attachment":[{"href":"https:\/\/menagers-holding.fr\/index.php?rest_route=%2Fwp%2Fv2%2Fmedia&parent=2437"}],"wp:term":[{"taxonomy":"product_brand","embeddable":true,"href":"https:\/\/menagers-holding.fr\/index.php?rest_route=%2Fwp%2Fv2%2Fproduct_brand&post=2437"},{"taxonomy":"product_cat","embeddable":true,"href":"https:\/\/menagers-holding.fr\/index.php?rest_route=%2Fwp%2Fv2%2Fproduct_cat&post=2437"},{"taxonomy":"product_tag","embeddable":true,"href":"https:\/\/menagers-holding.fr\/index.php?rest_route=%2Fwp%2Fv2%2Fproduct_tag&post=2437"}],"curies":[{"name":"wp","href":"https:\/\/api.w.org\/{rel}","templated":true}]}}