{"id":2359,"date":"2021-10-30T06:12:18","date_gmt":"2021-10-30T06:12:18","guid":{"rendered":"https:\/\/menagers-holding.fr\/?post_type=product&#038;p=2359"},"modified":"2025-09-23T08:46:20","modified_gmt":"2025-09-23T08:46:20","slug":"samsung-rs50n3803bc-refrigerateur-americain-501-l357144-l-froid-ventile-l","status":"publish","type":"product","link":"https:\/\/menagers-holding.fr\/?product=samsung-rs50n3803bc-refrigerateur-americain-501-l357144-l-froid-ventile-l","title":{"rendered":"SAMSUNG RS50N3803BC &#8211; R\u00e9frig\u00e9rateur am\u00e9ricain -501 L(357+144 L) -Froid ventil\u00e9 &#8211;L \u00c9co-\u00e9nerg\u00e9tique"},"content":{"rendered":"<p>SAMSUNG RS50N3803BC est un ensemble de r\u00e9frig\u00e9rateur et\u00a0 de cong\u00e9lateur . Son volume de cong\u00e9lateur est de 144litres,175litres et celui du r\u00e9frig\u00e9rateur de 357litres,360litres.<\/p>\n<p>**Points forts :** Technologie moderne, faible consommation, praticit\u00e9.<br \/>\n**Pourquoi choisir ce produit ?** Id\u00e9al pour un usage quotidien avec un excellent rapport qualit\u00e9-prix.<\/p>\n","protected":false},"excerpt":{"rendered":"<p>SAMSUNG RS50N3803BC est un ensemble de r\u00e9frig\u00e9rateur et\u00a0 de cong\u00e9lateur . Son volume de cong\u00e9lateur est de 144litres,175litres et celui du r\u00e9frig\u00e9rateur de 357litres,360litres. Compact, \u00e9co-\u00e9nerg\u00e9tique et facile \u00e0 utiliser.<\/p>\n","protected":false},"featured_media":2360,"comment_status":"closed","ping_status":"closed","template":"","meta":[],"product_brand":[],"product_cat":[180,164],"product_tag":[],"class_list":{"0":"post-2359","1":"product","2":"type-product","3":"status-publish","6":"product_cat-electromenagers","7":"product_cat-refrigerateur","9":"first","10":"instock","11":"taxable","12":"shipping-taxable","13":"purchasable","14":"product-type-simple"},"_links":{"self":[{"href":"https:\/\/menagers-holding.fr\/index.php?rest_route=\/wp\/v2\/product\/2359","targetHints":{"allow":["GET"]}}],"collection":[{"href":"https:\/\/menagers-holding.fr\/index.php?rest_route=\/wp\/v2\/product"}],"about":[{"href":"https:\/\/menagers-holding.fr\/index.php?rest_route=\/wp\/v2\/types\/product"}],"replies":[{"embeddable":true,"href":"https:\/\/menagers-holding.fr\/index.php?rest_route=%2Fwp%2Fv2%2Fcomments&post=2359"}],"wp:featuredmedia":[{"embeddable":true,"href":"https:\/\/menagers-holding.fr\/index.php?rest_route=\/wp\/v2\/media\/2360"}],"wp:attachment":[{"href":"https:\/\/menagers-holding.fr\/index.php?rest_route=%2Fwp%2Fv2%2Fmedia&parent=2359"}],"wp:term":[{"taxonomy":"product_brand","embeddable":true,"href":"https:\/\/menagers-holding.fr\/index.php?rest_route=%2Fwp%2Fv2%2Fproduct_brand&post=2359"},{"taxonomy":"product_cat","embeddable":true,"href":"https:\/\/menagers-holding.fr\/index.php?rest_route=%2Fwp%2Fv2%2Fproduct_cat&post=2359"},{"taxonomy":"product_tag","embeddable":true,"href":"https:\/\/menagers-holding.fr\/index.php?rest_route=%2Fwp%2Fv2%2Fproduct_tag&post=2359"}],"curies":[{"name":"wp","href":"https:\/\/api.w.org\/{rel}","templated":true}]}}