{"id":2337,"date":"2021-10-29T11:57:42","date_gmt":"2021-10-29T11:57:42","guid":{"rendered":"https:\/\/menagers-holding.fr\/?post_type=product&#038;p=2337"},"modified":"2025-09-21T04:31:26","modified_gmt":"2025-09-21T04:31:26","slug":"kit-piscine-intex-prism-frame-rectangulaire-488x244-x107cm-bleu","status":"publish","type":"product","link":"https:\/\/menagers-holding.fr\/?product=kit-piscine-intex-prism-frame-rectangulaire-488x244-x107cm-bleu","title":{"rendered":"Kit piscine INTEX Prism Frame-Rectangulaire -488&#215;244 x107cm-Bleu"},"content":{"rendered":"<p>Facile \u00e0 installer le Kit facile \u00e0 installer est dot\u00e9 d&rsquo;un liner triple \u00e9paisseur qui offre une protection suppl\u00e9mentaire aux rayures et autres dommages du quotidien.<\/p>\n<p>**Points forts :** R\u00e9sistant aux conditions ext\u00e9rieures, facile d\u2019entretien.<br \/>\n**Pourquoi choisir ce produit ?** Parfait pour profiter de votre ext\u00e9rieur en toute s\u00e9r\u00e9nit\u00e9.<\/p>\n","protected":false},"excerpt":{"rendered":"<p>Facile \u00e0 installer le Kit facile \u00e0 installer est dot\u00e9 d&rsquo;un liner triple \u00e9paisseur qui offre une protection suppl\u00e9mentaire aux rayures et autres dommages du quotidien. Robuste, pratique et adapt\u00e9 \u00e0 l\u2019ext\u00e9rieur.<\/p>\n","protected":false},"featured_media":2338,"comment_status":"closed","ping_status":"closed","template":"","meta":[],"product_brand":[],"product_cat":[158,157],"product_tag":[],"class_list":{"0":"post-2337","1":"product","2":"type-product","3":"status-publish","6":"product_cat-piscine","7":"product_cat-terrasse-et-jardin","9":"first","10":"instock","11":"sale","12":"taxable","13":"shipping-taxable","14":"purchasable","15":"product-type-simple"},"_links":{"self":[{"href":"https:\/\/menagers-holding.fr\/index.php?rest_route=\/wp\/v2\/product\/2337","targetHints":{"allow":["GET"]}}],"collection":[{"href":"https:\/\/menagers-holding.fr\/index.php?rest_route=\/wp\/v2\/product"}],"about":[{"href":"https:\/\/menagers-holding.fr\/index.php?rest_route=\/wp\/v2\/types\/product"}],"replies":[{"embeddable":true,"href":"https:\/\/menagers-holding.fr\/index.php?rest_route=%2Fwp%2Fv2%2Fcomments&post=2337"}],"wp:featuredmedia":[{"embeddable":true,"href":"https:\/\/menagers-holding.fr\/index.php?rest_route=\/wp\/v2\/media\/2338"}],"wp:attachment":[{"href":"https:\/\/menagers-holding.fr\/index.php?rest_route=%2Fwp%2Fv2%2Fmedia&parent=2337"}],"wp:term":[{"taxonomy":"product_brand","embeddable":true,"href":"https:\/\/menagers-holding.fr\/index.php?rest_route=%2Fwp%2Fv2%2Fproduct_brand&post=2337"},{"taxonomy":"product_cat","embeddable":true,"href":"https:\/\/menagers-holding.fr\/index.php?rest_route=%2Fwp%2Fv2%2Fproduct_cat&post=2337"},{"taxonomy":"product_tag","embeddable":true,"href":"https:\/\/menagers-holding.fr\/index.php?rest_route=%2Fwp%2Fv2%2Fproduct_tag&post=2337"}],"curies":[{"name":"wp","href":"https:\/\/api.w.org\/{rel}","templated":true}]}}