{"id":2323,"date":"2021-10-29T07:13:37","date_gmt":"2021-10-29T07:13:37","guid":{"rendered":"https:\/\/menagers-holding.fr\/?post_type=product&#038;p=2323"},"modified":"2025-09-21T04:31:26","modified_gmt":"2025-09-21T04:31:26","slug":"paul-canape-dangle-gauche-4-places-tissu-gris-anthracite-contemporain","status":"publish","type":"product","link":"https:\/\/menagers-holding.fr\/?product=paul-canape-dangle-gauche-4-places-tissu-gris-anthracite-contemporain","title":{"rendered":"PAUL Canap\u00e9 d&rsquo;angle gauche 4 places -Tissu gris anthracite-Contemporain Design Moderne"},"content":{"rendered":"<p>Le Canap\u00e9 PAUL est de Tissu 100% polyester d&rsquo;assise en mousse polyur\u00e9thane et de coussins garnis de ouate.<\/p>\n<p>**Points forts :** Confort, design \u00e9l\u00e9gant et robustesse.<br \/>\n**Pourquoi choisir ce produit ?** Il apporte style et praticit\u00e9 \u00e0 votre int\u00e9rieur.<\/p>\n","protected":false},"excerpt":{"rendered":"<p>Le Canap\u00e9 PAUL est de Tissu 100% polyester d&rsquo;assise en mousse polyur\u00e9thane et de coussins garnis de ouate. Design moderne, confortable et durable.<\/p>\n","protected":false},"featured_media":2324,"comment_status":"closed","ping_status":"closed","template":"","meta":[],"product_brand":[],"product_cat":[155],"product_tag":[],"class_list":{"0":"post-2323","1":"product","2":"type-product","3":"status-publish","6":"product_cat-meuble","8":"first","9":"instock","10":"sale","11":"taxable","12":"shipping-taxable","13":"purchasable","14":"product-type-simple"},"_links":{"self":[{"href":"https:\/\/menagers-holding.fr\/index.php?rest_route=\/wp\/v2\/product\/2323","targetHints":{"allow":["GET"]}}],"collection":[{"href":"https:\/\/menagers-holding.fr\/index.php?rest_route=\/wp\/v2\/product"}],"about":[{"href":"https:\/\/menagers-holding.fr\/index.php?rest_route=\/wp\/v2\/types\/product"}],"replies":[{"embeddable":true,"href":"https:\/\/menagers-holding.fr\/index.php?rest_route=%2Fwp%2Fv2%2Fcomments&post=2323"}],"wp:featuredmedia":[{"embeddable":true,"href":"https:\/\/menagers-holding.fr\/index.php?rest_route=\/wp\/v2\/media\/2324"}],"wp:attachment":[{"href":"https:\/\/menagers-holding.fr\/index.php?rest_route=%2Fwp%2Fv2%2Fmedia&parent=2323"}],"wp:term":[{"taxonomy":"product_brand","embeddable":true,"href":"https:\/\/menagers-holding.fr\/index.php?rest_route=%2Fwp%2Fv2%2Fproduct_brand&post=2323"},{"taxonomy":"product_cat","embeddable":true,"href":"https:\/\/menagers-holding.fr\/index.php?rest_route=%2Fwp%2Fv2%2Fproduct_cat&post=2323"},{"taxonomy":"product_tag","embeddable":true,"href":"https:\/\/menagers-holding.fr\/index.php?rest_route=%2Fwp%2Fv2%2Fproduct_tag&post=2323"}],"curies":[{"name":"wp","href":"https:\/\/api.w.org\/{rel}","templated":true}]}}