{"id":2315,"date":"2021-10-28T19:44:52","date_gmt":"2021-10-28T19:44:52","guid":{"rendered":"https:\/\/menagers-holding.fr\/?post_type=product&#038;p=2315"},"modified":"2025-09-21T04:31:26","modified_gmt":"2025-09-21T04:31:26","slug":"turbo-levo-2021-specialized","status":"publish","type":"product","link":"https:\/\/menagers-holding.fr\/?product=turbo-levo-2021-specialized","title":{"rendered":"TURBO LEVO 2021 SPECIALIZED"},"content":{"rendered":"<p>Le TURBO LEVO offre une assistance \u00e9lectrique avec un cadre en carbone l\u00e9ger con\u00e7u pour un pilotage simple et engag\u00e9.<\/p>\n<p>**Points forts :** Autonomie renforc\u00e9e, cadre robuste, s\u00e9curit\u00e9 optimale.<br \/>\n**Pourquoi choisir ce produit ?** Id\u00e9al pour les trajets quotidiens comme les balades.<\/p>\n","protected":false},"excerpt":{"rendered":"<p>Le TURBO LEVO offre une assistance \u00e9lectrique avec un cadre en carbone l\u00e9ger con\u00e7u pour un pilotage simple et engag\u00e9. Allie performance, autonomie et s\u00e9curit\u00e9.<\/p>\n","protected":false},"featured_media":2316,"comment_status":"closed","ping_status":"closed","template":"","meta":[],"product_brand":[],"product_cat":[169],"product_tag":[],"class_list":{"0":"post-2315","1":"product","2":"type-product","3":"status-publish","6":"product_cat-velo","8":"first","9":"instock","10":"taxable","11":"shipping-taxable","12":"purchasable","13":"product-type-simple"},"_links":{"self":[{"href":"https:\/\/menagers-holding.fr\/index.php?rest_route=\/wp\/v2\/product\/2315","targetHints":{"allow":["GET"]}}],"collection":[{"href":"https:\/\/menagers-holding.fr\/index.php?rest_route=\/wp\/v2\/product"}],"about":[{"href":"https:\/\/menagers-holding.fr\/index.php?rest_route=\/wp\/v2\/types\/product"}],"replies":[{"embeddable":true,"href":"https:\/\/menagers-holding.fr\/index.php?rest_route=%2Fwp%2Fv2%2Fcomments&post=2315"}],"wp:featuredmedia":[{"embeddable":true,"href":"https:\/\/menagers-holding.fr\/index.php?rest_route=\/wp\/v2\/media\/2316"}],"wp:attachment":[{"href":"https:\/\/menagers-holding.fr\/index.php?rest_route=%2Fwp%2Fv2%2Fmedia&parent=2315"}],"wp:term":[{"taxonomy":"product_brand","embeddable":true,"href":"https:\/\/menagers-holding.fr\/index.php?rest_route=%2Fwp%2Fv2%2Fproduct_brand&post=2315"},{"taxonomy":"product_cat","embeddable":true,"href":"https:\/\/menagers-holding.fr\/index.php?rest_route=%2Fwp%2Fv2%2Fproduct_cat&post=2315"},{"taxonomy":"product_tag","embeddable":true,"href":"https:\/\/menagers-holding.fr\/index.php?rest_route=%2Fwp%2Fv2%2Fproduct_tag&post=2315"}],"curies":[{"name":"wp","href":"https:\/\/api.w.org\/{rel}","templated":true}]}}