{"id":2309,"date":"2021-10-28T17:06:42","date_gmt":"2021-10-28T17:06:42","guid":{"rendered":"https:\/\/menagers-holding.fr\/?post_type=product&#038;p=2309"},"modified":"2025-09-23T08:44:38","modified_gmt":"2025-09-23T08:44:38","slug":"lave-linge-sechant-candy-csws4128twme-lavage-12kg-sechage-8kg-1400","status":"publish","type":"product","link":"https:\/\/menagers-holding.fr\/?product=lave-linge-sechant-candy-csws4128twme-lavage-12kg-sechage-8kg-1400","title":{"rendered":"Lave-linge s\u00e9chant CANDY CSWS4128TWME -Lavage 12Kg \/s\u00e9chage 8Kg-1400"},"content":{"rendered":"<p>Le Lave-linge s\u00e9chant CANDY est une nouvelle technologie qui am\u00e9liore non seulement l&rsquo;\u00e9fficacit\u00e9 de lavage mais aussi permet de gagner du temps .<\/p>\n<p>**Points forts :** Fiabilit\u00e9, praticit\u00e9 et prix abordable.<br \/>\n**Pourquoi choisir ce produit ?** Convient \u00e0 divers besoins du quotidien.<\/p>\n","protected":false},"excerpt":{"rendered":"<p>Le Lave-linge s\u00e9chant CANDY est une nouvelle technologie qui am\u00e9liore non seulement l&rsquo;\u00e9fficacit\u00e9 de lavage mais aussi permet de gagner du temps . Fiable et adapt\u00e9 \u00e0 vos besoins quotidiens.<\/p>\n","protected":false},"featured_media":2310,"comment_status":"closed","ping_status":"closed","template":"","meta":[],"product_brand":[],"product_cat":[153,180],"product_tag":[],"class_list":{"0":"post-2309","1":"product","2":"type-product","3":"status-publish","6":"product_cat-electricite-et-domotique","7":"product_cat-electromenagers","9":"first","10":"instock","11":"sale","12":"taxable","13":"shipping-taxable","14":"purchasable","15":"product-type-simple"},"_links":{"self":[{"href":"https:\/\/menagers-holding.fr\/index.php?rest_route=\/wp\/v2\/product\/2309","targetHints":{"allow":["GET"]}}],"collection":[{"href":"https:\/\/menagers-holding.fr\/index.php?rest_route=\/wp\/v2\/product"}],"about":[{"href":"https:\/\/menagers-holding.fr\/index.php?rest_route=\/wp\/v2\/types\/product"}],"replies":[{"embeddable":true,"href":"https:\/\/menagers-holding.fr\/index.php?rest_route=%2Fwp%2Fv2%2Fcomments&post=2309"}],"wp:featuredmedia":[{"embeddable":true,"href":"https:\/\/menagers-holding.fr\/index.php?rest_route=\/wp\/v2\/media\/2310"}],"wp:attachment":[{"href":"https:\/\/menagers-holding.fr\/index.php?rest_route=%2Fwp%2Fv2%2Fmedia&parent=2309"}],"wp:term":[{"taxonomy":"product_brand","embeddable":true,"href":"https:\/\/menagers-holding.fr\/index.php?rest_route=%2Fwp%2Fv2%2Fproduct_brand&post=2309"},{"taxonomy":"product_cat","embeddable":true,"href":"https:\/\/menagers-holding.fr\/index.php?rest_route=%2Fwp%2Fv2%2Fproduct_cat&post=2309"},{"taxonomy":"product_tag","embeddable":true,"href":"https:\/\/menagers-holding.fr\/index.php?rest_route=%2Fwp%2Fv2%2Fproduct_tag&post=2309"}],"curies":[{"name":"wp","href":"https:\/\/api.w.org\/{rel}","templated":true}]}}