{"id":2307,"date":"2021-10-28T16:29:32","date_gmt":"2021-10-28T16:29:32","guid":{"rendered":"https:\/\/menagers-holding.fr\/?post_type=product&#038;p=2307"},"modified":"2025-09-23T08:46:20","modified_gmt":"2025-09-23T08:46:20","slug":"haier-htopmne7193-refrigerateur-combine-3-portes-450l-310140-froid","status":"publish","type":"product","link":"https:\/\/menagers-holding.fr\/?product=haier-htopmne7193-refrigerateur-combine-3-portes-450l-310140-froid","title":{"rendered":"Haier HTOPMNE7193 R\u00e9frig\u00e9rateur combin\u00e9 3 portes 450L (310+140) -Froid \u00c9co-\u00e9nerg\u00e9tique"},"content":{"rendered":"<p>Le r\u00e9frig\u00e9rateur HTOPMNE7193 est r\u00e9frig\u00e9rateur \u00e0 froid ventil\u00e9. Il dot\u00e9 d&rsquo;un syst\u00e8me d&rsquo;air froid non humide et d&rsquo;un ventilateur ce qui facilite une circulation de l&rsquo;air de mani\u00e8re \u00e9gale au sein des compartiments.<\/p>\n<p>**Points forts :** Technologie moderne, faible consommation, praticit\u00e9.<br \/>\n**Pourquoi choisir ce produit ?** Id\u00e9al pour un usage quotidien avec un excellent rapport qualit\u00e9-prix.<\/p>\n","protected":false},"excerpt":{"rendered":"<p>Le r\u00e9frig\u00e9rateur HTOPMNE7193 est r\u00e9frig\u00e9rateur \u00e0 froid ventil\u00e9. Il dot\u00e9 d&rsquo;un syst\u00e8me d&rsquo;air froid non humide et d&rsquo;un ventilateur ce qui facilite une circulation de l&rsquo;air de mani\u00e8re \u00e9gale au sein des compartiments. Compact, \u00e9co-\u00e9nerg\u00e9tique et facile \u00e0 utiliser.<\/p>\n","protected":false},"featured_media":2308,"comment_status":"closed","ping_status":"closed","template":"","meta":[],"product_brand":[],"product_cat":[180,164],"product_tag":[],"class_list":{"0":"post-2307","1":"product","2":"type-product","3":"status-publish","6":"product_cat-electromenagers","7":"product_cat-refrigerateur","9":"first","10":"instock","11":"sale","12":"taxable","13":"shipping-taxable","14":"purchasable","15":"product-type-simple"},"_links":{"self":[{"href":"https:\/\/menagers-holding.fr\/index.php?rest_route=\/wp\/v2\/product\/2307","targetHints":{"allow":["GET"]}}],"collection":[{"href":"https:\/\/menagers-holding.fr\/index.php?rest_route=\/wp\/v2\/product"}],"about":[{"href":"https:\/\/menagers-holding.fr\/index.php?rest_route=\/wp\/v2\/types\/product"}],"replies":[{"embeddable":true,"href":"https:\/\/menagers-holding.fr\/index.php?rest_route=%2Fwp%2Fv2%2Fcomments&post=2307"}],"wp:featuredmedia":[{"embeddable":true,"href":"https:\/\/menagers-holding.fr\/index.php?rest_route=\/wp\/v2\/media\/2308"}],"wp:attachment":[{"href":"https:\/\/menagers-holding.fr\/index.php?rest_route=%2Fwp%2Fv2%2Fmedia&parent=2307"}],"wp:term":[{"taxonomy":"product_brand","embeddable":true,"href":"https:\/\/menagers-holding.fr\/index.php?rest_route=%2Fwp%2Fv2%2Fproduct_brand&post=2307"},{"taxonomy":"product_cat","embeddable":true,"href":"https:\/\/menagers-holding.fr\/index.php?rest_route=%2Fwp%2Fv2%2Fproduct_cat&post=2307"},{"taxonomy":"product_tag","embeddable":true,"href":"https:\/\/menagers-holding.fr\/index.php?rest_route=%2Fwp%2Fv2%2Fproduct_tag&post=2307"}],"curies":[{"name":"wp","href":"https:\/\/api.w.org\/{rel}","templated":true}]}}