{"id":2303,"date":"2021-10-28T14:36:41","date_gmt":"2021-10-28T14:36:41","guid":{"rendered":"https:\/\/menagers-holding.fr\/?post_type=product&#038;p=2303"},"modified":"2025-09-23T08:46:20","modified_gmt":"2025-09-23T08:46:20","slug":"refrigerateur-midea-hd-520fwn-litre-2-portes-silver","status":"publish","type":"product","link":"https:\/\/menagers-holding.fr\/?product=refrigerateur-midea-hd-520fwn-litre-2-portes-silver","title":{"rendered":"R\u00e9frig\u00e9rateur Midea HD 520FW(N) Litre 2 Portes Silver \u00c9co-\u00e9nerg\u00e9tique"},"content":{"rendered":"<p>Le r\u00e9frig\u00e9rateur Midea est un mat\u00e9riel \u00e9lectrom\u00e9nager disposant de deux portes\u00a0 et con\u00e7u pour un processus de cong\u00e9lation et de refroidissement .Il est aussi incorpor\u00e9 de plusieurs poches de rangement qui vous faciliterons la t\u00e2che .<\/p>\n<p>**Points forts :** Technologie moderne, faible consommation, praticit\u00e9.<br \/>\n**Pourquoi choisir ce produit ?** Id\u00e9al pour un usage quotidien avec un excellent rapport qualit\u00e9-prix.<\/p>\n","protected":false},"excerpt":{"rendered":"<p>Eclairage int\u00e9rieur<\/p>\n<p>Bac \u00e0 gla\u00e7ons<\/p>\n<p>Dimensions : Hauteur 172cm , Largeur 70cm<\/p>\n<p>Profondeurs : 55cm Compact, \u00e9co-\u00e9nerg\u00e9tique et facile \u00e0 utiliser.<\/p>\n","protected":false},"featured_media":2304,"comment_status":"closed","ping_status":"closed","template":"","meta":[],"product_brand":[],"product_cat":[180,164],"product_tag":[],"class_list":{"0":"post-2303","1":"product","2":"type-product","3":"status-publish","6":"product_cat-electromenagers","7":"product_cat-refrigerateur","9":"first","10":"instock","11":"sale","12":"taxable","13":"shipping-taxable","14":"purchasable","15":"product-type-simple"},"_links":{"self":[{"href":"https:\/\/menagers-holding.fr\/index.php?rest_route=\/wp\/v2\/product\/2303","targetHints":{"allow":["GET"]}}],"collection":[{"href":"https:\/\/menagers-holding.fr\/index.php?rest_route=\/wp\/v2\/product"}],"about":[{"href":"https:\/\/menagers-holding.fr\/index.php?rest_route=\/wp\/v2\/types\/product"}],"replies":[{"embeddable":true,"href":"https:\/\/menagers-holding.fr\/index.php?rest_route=%2Fwp%2Fv2%2Fcomments&post=2303"}],"wp:featuredmedia":[{"embeddable":true,"href":"https:\/\/menagers-holding.fr\/index.php?rest_route=\/wp\/v2\/media\/2304"}],"wp:attachment":[{"href":"https:\/\/menagers-holding.fr\/index.php?rest_route=%2Fwp%2Fv2%2Fmedia&parent=2303"}],"wp:term":[{"taxonomy":"product_brand","embeddable":true,"href":"https:\/\/menagers-holding.fr\/index.php?rest_route=%2Fwp%2Fv2%2Fproduct_brand&post=2303"},{"taxonomy":"product_cat","embeddable":true,"href":"https:\/\/menagers-holding.fr\/index.php?rest_route=%2Fwp%2Fv2%2Fproduct_cat&post=2303"},{"taxonomy":"product_tag","embeddable":true,"href":"https:\/\/menagers-holding.fr\/index.php?rest_route=%2Fwp%2Fv2%2Fproduct_tag&post=2303"}],"curies":[{"name":"wp","href":"https:\/\/api.w.org\/{rel}","templated":true}]}}