{"id":4907,"date":"2025-08-12T00:09:46","date_gmt":"2025-08-12T00:09:46","guid":{"rendered":"https:\/\/menagers-holding.fr\/?page_id=4907"},"modified":"2025-08-12T00:10:00","modified_gmt":"2025-08-12T00:10:00","slug":"notre-paiement-securise-avec-ssl","status":"publish","type":"page","link":"https:\/\/menagers-holding.fr\/?page_id=4907","title":{"rendered":"Notre paiement s\u00e9curis\u00e9 avec SSL"},"content":{"rendered":"\n<p>Nous proposons le paiement s\u00e9curiser SSL par Virement Bancaire &nbsp;.<\/p>\n\n\n\n<p>Vous \u00eates nombreux \u00e0 nous avoir fait part de vos r\u00e9ticences \u00e0 payer par carte bancaire sur internet. C\u2019est pour cette raison que nous avons mis en place le paiement par virement bancaire.En utilisant le mode de paiement par virement, vous \u00eates doublement prot\u00e9g\u00e9 :<\/p>\n\n\n\n<p>1\/ Vous n\u2019avez plus \u00e0 utiliser votre carte bancaire. La transaction se fera directement entre votre banque et la n\u00f4tre.<\/p>\n\n\n\n<p>2\/ Avec un paiement par virement, nous pouvons vous rembourser aussi facilement qu\u2019un paiement par carte bancaire en cas de probl\u00e8me.<\/p>\n\n\n\n<p>Enfin, c\u2019est aussi rapide qu\u2019un paiement par carte bancaire. Vous recevrez votre produit imm\u00e9diatement.<\/p>\n\n\n\n<p>Comment payer par virement bancaire ?<\/p>\n\n\n\n<p>Il vous suffira, au moment de la validation de votre panier de choisir le mode de paiement par virement bancaire. Apr\u00e8s validation de votre commande vous recevrez les informations de notre compte bancaire par mail sur lequel vous devrez proc\u00e9der au paiement int\u00e9gral de votre commande .<\/p>\n\n\n\n<p>Pour que votre commande soit traiter dans le plus bref d\u00e9lai, il est indispensable de mentionner la Date du jour suivie de votre pr\u00e9nom dans le motif du virement .<br>Exemple (Motif du virement) : 12.07.23  Julien comme motif sur votre ordre de virement<\/p>\n\n\n\n<p>La commande sera d\u00e9finitivement valid\u00e9e \u00e0 r\u00e9ception de votre virement par notre banque. En ce moment vous recevrez ensuite un mail de confirmation et les d\u00e9tails de votre livraison. Toutefois, vous pourrez consulter le statut de votre commande depuis votre espace client sur cr\u00e9er lors de votre achat sur notre site internet.<\/p>\n\n\n\n<p>En cas de question ou de pr\u00e9occupation concernant notre processus de paiement s\u00e9curis\u00e9, n\u2019h\u00e9sitez pas \u00e0 contacter notre service client\u00e8le au +33 \u00a0\u00a0ou par e-mail \u00e0 sav@menagers-holding.fr<\/p>\n","protected":false},"excerpt":{"rendered":"<p>Nous proposons le paiement s\u00e9curiser SSL par Virement Bancaire &nbsp;. Vous \u00eates nombreux \u00e0 nous avoir fait part de vos r\u00e9ticences \u00e0 payer par carte bancaire sur internet. C\u2019est pour<\/p>\n","protected":false},"author":1,"featured_media":0,"parent":0,"menu_order":0,"comment_status":"closed","ping_status":"closed","template":"","meta":{"footnotes":""},"class_list":{"1":"page","2":"type-page","3":"status-publish","4":"hentry"},"_links":{"self":[{"href":"https:\/\/menagers-holding.fr\/index.php?rest_route=\/wp\/v2\/pages\/4907","targetHints":{"allow":["GET"]}}],"collection":[{"href":"https:\/\/menagers-holding.fr\/index.php?rest_route=\/wp\/v2\/pages"}],"about":[{"href":"https:\/\/menagers-holding.fr\/index.php?rest_route=\/wp\/v2\/types\/page"}],"author":[{"embeddable":true,"href":"https:\/\/menagers-holding.fr\/index.php?rest_route=\/wp\/v2\/users\/1"}],"replies":[{"embeddable":true,"href":"https:\/\/menagers-holding.fr\/index.php?rest_route=%2Fwp%2Fv2%2Fcomments&post=4907"}],"version-history":[{"count":1,"href":"https:\/\/menagers-holding.fr\/index.php?rest_route=\/wp\/v2\/pages\/4907\/revisions"}],"predecessor-version":[{"id":4908,"href":"https:\/\/menagers-holding.fr\/index.php?rest_route=\/wp\/v2\/pages\/4907\/revisions\/4908"}],"wp:attachment":[{"href":"https:\/\/menagers-holding.fr\/index.php?rest_route=%2Fwp%2Fv2%2Fmedia&parent=4907"}],"curies":[{"name":"wp","href":"https:\/\/api.w.org\/{rel}","templated":true}]}}