{"id":4718,"date":"2024-01-08T09:26:29","date_gmt":"2024-01-08T09:26:29","guid":{"rendered":"https:\/\/menagers-holding.fr\/?page_id=4718"},"modified":"2025-08-11T21:38:49","modified_gmt":"2025-08-11T21:38:49","slug":"dispositions-relatives-aux-avis-clients","status":"publish","type":"page","link":"https:\/\/menagers-holding.fr\/?page_id=4718","title":{"rendered":"Dispositions relatives aux Avis Clients"},"content":{"rendered":"\t\t<div data-elementor-type=\"wp-page\" data-elementor-id=\"4718\" class=\"elementor elementor-4718\">\n\t\t\t\t<div class=\"elementor-element elementor-element-6e695da e-flex e-con-boxed e-con e-parent\" data-id=\"6e695da\" data-element_type=\"container\">\n\t\t\t\t\t<div class=\"e-con-inner\">\n\t\t\t\t<div class=\"elementor-element elementor-element-3dfe97f elementor-widget elementor-widget-text-editor\" data-id=\"3dfe97f\" data-element_type=\"widget\" data-widget_type=\"text-editor.default\">\n\t\t\t\t<div class=\"elementor-widget-container\">\n\t\t\t\t\t\t\t\t\t<p>Avis publi\u00e9s sur le site<br>Conform\u00e9ment \u00e0 l\u2019article article L111-7-2 du Code de la consommation, les dispositions suivantes sont appliqu\u00e9es concernant les avis d\u00e9pos\u00e9s par les clients\/consommateurs\/visiteurs du site menagers-holding.fr :<\/p>\n<p>Proc\u00e9dure de contr\u00f4le des avis<\/p>\n<p>Tous les avis sont contr\u00f4l\u00e9s avant publication afin de lutter contre le spam, d\u2019interdire tous propos discriminatoires ou injurieux sans rapport avec les activit\u00e9 du site, de v\u00e9rifier que les avis proviennent d\u2019une personne physique et non d\u2019un programme automatique, de lutter contre les faux avis abusifs, et d\u2019\u00e9viter la publication de commentaires qui ne sont pas des avis concernant le site menagers-holding.fr(ex : commentaires sur d\u2019autres sites ou soci\u00e9t\u00e9s, commentaires sur l\u2019actualit\u00e9..)<\/p>\n<p>Tout refus de publication de commentaire fait l\u2019objet d\u2019une notification explicative du refus au d\u00e9positaire de l\u2019avis \u00e0 l\u2019adresse mail utilis\u00e9e pour la soumission de l\u2019avis.<\/p>\n<p>Les administrateurs du site peuvent \u00e9galement afficher une r\u00e9ponse publique aux avis publi\u00e9s qui le n\u00e9cessitent.<\/p>\n<p>Tout avis publi\u00e9 peut \u00eatre signal\u00e9 par les visiteurs s\u2019ils le jugent abusif, inappropri\u00e9 ou doutent de son authenticit\u00e9.<\/p>\n<p>Les avis publi\u00e9s ne sont pas modifi\u00e9s par menagers-holding.fr.<br>Si une modification semble n\u00e9cessaire, une demande est envoy\u00e9e au d\u00e9positaire de l\u2019avis qui est libre de proc\u00e9der ou non \u00e0 une modification.<\/p>\n<p>Date des avis<\/p>\n<ul>\n<li>La date de d\u00e9p\u00f4t de l\u2019avis est indiqu\u00e9 pour chaque avis.<\/li>\n<li>Les d\u00e9positaires d\u2019avis sont invit\u00e9s \u00e0 indiquer la date de de l\u2019exp\u00e9rience relative \u00e0 leur avis dans la r\u00e9daction de leurs avis.<\/li>\n<li>Les avis sont affich\u00e9s par ordre chronologique (du plus r\u00e9cent au plus ancien).<\/li>\n<\/ul>\n<p>Conservation des avis<\/p>\n<ul>\n<li>Tout d\u00e9positaire d\u2019avis peut supprimer ses avis depuis son compte client, ou demander leurs retrait en contactant menagers-holding.fr .<\/li>\n<li>La dur\u00e9e de conservation et de publication des avis est de 10 ans, afin que les visiteurs aient un historique cons\u00e9quent des retours d\u2019exp\u00e9rience des usagers du site.<\/li>\n<\/ul>\n<p>Les avis d\u00e9pos\u00e9s ne font l\u2019objet d\u2019aucune contrepartie de la part du site menagers-holding.fr<\/p>\t\t\t\t\t\t\t\t<\/div>\n\t\t\t\t<\/div>\n\t\t\t\t\t<\/div>\n\t\t\t\t<\/div>\n\t\t\t\t<\/div>\n\t\t","protected":false},"excerpt":{"rendered":"<p>Avis publi\u00e9s sur le siteConform\u00e9ment \u00e0 l\u2019article article L111-7-2 du Code de la consommation, les dispositions suivantes sont appliqu\u00e9es concernant les avis d\u00e9pos\u00e9s par les clients\/consommateurs\/visiteurs du site menagers-holding.fr :<\/p>\n","protected":false},"author":1,"featured_media":0,"parent":0,"menu_order":0,"comment_status":"closed","ping_status":"closed","template":"","meta":{"footnotes":""},"class_list":{"1":"page","2":"type-page","3":"status-publish","4":"hentry"},"_links":{"self":[{"href":"https:\/\/menagers-holding.fr\/index.php?rest_route=\/wp\/v2\/pages\/4718","targetHints":{"allow":["GET"]}}],"collection":[{"href":"https:\/\/menagers-holding.fr\/index.php?rest_route=\/wp\/v2\/pages"}],"about":[{"href":"https:\/\/menagers-holding.fr\/index.php?rest_route=\/wp\/v2\/types\/page"}],"author":[{"embeddable":true,"href":"https:\/\/menagers-holding.fr\/index.php?rest_route=\/wp\/v2\/users\/1"}],"replies":[{"embeddable":true,"href":"https:\/\/menagers-holding.fr\/index.php?rest_route=%2Fwp%2Fv2%2Fcomments&post=4718"}],"version-history":[{"count":10,"href":"https:\/\/menagers-holding.fr\/index.php?rest_route=\/wp\/v2\/pages\/4718\/revisions"}],"predecessor-version":[{"id":4903,"href":"https:\/\/menagers-holding.fr\/index.php?rest_route=\/wp\/v2\/pages\/4718\/revisions\/4903"}],"wp:attachment":[{"href":"https:\/\/menagers-holding.fr\/index.php?rest_route=%2Fwp%2Fv2%2Fmedia&parent=4718"}],"curies":[{"name":"wp","href":"https:\/\/api.w.org\/{rel}","templated":true}]}}