{"id":4708,"date":"2024-01-08T09:24:21","date_gmt":"2024-01-08T09:24:21","guid":{"rendered":"https:\/\/menagers-holding.fr\/?page_id=4708"},"modified":"2026-02-13T14:24:15","modified_gmt":"2026-02-13T13:24:15","slug":"infos-legales","status":"publish","type":"page","link":"https:\/\/menagers-holding.fr\/?page_id=4708","title":{"rendered":"Infos l\u00e9gales"},"content":{"rendered":"\t\t<div data-elementor-type=\"wp-page\" data-elementor-id=\"4708\" class=\"elementor elementor-4708\">\n\t\t\t\t<div class=\"elementor-element elementor-element-4213fbd e-flex e-con-boxed e-con e-parent\" data-id=\"4213fbd\" data-element_type=\"container\">\n\t\t\t\t\t<div class=\"e-con-inner\">\n\t\t\t\t<div class=\"elementor-element elementor-element-caf1b84 elementor-widget elementor-widget-text-editor\" data-id=\"caf1b84\" data-element_type=\"widget\" data-widget_type=\"text-editor.default\">\n\t\t\t\t<div class=\"elementor-widget-container\">\n\t\t\t\t\t\t\t\t\t<blockquote><p>Immatricul\u00e9e au RCS 402 015 861 R.C.S. Grasse<\/p><\/blockquote><p>adresse : 63 QUARTIER BOIELDIEU 92800 PUTEAUX FRANCE<\/p><p>SIREN : 402 015 861 <br \/>SIRET : 402 015 861 00030 <br \/>E-mail : sav@menagers-holding.fr<br \/>Site web : https:\/\/ menagers-holding.fr<br \/>D\u00e9nomination: M.B.HOLDING<br \/>sav@menagers-holding.fr<\/p><p>pr\u00e9sident Manager : Marc BARDON<\/p><p>Conform\u00e9ment \u00e0 la loi n\u00b078-17 du 6 janvier 1978, le traitement d\u2019informations personnelles a fait l\u2019objet d\u2019une d\u00e9claration pr\u00e9alable aupr\u00e8s de la CNIL.<br \/>Conform\u00e9ment \u00e0 l\u2019article 27 de la loi n\u00b078-17 du 6 janvier 1978, l\u2019utilisateur est inform\u00e9 que les donn\u00e9es personnelles qu\u2019il communique, notamment en remplissant les formulaires pr\u00e9sents sur le site pourront \u00eatre transmis.<\/p><p>Conform\u00e9ment \u00e0 l\u2019article 34 de la loi n\u00b078-17 du 6 janvier 1978, l\u2019utilisateur dispose d\u2019un droit d\u2019acc\u00e8s, de modification, de rectification et de suppression des donn\u00e9es le concernant en adressant sa demande \u00e0 l\u2019adresse du si\u00e8ge social figurant ci-dessus ou par mail \u00e0 : sav@menagers-holding.fr<\/p><p>menagers-holding d\u00e9cline toute responsabilit\u00e9 quant \u00e0 l\u2019usage qui peut \u00eatre fait des informations diffus\u00e9es sur son site. Le contenu du site peut comporter des inexactitudes techniques, erreurs typographiques ou omissions.<\/p><p>Ce contenu peut \u00eatre modifi\u00e9 ou mis \u00e0 jour sans pr\u00e9avis.<br \/>Les \u00e9ventuels liens hypertexte pr\u00e9sents sur le site www.menagers-holding.fr qui aiguillent les utilisateurs vers d\u2019autres sites Internet n\u2019engagent pas la responsabilit\u00e9 de menagers-holding quant au contenu des autres sites.<\/p><p>Menagers-holding ne saurait \u00eatre responsable de tout dommage direct ou indirect r\u00e9sultant ou cons\u00e9cutif \u00e0 la diffusion par une tierce personne d\u2019un virus par l\u2019interm\u00e9diaire de notre site et susceptible d\u2019infecter le syst\u00e8me informatique ou la configuration informatique de l\u2019ordinateur de l\u2019utilisateur \u00e0 la suite d\u2019une connexion, l\u2019utilisation, la navigation, t\u00e9l\u00e9chargement \u00e0 ce site.<\/p><p>Le site, sa structure g\u00e9n\u00e9rale, ainsi que les textes, images anim\u00e9es ou non, sons, savoir-faire, dessins, graphismes, documents t\u00e9l\u00e9chargeables, repr\u00e9sentations iconographiques et tout autre \u00e9l\u00e9ment composant le site, sont la propri\u00e9t\u00e9 de menagers-holding . Il en est de m\u00eame des marques de menagers-holding et de ses partenaires, ainsi que les logos figurant sur le site.<\/p>\t\t\t\t\t\t\t\t<\/div>\n\t\t\t\t<\/div>\n\t\t\t\t\t<\/div>\n\t\t\t\t<\/div>\n\t\t\t\t<\/div>\n\t\t","protected":false},"excerpt":{"rendered":"<p>Immatricul\u00e9e au RCS 402 015 861 R.C.S. Grasse adresse : 63 QUARTIER BOIELDIEU 92800 PUTEAUX FRANCE SIREN : 402 015 861 SIRET : 402 015 861 00030 E-mail : sav@menagers-holding.frSite<\/p>\n","protected":false},"author":1,"featured_media":0,"parent":0,"menu_order":0,"comment_status":"closed","ping_status":"closed","template":"","meta":{"footnotes":""},"class_list":{"1":"page","2":"type-page","3":"status-publish","4":"hentry"},"_links":{"self":[{"href":"https:\/\/menagers-holding.fr\/index.php?rest_route=\/wp\/v2\/pages\/4708","targetHints":{"allow":["GET"]}}],"collection":[{"href":"https:\/\/menagers-holding.fr\/index.php?rest_route=\/wp\/v2\/pages"}],"about":[{"href":"https:\/\/menagers-holding.fr\/index.php?rest_route=\/wp\/v2\/types\/page"}],"author":[{"embeddable":true,"href":"https:\/\/menagers-holding.fr\/index.php?rest_route=\/wp\/v2\/users\/1"}],"replies":[{"embeddable":true,"href":"https:\/\/menagers-holding.fr\/index.php?rest_route=%2Fwp%2Fv2%2Fcomments&post=4708"}],"version-history":[{"count":16,"href":"https:\/\/menagers-holding.fr\/index.php?rest_route=\/wp\/v2\/pages\/4708\/revisions"}],"predecessor-version":[{"id":5164,"href":"https:\/\/menagers-holding.fr\/index.php?rest_route=\/wp\/v2\/pages\/4708\/revisions\/5164"}],"wp:attachment":[{"href":"https:\/\/menagers-holding.fr\/index.php?rest_route=%2Fwp%2Fv2%2Fmedia&parent=4708"}],"curies":[{"name":"wp","href":"https:\/\/api.w.org\/{rel}","templated":true}]}}