{"id":4703,"date":"2024-01-08T09:22:54","date_gmt":"2024-01-08T09:22:54","guid":{"rendered":"https:\/\/menagers-holding.fr\/?page_id=4703"},"modified":"2026-01-21T23:56:07","modified_gmt":"2026-01-21T23:56:07","slug":"remboursements-et-retours","status":"publish","type":"page","link":"https:\/\/menagers-holding.fr\/?page_id=4703","title":{"rendered":"Remboursements et Retours"},"content":{"rendered":"\t\t<div data-elementor-type=\"wp-page\" data-elementor-id=\"4703\" class=\"elementor elementor-4703\">\n\t\t\t\t<div class=\"elementor-element elementor-element-2b30938 e-flex e-con-boxed e-con e-parent\" data-id=\"2b30938\" data-element_type=\"container\">\n\t\t\t\t\t<div class=\"e-con-inner\">\n\t\t\t\t<div class=\"elementor-element elementor-element-ea968fd elementor-widget elementor-widget-text-editor\" data-id=\"ea968fd\" data-element_type=\"widget\" data-widget_type=\"text-editor.default\">\n\t\t\t\t<div class=\"elementor-widget-container\">\n\t\t\t\t\t\t\t\t\t<h1 class=\"wp-block-heading\">Remboursement et retours<\/h1><p>Merci d\u2019avoir magasin\u00e9 chez menagers-holding.<\/p><p>Les conditions suivantes s\u2019appliquent \u00e0 tous les produits que vous avez achet\u00e9s avec nous.<\/p><p><strong>Conditions de retour<\/strong><\/p><p>Si vous souhaitez retourner un article, veuillez nous contacter par email<\/p><p><strong>Contactez-nous<\/strong><\/p><p>\u00c9crivez-nous par E-mail sav@menagers-holding.fr, veuillez indiquer dans la lettre:<\/p><ul><li>Vous souhaitez retourner ou \u00e9changer ?<\/li><li>Votre num\u00e9ro de commande<\/li><li>Date de commande<\/li><li>Nom et pr\u00e9nom du destinataire<\/li><li>Nom du produit<\/li><li>Motif du retour ou de l\u2019\u00e9change<\/li><li>Joindre une photo du d\u00e9faut du produit (rayures, \u00e9clats et tout autre d\u00e9faut d\u2019usine, ou dommage lors de la livraison)<\/li><\/ul><p>Nous vous envoyons une \u00e9tiquette d\u2019exp\u00e9dition de retour \u00e0 votre e-mail ou \u00e0 votre adresse postale<\/p><p>Vous exp\u00e9diez votre article \u00e0: 63 QUARTIER BOIELDIEU 92800 PUTEAUX<\/p><p>Remboursement. Nous Vous rembourserons au plus tard 30 jours \u00e0 compter du jour o\u00f9 Nous recevons les Marchandises retourn\u00e9es. Nous utiliserons le m\u00eame moyen de paiement que celui que Vous avez utilis\u00e9 pour la Commande, et Vous n\u2019encourrez aucun frais pour ce remboursement.<\/p><p><strong>Droits de retour<\/strong><\/p><p>Vous pouvez retourner votre article dans les 30 jours suivant la r\u00e9ception de votre commande. Sauf pour les articles qui pr\u00e9sentent des signes d\u2019utilisation, d\u2019usure ou de dommages de votre part<\/p><p><strong>Qui paie le retour des marchandises\u00a0:<\/strong><\/p><p>Dans tous les cas, l\u2019acheteur paie le retour de la marchandise.<\/p><p><strong>Conditions de retour<\/strong><\/p><p><em>Pour que les Marchandises soient \u00e9ligibles \u00e0 un retour, veuillez vous assurer que\u00a0:<\/em><\/p><ul><li>Les Marchandises ont \u00e9t\u00e9 achet\u00e9es au cours des 30 derniers jours<\/li><li>Les marchandises sont dans l\u2019emballage d\u2019origine<\/li><\/ul><p><strong>Dans quels cas nous ne faisons pas de retour<\/strong><\/p><ul><li>Plus de 30 jours se sont \u00e9coul\u00e9s depuis l\u2019achat<\/li><li>Si des signes d\u2019utilisation, d\u2019usure ou de dommages de votre part<\/li><\/ul><p><em>Nous nous r\u00e9servons le droit de refuser les retours de toute marchandise qui ne r\u00e9pond pas aux conditions de retour ci-dessus \u00e0 notre seule discr\u00e9tion.<\/em><\/p><p><strong>Cadeaux<\/strong><\/p><p>Si les marchandises ont \u00e9t\u00e9 marqu\u00e9es comme un cadeau lors de l\u2019achat, puis vous ont \u00e9t\u00e9 exp\u00e9di\u00e9es directement, vous recevrez un cr\u00e9dit-cadeau correspondant \u00e0 la valeur de votre retour. Une fois le produit retourn\u00e9 re\u00e7u, un ch\u00e8que-cadeau vous sera envoy\u00e9 par la poste.<\/p><p>Si les marchandises n\u2019ont pas \u00e9t\u00e9 marqu\u00e9es comme un cadeau lors de l\u2019achat, ou si le donateur s\u2019est fait exp\u00e9dier la commande pour vous la donner plus tard, nous enverrons le remboursement au donateur.<\/p><h2 class=\"wp-block-heading\">Nous contacter<\/h2><p>Si vous avez des questions sur notre politique de retour et de remboursement, veuillez nous contacter :<\/p><ul><li>Par email : sav@menagers-holding.fr<\/li><li>Par num\u00e9ro de t\u00e9l\u00e9phone: +33 7 80 94 22 48<\/li><li>Par mail: 63 QUARTIER BOIELDIEU 92800 PUTEAUXBRAYE<\/li><\/ul>\t\t\t\t\t\t\t\t<\/div>\n\t\t\t\t<\/div>\n\t\t\t\t\t<\/div>\n\t\t\t\t<\/div>\n\t\t\t\t<\/div>\n\t\t","protected":false},"excerpt":{"rendered":"<p>Remboursement et retours Merci d\u2019avoir magasin\u00e9 chez menagers-holding. Les conditions suivantes s\u2019appliquent \u00e0 tous les produits que vous avez achet\u00e9s avec nous. Conditions de retour Si vous souhaitez retourner un<\/p>\n","protected":false},"author":1,"featured_media":0,"parent":0,"menu_order":0,"comment_status":"closed","ping_status":"closed","template":"","meta":{"footnotes":""},"class_list":{"1":"page","2":"type-page","3":"status-publish","4":"hentry"},"_links":{"self":[{"href":"https:\/\/menagers-holding.fr\/index.php?rest_route=\/wp\/v2\/pages\/4703","targetHints":{"allow":["GET"]}}],"collection":[{"href":"https:\/\/menagers-holding.fr\/index.php?rest_route=\/wp\/v2\/pages"}],"about":[{"href":"https:\/\/menagers-holding.fr\/index.php?rest_route=\/wp\/v2\/types\/page"}],"author":[{"embeddable":true,"href":"https:\/\/menagers-holding.fr\/index.php?rest_route=\/wp\/v2\/users\/1"}],"replies":[{"embeddable":true,"href":"https:\/\/menagers-holding.fr\/index.php?rest_route=%2Fwp%2Fv2%2Fcomments&post=4703"}],"version-history":[{"count":13,"href":"https:\/\/menagers-holding.fr\/index.php?rest_route=\/wp\/v2\/pages\/4703\/revisions"}],"predecessor-version":[{"id":5150,"href":"https:\/\/menagers-holding.fr\/index.php?rest_route=\/wp\/v2\/pages\/4703\/revisions\/5150"}],"wp:attachment":[{"href":"https:\/\/menagers-holding.fr\/index.php?rest_route=%2Fwp%2Fv2%2Fmedia&parent=4703"}],"curies":[{"name":"wp","href":"https:\/\/api.w.org\/{rel}","templated":true}]}}