{"id":4698,"date":"2024-01-08T09:22:01","date_gmt":"2024-01-08T09:22:01","guid":{"rendered":"https:\/\/menagers-holding.fr\/?page_id=4698"},"modified":"2025-08-11T20:55:05","modified_gmt":"2025-08-11T20:55:05","slug":"droit-de-retraction","status":"publish","type":"page","link":"https:\/\/menagers-holding.fr\/?page_id=4698","title":{"rendered":"Droit de r\u00e9traction"},"content":{"rendered":"\t\t<div data-elementor-type=\"wp-page\" data-elementor-id=\"4698\" class=\"elementor elementor-4698\">\n\t\t\t\t<div class=\"elementor-element elementor-element-15aaab2 e-flex e-con-boxed e-con e-parent\" data-id=\"15aaab2\" data-element_type=\"container\">\n\t\t\t\t\t<div class=\"e-con-inner\">\n\t\t\t\t<div class=\"elementor-element elementor-element-c5df4ed elementor-widget elementor-widget-text-editor\" data-id=\"c5df4ed\" data-element_type=\"widget\" data-widget_type=\"text-editor.default\">\n\t\t\t\t<div class=\"elementor-widget-container\">\n\t\t\t\t\t\t\t\t\t<p>Informations concernant l\u2019exercice du droit de r\u00e9tractation &amp; Mod\u00e8le de Formulaire de R\u00e9tractation<\/p><p>Le consommateur b\u00e9n\u00e9ficie d\u2019un droit de r\u00e9tractation selon les modalit\u00e9s suivantes, \u00e0 condition que le consommateur soit une personne physique qui conclut un acte juridique \u00e0 des fins personnelles et que cet acte ne puisse \u00eatre imput\u00e9 ni \u00e0 son activit\u00e9 commerciale ni \u00e0 son activit\u00e9 professionnelle ind\u00e9pendante:<\/p><h5>A. Informations concernant l\u2019exercice du droit de r\u00e9tractation<\/h5><p>Vous avez le droit de vous r\u00e9tracter du pr\u00e9sent contrat sans donner de motif dans un d\u00e9lai de quatorze jours.<\/p><p>Le d\u00e9lai de r\u00e9tractation est de trente jours apr\u00e8s le jour o\u00f9 vous-m\u00eame, ou un tiers autre que le transporteur et d\u00e9sign\u00e9 par vous, prend physiquement possession du bien.<\/p><p>Pour exercer le droit de r\u00e9tractation, vous devez nous<\/p><p><b>\u00a0M.B. HOLDING<\/b><br \/>63 QUARTIER BOIELDIEU 92800 PUTEAUX<\/p><p>France<br \/>E-mail : sav@menagers-holding.fr<\/p><p>notifier votre d\u00e9cision de r\u00e9tractation du pr\u00e9sent contrat au moyen d\u2019une d\u00e9claration d\u00e9nu\u00e9e d\u2019ambigu\u00eft\u00e9 (par exemple, lettre envoy\u00e9e par la poste, t\u00e9l\u00e9copie ou courrier \u00e9lectronique). Vous pouvez utiliser le mod\u00e8le de formulaire de r\u00e9traction ci-joint, mais ce n\u2019est pas obligatoire.<\/p><p>Pour que le d\u00e9lai de r\u00e9tractation soit respect\u00e9, il suffit que vous transmettiez votre communication relative \u00e0 l\u2019exercice du droit de r\u00e9tractation avant l\u2019expiration du d\u00e9lai de r\u00e9tractation.<\/p><h5>Effets de r\u00e9tractation<\/h5><p>En cas de r\u00e9tractation de votre part du pr\u00e9sent contrat, nous vous rembourserons tous les paiements re\u00e7us de vous, y compris les frais de livraison (\u00e0 l\u2019exception des frais suppl\u00e9mentaires d\u00e9coulant du fait que vous avez choisi, le cas \u00e9ch\u00e9ant, un mode de livraison autre que le mode moins co\u00fbteux de livraison standard propos\u00e9 par nous) sans retard excessif et, en tout \u00e9tat de cause, au plus tard trente jours \u00e0 compter du jour o\u00f9 nous sommes inform\u00e9s de votre d\u00e9cision de r\u00e9tractation du pr\u00e9sent contrat. Nous proc\u00e9derons au remboursement en utilisant le m\u00eame moyen de paiement que celui que vous aurez utilis\u00e9 pour la transaction initiale, sauf si vous convenez express\u00e9ment d\u2019un moyen diff\u00e9rent ; en tout \u00e9tat de cause, ce remboursement n\u2019occasionnera pas de frais pour vous. Nous pouvons diff\u00e9rer le remboursement jusqu\u2019\u00e0 ce que nous ayons re\u00e7u le bien ou jusqu\u2019\u00e0 ce que vous ayez fourni une preuve d\u2019exp\u00e9dition du bien, la date retenue \u00e9tant celle du premier de ces faits.<\/p><p>Vous devrez renvoyer ou rendre le bien, \u00e0 nous-m\u00eames sans retard excessif et, en tout \u00e9tat de cause, au plus tard trente jours apr\u00e8s que vous nous aurez communiqu\u00e9 votre d\u00e9cision de r\u00e9tractation du pr\u00e9sent contrat. Ce d\u00e9lai est r\u00e9put\u00e9 respect\u00e9 si vous renvoyez le bien avant l\u2019expiration du d\u00e9lai de trente jours.<\/p><p>Les co\u00fbts directs de renvoi des biens vous incombent. Les co\u00fbts directs de renvoi relatifs aux biens qui, par leur nature, ne peuvent nous \u00eatre r\u00e9exp\u00e9di\u00e9s par la poste (livraison par transporteur), sont estim\u00e9s \u00e0 environ 199,00 Euro au maximum.<\/p><p>Votre responsabilit\u00e9 n\u2019est engag\u00e9e qu\u2019\u00e0 l\u2019\u00e9gard de la d\u00e9pr\u00e9ciation du bien r\u00e9sultant de manipulations autres que celles n\u00e9cessaires pour \u00e9tablir la nature, les caract\u00e9ristiques et le bon fonctionnement de ce bien.<\/p><h5>Exclusion ou expiration pr\u00e9matur\u00e9e du droit de r\u00e9tractation:<\/h5><p>Le droit de r\u00e9tractation ne s\u2019applique pas aux contrats de livraison de biens confectionn\u00e9s selon les sp\u00e9cifications du consommateur ou nettement personnalis\u00e9s.<\/p><p>Le droit de r\u00e9tractation expire pr\u00e9matur\u00e9ment pour les contrats de fourniture de biens qui ont \u00e9t\u00e9 descell\u00e9s par le consommateur apr\u00e8s la livraison et qui ne peuvent \u00eatre renvoy\u00e9s pour des raisons d\u2019hygi\u00e8ne ou de protection de la sant\u00e9.<\/p><p>Le droit de r\u00e9tractation expire pr\u00e9matur\u00e9ment pour les contrats de fourniture d\u2019enregistrements audio ou vid\u00e9o ou de logiciels informatiques lorsqu\u2019ils ont \u00e9t\u00e9 descell\u00e9s par le consommateur apr\u00e8s la livraison.<\/p><h5>Remarques g\u00e9n\u00e9rales<\/h5><p>Merci d\u2019\u00e9viter tout endommagement et toute contamination de la marchandise. Nous vous prions de bien vouloir nous renvoyer la marchandise dans son emballage d\u2019origine, si possible, ainsi que tous les accessoires \u00e9ventuels et l\u2019ensemble des composants d\u2019emballage. Veuillez utiliser \u00e9ventuellement un suremballage de protection. Si vous ne disposez plus de l\u2019emballage d\u2019origine, merci de bien vouloir choisir un emballage ad\u00e9quat pour garantir une protection suffisante contre les dommages dus au transport. Veuillez noter que les remarques g\u00e9n\u00e9rales ci-dessus ne sont pas conditionnelles pour l\u2019exercice du droit de r\u00e9tractation.<\/p><h5>Adresse pour le retour de la marchandise<\/h5><p>M.B. HOLDING<\/p><p>63 QUARTIER BOIELDIEU 92800 PUTEAUX<\/p><p>France<\/p>\t\t\t\t\t\t\t\t<\/div>\n\t\t\t\t<\/div>\n\t\t\t\t\t<\/div>\n\t\t\t\t<\/div>\n\t\t\t\t<\/div>\n\t\t","protected":false},"excerpt":{"rendered":"<p>Informations concernant l\u2019exercice du droit de r\u00e9tractation &amp; Mod\u00e8le de Formulaire de R\u00e9tractation Le consommateur b\u00e9n\u00e9ficie d\u2019un droit de r\u00e9tractation selon les modalit\u00e9s suivantes, \u00e0 condition que le consommateur soit<\/p>\n","protected":false},"author":1,"featured_media":0,"parent":0,"menu_order":0,"comment_status":"closed","ping_status":"closed","template":"","meta":{"footnotes":""},"class_list":{"1":"page","2":"type-page","3":"status-publish","4":"hentry"},"_links":{"self":[{"href":"https:\/\/menagers-holding.fr\/index.php?rest_route=\/wp\/v2\/pages\/4698","targetHints":{"allow":["GET"]}}],"collection":[{"href":"https:\/\/menagers-holding.fr\/index.php?rest_route=\/wp\/v2\/pages"}],"about":[{"href":"https:\/\/menagers-holding.fr\/index.php?rest_route=\/wp\/v2\/types\/page"}],"author":[{"embeddable":true,"href":"https:\/\/menagers-holding.fr\/index.php?rest_route=\/wp\/v2\/users\/1"}],"replies":[{"embeddable":true,"href":"https:\/\/menagers-holding.fr\/index.php?rest_route=%2Fwp%2Fv2%2Fcomments&post=4698"}],"version-history":[{"count":10,"href":"https:\/\/menagers-holding.fr\/index.php?rest_route=\/wp\/v2\/pages\/4698\/revisions"}],"predecessor-version":[{"id":4892,"href":"https:\/\/menagers-holding.fr\/index.php?rest_route=\/wp\/v2\/pages\/4698\/revisions\/4892"}],"wp:attachment":[{"href":"https:\/\/menagers-holding.fr\/index.php?rest_route=%2Fwp%2Fv2%2Fmedia&parent=4698"}],"curies":[{"name":"wp","href":"https:\/\/api.w.org\/{rel}","templated":true}]}}