{"id":4688,"date":"2024-01-08T09:15:33","date_gmt":"2024-01-08T09:15:33","guid":{"rendered":"https:\/\/menagers-holding.fr\/?page_id=4688"},"modified":"2025-08-11T19:33:28","modified_gmt":"2025-08-11T19:33:28","slug":"protection-des-donnees-personnelles","status":"publish","type":"page","link":"https:\/\/menagers-holding.fr\/?page_id=4688","title":{"rendered":"Protection des donn\u00e9es personnelles"},"content":{"rendered":"\t\t<div data-elementor-type=\"wp-page\" data-elementor-id=\"4688\" class=\"elementor elementor-4688\">\n\t\t\t\t<div class=\"elementor-element elementor-element-b9f2662 e-flex e-con-boxed e-con e-parent\" data-id=\"b9f2662\" data-element_type=\"container\">\n\t\t\t\t\t<div class=\"e-con-inner\">\n\t\t\t\t<div class=\"elementor-element elementor-element-1d6f58a elementor-widget elementor-widget-text-editor\" data-id=\"1d6f58a\" data-element_type=\"widget\" data-widget_type=\"text-editor.default\">\n\t\t\t\t<div class=\"elementor-widget-container\">\n\t\t\t\t\t\t\t\t\t<p>PROTECTION DES DONN\u00c9ES PERSONNELLES ET UTILISATION DES COOKIES<br>Par obligation de mise en conformit\u00e9 avec la r\u00e9glementation europ\u00e9enne sur la protection des donn\u00e9es personnelles collect\u00e9es et par soucis du respect de ses clients et du maintien de la confidentialit\u00e9 de leur compte, la soci\u00e9t\u00e9&nbsp; M<span style=\"font-size: 15px; text-align: start; color: var( --e-global-color-text ); font-family: var( --e-global-typography-text-font-family ), Sans-serif; font-weight: var( --e-global-typography-text-font-weight ); background-color: transparent; letter-spacing: 0px;\">enagers holding<\/span><span style=\"color: var( --e-global-color-text ); font-family: var( --e-global-typography-text-font-family ), Sans-serif; font-weight: var( --e-global-typography-text-font-weight ); background-color: transparent; letter-spacing: 0px;\">.<\/span><\/p>\n<p>vous informe des conditions de traitement de vos donn\u00e9es sur httpss:\/\/menagers-holding.fr<\/p>\n<p>1 \u2013 QU\u2019EST-QU\u2019UNE DONN\u00c9E PERSONNELLE ?<br>Une donn\u00e9e personnelle est ce qui permet d\u2019identifier une personne physique.<\/p>\n<p>Identification directe : Nom, pr\u00e9nom<\/p>\n<p>Identification indirecte : N\u00b0 t\u00e9l, mail, plaque min\u00e9ralogique, n\u00b0 client, donn\u00e9e biom\u00e9trique, voix, image\u2026<\/p>\n<p>L\u2019identification d\u2019une personne physique est r\u00e9alisable \u00e0 partir d\u2019une seule donn\u00e9e (par ex NIR, ADN\u2026) ou de plusieurs donn\u00e9es (adresse, date de naissance, lieu de travail\u2026).<\/p>\n<p>Vous trouverez sur ce lien la d\u00e9finition compl\u00e8te d\u2019une donn\u00e9e personnelle et les textes de lois qui l\u2019entoure : httpss:\/\/www.cnil.fr\/fr\/reglement-europeen-protection-donnees\/chapitre2<\/p>\n<p>2 \u2013 QUELLES DONN\u00c9ES PERSONNELLES ME CONCERNANT SONT COLLECT\u00c9ES CHEZ MENAGERS HOLDING?<br>Nom, pr\u00e9nom<\/p>\n<p>Adresse postale<\/p>\n<p>N\u00b0 de t\u00e9l\u00e9phone<\/p>\n<p>Adresse mail et mot de passe (n\u00e9cessaire en cas de probl\u00e8me de connexion).<\/p>\n<p>Date de naissance (facultative)<\/p>\n<p>Donn\u00e9es de connexion et de navigation, adresse IP<\/p>\n<p>Historique des commandes<\/p>\n<p>Historique des mails<\/p>\n<p>Moyens de paiement : CB (donn\u00e9es collect\u00e9es par la banque uniquement le temps de l\u2019achat). Documents n\u00e9cessaires \u00e0 la r\u00e9alisation d\u2019un dossier de financement (Cetelem).<\/p>\n<p>Toutes ces donn\u00e9es sont conserv\u00e9es sur le site www.<span style=\"font-size: 15px; text-align: start; color: var( --e-global-color-text ); font-family: var( --e-global-typography-text-font-family ), Sans-serif; font-weight: var( --e-global-typography-text-font-weight ); background-color: transparent; letter-spacing: 0px;\">menagers-holding.fr<\/span><span style=\"color: var( --e-global-color-text ); font-family: var( --e-global-typography-text-font-family ), Sans-serif; font-weight: var( --e-global-typography-text-font-weight ); background-color: transparent; letter-spacing: 0px;\">&nbsp;et par l\u2019h\u00e9bergeur du site.<\/span><\/p>\n<p>3 \u2013 QUAND SONT-ELLES COLLECT\u00c9ES ?<br>Lors de la cr\u00e9ation de votre compte client<\/p>\n<p>De votre navigation sur le site www.M<span style=\"font-size: 15px; text-align: start; color: var( --e-global-color-text ); font-family: var( --e-global-typography-text-font-family ), Sans-serif; font-weight: var( --e-global-typography-text-font-weight ); background-color: transparent; letter-spacing: 0px;\">enagers-holding<\/span>.fr<\/p>\n<p>De vos commandes<\/p>\n<p>De vos \u00e9changes par mail avec nos diff\u00e9rents services (clients, SAV, magasin, commercial).<\/p>\n<p>Vos commentaires<\/p>\n<p>4 \u2013 QUELLES SONT LES FINALIT\u00c9S DE TRAITEMENTS DE CES DONN\u00c9ES ?<br>LA GESTION DE LA VENTE<\/p>\n<p>Vente en magasin et en ligne<\/p>\n<p>Envoi de mail ou de SMS pour la confirmation de commande<\/p>\n<p>Gestion financi\u00e8re : paiement en ligne ou demande de dossier de cr\u00e9dit<\/p>\n<p>Livraison<\/p>\n<p>SAV<\/p>\n<p>LA PROSPECTION COMMERCIALE AVEC CONSENTEMENT<\/p>\n<p>Envoi de newsletter<\/p>\n<p>Op\u00e9rations promotionnelles<\/p>\n<p>Envoi de publicit\u00e9 cibl\u00e9e<\/p>\n<p>LA S\u00c9CURISATION DES DONN\u00c9ES<\/p>\n<p>Prot\u00e9ger vos saisies sur le site www.<span style=\"color: var( --e-global-color-text ); font-family: var( --e-global-typography-text-font-family ), Sans-serif; font-weight: var( --e-global-typography-text-font-weight ); background-color: transparent; letter-spacing: 0px;\">M<\/span><span style=\"font-size: 15px; text-align: start; color: var( --e-global-color-text ); font-family: var( --e-global-typography-text-font-family ), Sans-serif; font-weight: var( --e-global-typography-text-font-weight ); background-color: transparent; letter-spacing: 0px;\">enagers-holding<\/span><span style=\"color: var( --e-global-color-text ); font-family: var( --e-global-typography-text-font-family ), Sans-serif; font-weight: var( --e-global-typography-text-font-weight ); background-color: transparent; letter-spacing: 0px;\">&nbsp;.fr par la cr\u00e9ation d\u2019un compte personnel, accessible par un identifiant et un mot de passe.<\/span><\/p>\n<p>Lutte contre la fraude et l\u2019usurpation d\u2019identit\u00e9 sur le net<\/p>\n<p>STATISTIQUES ET AUTRES \u00c9TUDES<\/p>\n<p>Analyse de l\u2019audience<\/p>\n<p>G\u00e9olocalisation de la client\u00e8le \u00e0 des fins publicitaires cibl\u00e9es<\/p>\n<p>Consultations des comptes et des ventes \u00e0 des fins d\u2019am\u00e9lioration de strat\u00e9gies commerciales et marketing<\/p>\n<p>5 \u2013 QUI EST RESPONSABLE DE LA S\u00c9CURISATION DES DONN\u00c9ES ET DE LA MISE EN CONFORMIT\u00c9 AVEC LA RGPD ?<br>La soci\u00e9t\u00e9 express-discount , repr\u00e9sent\u00e9e par son g\u00e9rant, samuel louvain est responsable de la protection des donn\u00e9es.<\/p>\n<p>La D\u00e9l\u00e9gu\u00e9e \u00e0 la protection des donn\u00e9es (DPO) est merveille coulon , salari\u00e9e de la soci\u00e9t\u00e9 express-discount .<\/p>\n<p>6- COMBIEN DE TEMPS SONT CONSERV\u00c9ES MES DONN\u00c9ES COLLECT\u00c9ES ?<br>Vos donn\u00e9es sont conserv\u00e9es tant que vous \u00eates client et 5 ans apr\u00e8s votre derni\u00e8re activit\u00e9 sur votre compte (commande, consultation, \u00e9change courrier avec un de nos services).<\/p>\n<p>7- MES DONN\u00c9ES COLLECT\u00c9ES SONT-ELLES PARTAG\u00c9ES ?<br>Nous pouvons transmettre une partie de vos donn\u00e9es personnelles (nom, adresse, t\u00e9l\u00e9phone, mail) \u00e0 des techniciens qui interviendraient \u00e0 votre domicile ou un partenaire de campagnes emailing ou autres prospections commerciales (avec votre accord pr\u00e9alable).<\/p>\n<p>Vous pouvez refuser ces transmissions en nous \u00e9crivant via le formulaire de contact.<\/p>\n<p>8 \u2013 PUIS-JE MODIFIER OU ANNULER MES CHOIX DE CONSENTEMENT ?<br>Vous \u00eates libre de modifier ou d\u2019annuler l\u2019exploitation de vos donn\u00e9es personnelles \u00e0 tout moment. La soci\u00e9t\u00e9 express-discount devra r\u00e9pondre \u00e0 votre demande dans un d\u00e9lai d\u2019un mois maximum.<\/p>\n<p>POLITIQUE DE CONFIDENTIALIT\u00c9 ET D\u2019UTILISATION DES COOKIES<br>1 \u2013 Traceurs exempt\u00e9s de consentement pr\u00e9alable<br>Nous utilisons ces traceurs pour g\u00e9rer votre acc\u00e8s aux parties s\u00e9curis\u00e9es du site, conserver le contenu de votre panier durant votre visite,\u2026<\/p>\n<p>Ces traceurs ne peuvent pas, techniquement, \u00eatre d\u00e9sactiv\u00e9s depuis le site. Vous pouvez n\u00e9anmoins vous opposer \u00e0 l\u2019utilisation de ces traceurs, exclusivement en param\u00e9trant votre navigateur. Ce param\u00e9trage d\u00e9pend du navigateur que vous utilisez, mais il est en g\u00e9n\u00e9ral simple \u00e0 r\u00e9aliser : en principe, vous pouvez soit activer une fonction de navigation priv\u00e9e soit uniquement interdire ou restreindre les traceurs (cookies). Attention, il se peut que des traceurs aient \u00e9t\u00e9 enregistr\u00e9s sur votre p\u00e9riph\u00e9rique avant le param\u00e9trage de votre navigateur : dans ce cas, effacez votre historique de navigation, toujours en utilisant le param\u00e9trage de votre navigateur.<\/p>\n<p>2 \u2013 Traceurs soumis \u00e0 votre consentement pr\u00e9alable<br>2.1 \u2013 Traceurs sous le contr\u00f4le de tiers<br>Ces traceurs sont utilis\u00e9s pour effectuer des statistiques d\u2019utilisation de notre site et du nombre de visiteurs.<\/p>\n<p>Nous utilisons la solution Google Analytics pour les statistiques de fr\u00e9quentation.<\/p>\n<p>Vous pouvez vous opposer \u00e0 l\u2019utilisation de ces traceurs en utilisant la fonction de navigation priv\u00e9e de votre navigateur.<\/p>\n<p>3 \u2013 Pour en savoir plus<br>L\u2019utilisation des traceurs est r\u00e9gie par l\u2019article 32 II de la loi n\u00b0 78-17 du 6 janvier 1978, transposant l\u2019article 5.3 de la directive 2002\/58\/CE du parlement europ\u00e9en et du conseil du 12 juillet 2002 modifi\u00e9e par la directive 2009\/136\/CE.<\/p>\n<p>Pour en savoir plus sur les cookies et traceurs, nous vous invitons \u00e0 consulter le site de la CNIL : www.cnil.fr.<\/p>\t\t\t\t\t\t\t\t<\/div>\n\t\t\t\t<\/div>\n\t\t\t\t\t<\/div>\n\t\t\t\t<\/div>\n\t\t\t\t<\/div>\n\t\t","protected":false},"excerpt":{"rendered":"<p>PROTECTION DES DONN\u00c9ES PERSONNELLES ET UTILISATION DES COOKIESPar obligation de mise en conformit\u00e9 avec la r\u00e9glementation europ\u00e9enne sur la protection des donn\u00e9es personnelles collect\u00e9es et par soucis du respect de<\/p>\n","protected":false},"author":1,"featured_media":0,"parent":0,"menu_order":0,"comment_status":"closed","ping_status":"closed","template":"","meta":{"footnotes":""},"class_list":{"1":"page","2":"type-page","3":"status-publish","4":"hentry"},"_links":{"self":[{"href":"https:\/\/menagers-holding.fr\/index.php?rest_route=\/wp\/v2\/pages\/4688","targetHints":{"allow":["GET"]}}],"collection":[{"href":"https:\/\/menagers-holding.fr\/index.php?rest_route=\/wp\/v2\/pages"}],"about":[{"href":"https:\/\/menagers-holding.fr\/index.php?rest_route=\/wp\/v2\/types\/page"}],"author":[{"embeddable":true,"href":"https:\/\/menagers-holding.fr\/index.php?rest_route=\/wp\/v2\/users\/1"}],"replies":[{"embeddable":true,"href":"https:\/\/menagers-holding.fr\/index.php?rest_route=%2Fwp%2Fv2%2Fcomments&post=4688"}],"version-history":[{"count":13,"href":"https:\/\/menagers-holding.fr\/index.php?rest_route=\/wp\/v2\/pages\/4688\/revisions"}],"predecessor-version":[{"id":4884,"href":"https:\/\/menagers-holding.fr\/index.php?rest_route=\/wp\/v2\/pages\/4688\/revisions\/4884"}],"wp:attachment":[{"href":"https:\/\/menagers-holding.fr\/index.php?rest_route=%2Fwp%2Fv2%2Fmedia&parent=4688"}],"curies":[{"name":"wp","href":"https:\/\/api.w.org\/{rel}","templated":true}]}}