{"id":10,"date":"2024-01-03T18:08:47","date_gmt":"2024-01-03T18:08:47","guid":{"rendered":"https:\/\/menagers-holding.fr\/?page_id=10"},"modified":"2024-01-03T18:08:47","modified_gmt":"2024-01-03T18:08:47","slug":"panier","status":"publish","type":"page","link":"https:\/\/menagers-holding.fr\/?page_id=10","title":{"rendered":"Panier"},"content":{"rendered":"\n<div data-block-name=\"woocommerce\/cart\" class=\"wp-block-woocommerce-cart alignwide is-loading\">\n<div data-block-name=\"woocommerce\/filled-cart-block\" class=\"wp-block-woocommerce-filled-cart-block\">\n<div data-block-name=\"woocommerce\/cart-items-block\" class=\"wp-block-woocommerce-cart-items-block\">\n<div data-block-name=\"woocommerce\/cart-line-items-block\" class=\"wp-block-woocommerce-cart-line-items-block\"><\/div>\n\n\n\n<div data-block-name=\"woocommerce\/cart-cross-sells-block\" class=\"wp-block-woocommerce-cart-cross-sells-block\">\n<h2 class=\"wp-block-heading has-large-font-size\">\u00c7a peut vous int\u00e9resser&#8230;<\/h2>\n\n\n\n<div data-block-name=\"woocommerce\/cart-cross-sells-products-block\" class=\"wp-block-woocommerce-cart-cross-sells-products-block\"><\/div>\n<\/div>\n<\/div>\n\n\n\n<div data-block-name=\"woocommerce\/cart-totals-block\" class=\"wp-block-woocommerce-cart-totals-block\">\n<div data-block-name=\"woocommerce\/cart-order-summary-block\" class=\"wp-block-woocommerce-cart-order-summary-block\">\n<div data-block-name=\"woocommerce\/cart-order-summary-heading-block\" class=\"wp-block-woocommerce-cart-order-summary-heading-block\"><\/div><div data-block-name=\"woocommerce\/cart-order-summary-coupon-form-block\" class=\"wp-block-woocommerce-cart-order-summary-coupon-form-block\"><\/div><div data-block-name=\"woocommerce\/cart-order-summary-totals-block\" class=\"wp-block-woocommerce-cart-order-summary-totals-block\">\n<div data-block-name=\"woocommerce\/cart-order-summary-subtotal-block\" class=\"wp-block-woocommerce-cart-order-summary-subtotal-block\"><\/div>\n<div data-block-name=\"woocommerce\/cart-order-summary-discount-block\" class=\"wp-block-woocommerce-cart-order-summary-discount-block\"><\/div>\n<div data-block-name=\"woocommerce\/cart-order-summary-fee-block\" class=\"wp-block-woocommerce-cart-order-summary-fee-block\"><\/div>\n<div data-block-name=\"woocommerce\/cart-order-summary-shipping-block\" class=\"wp-block-woocommerce-cart-order-summary-shipping-block\"><\/div>\n<div data-block-name=\"woocommerce\/cart-order-summary-taxes-block\" class=\"wp-block-woocommerce-cart-order-summary-taxes-block\"><\/div><\/div>\n<\/div>\n\n\n\n<div data-block-name=\"woocommerce\/cart-express-payment-block\" class=\"wp-block-woocommerce-cart-express-payment-block\"><\/div>\n\n\n\n<div data-block-name=\"woocommerce\/proceed-to-checkout-block\" class=\"wp-block-woocommerce-proceed-to-checkout-block\"><\/div>\n\n\n\n<div data-block-name=\"woocommerce\/cart-accepted-payment-methods-block\" class=\"wp-block-woocommerce-cart-accepted-payment-methods-block\"><\/div>\n<\/div>\n<\/div>\n\n\n\n<div data-block-name=\"woocommerce\/empty-cart-block\" class=\"wp-block-woocommerce-empty-cart-block\">\n<h2 class=\"wp-block-heading has-text-align-center with-empty-cart-icon wc-block-cart__empty-cart__title\">Votre panier est actuellement vide\u00a0!<\/h2>\n\n\n\n<hr class=\"wp-block-separator has-alpha-channel-opacity is-style-dots\"\/>\n\n\n\n<h2 class=\"wp-block-heading has-text-align-center\">Nouveau dans la boutique<\/h2>\n\n\n<div data-block-name=\"woocommerce\/product-new\" data-columns=\"4\" data-rows=\"1\" class=\"wc-block-grid wp-block-product-new wp-block-woocommerce-product-new wc-block-product-new has-4-columns\"><ul class=\"wc-block-grid__products\"><li class=\"wc-block-grid__product\">\n\t\t\t\t<a href=\"https:\/\/menagers-holding.fr\/?product=routeur-solaire-myenergi-eddi\" class=\"wc-block-grid__product-link\">\n\t\t\t\t\t<div class=\"wc-block-grid__product-onsale\">\n\t\t\t<span aria-hidden=\"true\">Promo<\/span>\n\t\t\t<span class=\"screen-reader-text\">Produit en promotion<\/span>\n\t\t<\/div>\n\t\t\t\t\t<div class=\"wc-block-grid__product-image\"><img fetchpriority=\"high\" decoding=\"async\" width=\"300\" height=\"300\" src=\"https:\/\/menagers-holding.fr\/wp-content\/uploads\/2025\/11\/IMG_2465-300x300.png\" class=\"attachment-woocommerce_thumbnail size-woocommerce_thumbnail\" alt=\"Routeur solaire - myenergi - eddi\" srcset=\"https:\/\/menagers-holding.fr\/wp-content\/uploads\/2025\/11\/IMG_2465-300x300.png 300w, https:\/\/menagers-holding.fr\/wp-content\/uploads\/2025\/11\/IMG_2465-150x150.png 150w, https:\/\/menagers-holding.fr\/wp-content\/uploads\/2025\/11\/IMG_2465-100x100.png 100w\" sizes=\"(max-width: 300px) 100vw, 300px\" \/><\/div>\n\t\t\t\t\t<div class=\"wc-block-grid__product-title\">Routeur solaire &#8211; myenergi &#8211; eddi<\/div>\n\t\t\t\t<\/a>\n\t\t\t\t<div class=\"wc-block-grid__product-price price\"><del aria-hidden=\"true\"><span class=\"woocommerce-Price-amount amount\">549,88&nbsp;<span class=\"woocommerce-Price-currencySymbol\">&euro;<\/span><\/span><\/del> <span class=\"screen-reader-text\">Le prix initial \u00e9tait\u00a0: 549,88&nbsp;&euro;.<\/span><ins aria-hidden=\"true\"><span class=\"woocommerce-Price-amount amount\">409,88&nbsp;<span class=\"woocommerce-Price-currencySymbol\">&euro;<\/span><\/span><\/ins><span class=\"screen-reader-text\">Le prix actuel est\u00a0: 409,88&nbsp;&euro;.<\/span><\/div>\n\t\t\t\t\n\t\t\t\t<div class=\"wp-block-button wc-block-grid__product-add-to-cart\"><a href=\"\/index.php?rest_route=%2Fwp%2Fv2%2Fpages%2F10&#038;add-to-cart=5102\" aria-label=\"Ajouter au panier\u00a0: &ldquo;Routeur solaire - myenergi - eddi&rdquo;\" data-quantity=\"1\" data-product_id=\"5102\" data-product_sku=\"\" data-price=\"409.88\" rel=\"nofollow\" class=\"wp-block-button__link  add_to_cart_button ajax_add_to_cart\">Ajouter au panier<\/a><\/div>\n\t\t\t<\/li><li class=\"wc-block-grid__product\">\n\t\t\t\t<a href=\"https:\/\/menagers-holding.fr\/?product=radiateur-electrique-a-inertie-seche-2000-w-sauter-sibayak-horizontal-blanc\" class=\"wc-block-grid__product-link\">\n\t\t\t\t\t<div class=\"wc-block-grid__product-onsale\">\n\t\t\t<span aria-hidden=\"true\">Promo<\/span>\n\t\t\t<span class=\"screen-reader-text\">Produit en promotion<\/span>\n\t\t<\/div>\n\t\t\t\t\t<div class=\"wc-block-grid__product-image\"><img decoding=\"async\" width=\"300\" height=\"300\" src=\"https:\/\/menagers-holding.fr\/wp-content\/uploads\/2024\/01\/seedream-4-2k_Rends_limage_du_pro-1-300x300.jpeg\" class=\"attachment-woocommerce_thumbnail size-woocommerce_thumbnail\" alt=\"Radiateur \u00e9lectrique \u00e0 inertie s\u00e8che 2000 W SAUTER Sibayak horizontal blanc\" srcset=\"https:\/\/menagers-holding.fr\/wp-content\/uploads\/2024\/01\/seedream-4-2k_Rends_limage_du_pro-1-300x300.jpeg 300w, https:\/\/menagers-holding.fr\/wp-content\/uploads\/2024\/01\/seedream-4-2k_Rends_limage_du_pro-1-1024x1024.jpeg 1024w, https:\/\/menagers-holding.fr\/wp-content\/uploads\/2024\/01\/seedream-4-2k_Rends_limage_du_pro-1-150x150.jpeg 150w, https:\/\/menagers-holding.fr\/wp-content\/uploads\/2024\/01\/seedream-4-2k_Rends_limage_du_pro-1-768x768.jpeg 768w, https:\/\/menagers-holding.fr\/wp-content\/uploads\/2024\/01\/seedream-4-2k_Rends_limage_du_pro-1-1536x1536.jpeg 1536w, https:\/\/menagers-holding.fr\/wp-content\/uploads\/2024\/01\/seedream-4-2k_Rends_limage_du_pro-1-600x600.jpeg 600w, https:\/\/menagers-holding.fr\/wp-content\/uploads\/2024\/01\/seedream-4-2k_Rends_limage_du_pro-1-100x100.jpeg 100w, https:\/\/menagers-holding.fr\/wp-content\/uploads\/2024\/01\/seedream-4-2k_Rends_limage_du_pro-1.jpeg 2048w\" sizes=\"(max-width: 300px) 100vw, 300px\" \/><\/div>\n\t\t\t\t\t<div class=\"wc-block-grid__product-title\">Radiateur \u00e9lectrique \u00e0 inertie s\u00e8che 2000 W SAUTER Sibayak horizontal blanc<\/div>\n\t\t\t\t<\/a>\n\t\t\t\t<div class=\"wc-block-grid__product-price price\"><del aria-hidden=\"true\"><span class=\"woocommerce-Price-amount amount\">409,99&nbsp;<span class=\"woocommerce-Price-currencySymbol\">&euro;<\/span><\/span><\/del> <span class=\"screen-reader-text\">Le prix initial \u00e9tait\u00a0: 409,99&nbsp;&euro;.<\/span><ins aria-hidden=\"true\"><span class=\"woocommerce-Price-amount amount\">309,99&nbsp;<span class=\"woocommerce-Price-currencySymbol\">&euro;<\/span><\/span><\/ins><span class=\"screen-reader-text\">Le prix actuel est\u00a0: 309,99&nbsp;&euro;.<\/span><\/div>\n\t\t\t\t\n\t\t\t\t<div class=\"wp-block-button wc-block-grid__product-add-to-cart\"><a href=\"\/index.php?rest_route=%2Fwp%2Fv2%2Fpages%2F10&#038;add-to-cart=4641\" aria-label=\"Ajouter au panier\u00a0: &ldquo;Radiateur \u00e9lectrique \u00e0 inertie s\u00e8che 2000 W SAUTER Sibayak horizontal blanc&rdquo;\" data-quantity=\"1\" data-product_id=\"4641\" data-product_sku=\"\" data-price=\"309.99\" rel=\"nofollow\" class=\"wp-block-button__link  add_to_cart_button ajax_add_to_cart\">Ajouter au panier<\/a><\/div>\n\t\t\t<\/li><li class=\"wc-block-grid__product\">\n\t\t\t\t<a href=\"https:\/\/menagers-holding.fr\/?product=machine-a-cafe-double-m102-animo-marque-animo-reference-ao10512\" class=\"wc-block-grid__product-link\">\n\t\t\t\t\t<div class=\"wc-block-grid__product-onsale\">\n\t\t\t<span aria-hidden=\"true\">Promo<\/span>\n\t\t\t<span class=\"screen-reader-text\">Produit en promotion<\/span>\n\t\t<\/div>\n\t\t\t\t\t<div class=\"wc-block-grid__product-image\"><img decoding=\"async\" width=\"300\" height=\"300\" src=\"https:\/\/menagers-holding.fr\/wp-content\/uploads\/2023\/12\/seedream-4-2k_Rends_limage_du_pro-1-300x300.jpeg\" class=\"attachment-woocommerce_thumbnail size-woocommerce_thumbnail\" alt=\"Machine \u00e0 Caf\u00e9 Double M102 - ANIMO Marque : ANIMO R\u00e9f\u00e9rence : AO10512\" srcset=\"https:\/\/menagers-holding.fr\/wp-content\/uploads\/2023\/12\/seedream-4-2k_Rends_limage_du_pro-1-300x300.jpeg 300w, https:\/\/menagers-holding.fr\/wp-content\/uploads\/2023\/12\/seedream-4-2k_Rends_limage_du_pro-1-1024x1024.jpeg 1024w, https:\/\/menagers-holding.fr\/wp-content\/uploads\/2023\/12\/seedream-4-2k_Rends_limage_du_pro-1-150x150.jpeg 150w, https:\/\/menagers-holding.fr\/wp-content\/uploads\/2023\/12\/seedream-4-2k_Rends_limage_du_pro-1-768x768.jpeg 768w, https:\/\/menagers-holding.fr\/wp-content\/uploads\/2023\/12\/seedream-4-2k_Rends_limage_du_pro-1-1536x1536.jpeg 1536w, https:\/\/menagers-holding.fr\/wp-content\/uploads\/2023\/12\/seedream-4-2k_Rends_limage_du_pro-1-600x600.jpeg 600w, https:\/\/menagers-holding.fr\/wp-content\/uploads\/2023\/12\/seedream-4-2k_Rends_limage_du_pro-1-100x100.jpeg 100w, https:\/\/menagers-holding.fr\/wp-content\/uploads\/2023\/12\/seedream-4-2k_Rends_limage_du_pro-1.jpeg 2048w\" sizes=\"(max-width: 300px) 100vw, 300px\" \/><\/div>\n\t\t\t\t\t<div class=\"wc-block-grid__product-title\">Machine \u00e0 Caf\u00e9 Double M102 &#8211; ANIMO Marque : ANIMO R\u00e9f\u00e9rence : AO10512<\/div>\n\t\t\t\t<\/a>\n\t\t\t\t<div class=\"wc-block-grid__product-price price\"><del aria-hidden=\"true\"><span class=\"woocommerce-Price-amount amount\">1345,98&nbsp;<span class=\"woocommerce-Price-currencySymbol\">&euro;<\/span><\/span><\/del> <span class=\"screen-reader-text\">Le prix initial \u00e9tait\u00a0: 1345,98&nbsp;&euro;.<\/span><ins aria-hidden=\"true\"><span class=\"woocommerce-Price-amount amount\">989,99&nbsp;<span class=\"woocommerce-Price-currencySymbol\">&euro;<\/span><\/span><\/ins><span class=\"screen-reader-text\">Le prix actuel est\u00a0: 989,99&nbsp;&euro;.<\/span><\/div>\n\t\t\t\t\n\t\t\t\t<div class=\"wp-block-button wc-block-grid__product-add-to-cart\"><a href=\"\/index.php?rest_route=%2Fwp%2Fv2%2Fpages%2F10&#038;add-to-cart=4619\" aria-label=\"Ajouter au panier\u00a0: &ldquo;Machine \u00e0 Caf\u00e9 Double M102 - ANIMO Marque : ANIMO R\u00e9f\u00e9rence : AO10512&rdquo;\" data-quantity=\"1\" data-product_id=\"4619\" data-product_sku=\"\" data-price=\"989.99\" rel=\"nofollow\" class=\"wp-block-button__link  add_to_cart_button ajax_add_to_cart\">Ajouter au panier<\/a><\/div>\n\t\t\t<\/li><li class=\"wc-block-grid__product\">\n\t\t\t\t<a href=\"https:\/\/menagers-holding.fr\/?product=shaker-electrique-n54-santos-marque-santos-reference-ss54n\" class=\"wc-block-grid__product-link\">\n\t\t\t\t\t<div class=\"wc-block-grid__product-onsale\">\n\t\t\t<span aria-hidden=\"true\">Promo<\/span>\n\t\t\t<span class=\"screen-reader-text\">Produit en promotion<\/span>\n\t\t<\/div>\n\t\t\t\t\t<div class=\"wc-block-grid__product-image\"><img loading=\"lazy\" decoding=\"async\" width=\"300\" height=\"300\" src=\"https:\/\/menagers-holding.fr\/wp-content\/uploads\/2023\/12\/seedream-4-2k_Rends_limage_du_pro-9-300x300.jpeg\" class=\"attachment-woocommerce_thumbnail size-woocommerce_thumbnail\" alt=\"Shaker Electrique N\u00b054 - Santos Marque : Santos R\u00e9f\u00e9rence : SS54N\" srcset=\"https:\/\/menagers-holding.fr\/wp-content\/uploads\/2023\/12\/seedream-4-2k_Rends_limage_du_pro-9-300x300.jpeg 300w, https:\/\/menagers-holding.fr\/wp-content\/uploads\/2023\/12\/seedream-4-2k_Rends_limage_du_pro-9-1024x1024.jpeg 1024w, https:\/\/menagers-holding.fr\/wp-content\/uploads\/2023\/12\/seedream-4-2k_Rends_limage_du_pro-9-150x150.jpeg 150w, https:\/\/menagers-holding.fr\/wp-content\/uploads\/2023\/12\/seedream-4-2k_Rends_limage_du_pro-9-768x768.jpeg 768w, https:\/\/menagers-holding.fr\/wp-content\/uploads\/2023\/12\/seedream-4-2k_Rends_limage_du_pro-9-1536x1536.jpeg 1536w, https:\/\/menagers-holding.fr\/wp-content\/uploads\/2023\/12\/seedream-4-2k_Rends_limage_du_pro-9-600x600.jpeg 600w, https:\/\/menagers-holding.fr\/wp-content\/uploads\/2023\/12\/seedream-4-2k_Rends_limage_du_pro-9-100x100.jpeg 100w, https:\/\/menagers-holding.fr\/wp-content\/uploads\/2023\/12\/seedream-4-2k_Rends_limage_du_pro-9.jpeg 2048w\" sizes=\"(max-width: 300px) 100vw, 300px\" \/><\/div>\n\t\t\t\t\t<div class=\"wc-block-grid__product-title\">Shaker Electrique N\u00b054 &#8211; Santos Marque : Santos R\u00e9f\u00e9rence : SS54N<\/div>\n\t\t\t\t<\/a>\n\t\t\t\t<div class=\"wc-block-grid__product-price price\"><del aria-hidden=\"true\"><span class=\"woocommerce-Price-amount amount\">599,99&nbsp;<span class=\"woocommerce-Price-currencySymbol\">&euro;<\/span><\/span><\/del> <span class=\"screen-reader-text\">Le prix initial \u00e9tait\u00a0: 599,99&nbsp;&euro;.<\/span><ins aria-hidden=\"true\"><span class=\"woocommerce-Price-amount amount\">389,99&nbsp;<span class=\"woocommerce-Price-currencySymbol\">&euro;<\/span><\/span><\/ins><span class=\"screen-reader-text\">Le prix actuel est\u00a0: 389,99&nbsp;&euro;.<\/span><\/div>\n\t\t\t\t\n\t\t\t\t<div class=\"wp-block-button wc-block-grid__product-add-to-cart\"><a href=\"\/index.php?rest_route=%2Fwp%2Fv2%2Fpages%2F10&#038;add-to-cart=4616\" aria-label=\"Ajouter au panier\u00a0: &ldquo;Shaker Electrique N\u00b054 - Santos Marque : Santos R\u00e9f\u00e9rence : SS54N&rdquo;\" data-quantity=\"1\" data-product_id=\"4616\" data-product_sku=\"\" data-price=\"389.99\" rel=\"nofollow\" class=\"wp-block-button__link  add_to_cart_button ajax_add_to_cart\">Ajouter au panier<\/a><\/div>\n\t\t\t<\/li><\/ul><\/div><\/div>\n<\/div>\n","protected":false},"excerpt":{"rendered":"","protected":false},"author":1,"featured_media":0,"parent":0,"menu_order":0,"comment_status":"closed","ping_status":"closed","template":"","meta":{"footnotes":""},"class_list":{"1":"page","2":"type-page","3":"status-publish","4":"hentry"},"_links":{"self":[{"href":"https:\/\/menagers-holding.fr\/index.php?rest_route=\/wp\/v2\/pages\/10","targetHints":{"allow":["GET"]}}],"collection":[{"href":"https:\/\/menagers-holding.fr\/index.php?rest_route=\/wp\/v2\/pages"}],"about":[{"href":"https:\/\/menagers-holding.fr\/index.php?rest_route=\/wp\/v2\/types\/page"}],"author":[{"embeddable":true,"href":"https:\/\/menagers-holding.fr\/index.php?rest_route=\/wp\/v2\/users\/1"}],"replies":[{"embeddable":true,"href":"https:\/\/menagers-holding.fr\/index.php?rest_route=%2Fwp%2Fv2%2Fcomments&post=10"}],"version-history":[{"count":0,"href":"https:\/\/menagers-holding.fr\/index.php?rest_route=\/wp\/v2\/pages\/10\/revisions"}],"wp:attachment":[{"href":"https:\/\/menagers-holding.fr\/index.php?rest_route=%2Fwp%2Fv2%2Fmedia&parent=10"}],"curies":[{"name":"wp","href":"https:\/\/api.w.org\/{rel}","templated":true}]}}